{"id":145,"date":"2020-06-10T08:42:38","date_gmt":"2020-06-10T08:42:38","guid":{"rendered":"http:\/\/www.agrolex.cz\/?page_id=145"},"modified":"2020-08-10T13:29:29","modified_gmt":"2020-08-10T13:29:29","slug":"psi","status":"publish","type":"page","link":"https:\/\/www.agrolex.cz\/?page_id=145","title":{"rendered":"Psi"},"content":{"rendered":"\n<div class=\"wp-block-cover has-background-dim\" style=\"background-image:url(http:\/\/www.agrolex.cz\/wp-content\/uploads\/2020\/06\/fetch-4957501_1920.jpg)\"><div class=\"wp-block-cover__inner-container\">\n<p class=\"has-text-align-center has-large-font-size\">Jak spr\u00e1vn\u011b nakrmit psa?<\/p>\n<\/div><\/div>\n\n\n\n<p><a href=\"https:\/\/www.agrolex.cz\/?product_cat=psi\">V\u00fdrobky pro psy v e-shopu<\/a> <\/p>\n\n\n\n<ol type=\"A\"><li><strong>Krmiva a krmn\u00e9 sm\u011bsi<\/strong> &#8211; ka\u017edodenn\u00ed d\u00e1vka krmiva<\/li><li><strong>Krmn\u00e9 p\u0159\u00edsady<\/strong> &#8211; vitamino-miner\u00e1ln\u00ed dopl\u0148ky jako p\u0159\u00eddavky zejm\u00e9na do doma p\u0159ipraven\u00e9ho krmiva<\/li><li><strong>Speci\u00e1ln\u00ed dopl\u0148ky<\/strong><\/li><\/ol>\n\n\n\n<p>Porad\u00edme v\u00e1m s&nbsp;v\u00fd\u017eivou ko\u0148\u016f, ps\u016f, ko\u010dek a dal\u0161\u00edch va\u0161ich mazl\u00ed\u010dk\u016f, ale i s&nbsp;v\u00fd\u017eivou hospod\u00e1\u0159sk\u00fdch zv\u00ed\u0159at, dr\u016fbe\u017ee nebo lovn\u00e9 a sp\u00e1rkat\u00e9 zv\u011b\u0159e.<\/p>\n\n\n\n<p><strong>1) Krmivo = z\u00e1klad<\/strong><\/p>\n\n\n\n<p><strong>Zabezpe\u010duj\u00ed&nbsp;<u>denn\u00ed p\u0159\u00edjem&nbsp;<\/u>z\u00e1kladn\u00ed pot\u0159eby \u017eivin p\u0159i spr\u00e1vn\u00e9m d\u00e1vkov\u00e1n\u00ed a pou\u017eit\u00ed vhodn\u00e9ho krmiva.<\/strong>&nbsp;Mohou b\u00fdt ve form\u011b sypk\u00e9, granulovan\u00e9 nebo extrudovan\u00e9. Hlavn\u00ed \u00falohu nehraje pouze obsah \u017eivin v&nbsp;krmivu, kter\u00fd rozhoduje v&nbsp;jak\u00e9m obdob\u00ed je krmivo vhodn\u00e9 pou\u017e\u00edt. Sv\u016fj podstatn\u00fd v\u00fdznam m\u00e1j\u00ed tak\u00e9 fyzik\u00e1ln\u00ed (nap\u0159. velikost \u010d\u00e1stic nebo forma \u00fapravy) a chemick\u00e9 vlastnost krmiva, kter\u00e9 ovliv\u0148uj\u00ed jeho p\u0159\u00edjem, chutnost a dobrou stravitelnost.<\/p>\n\n\n\n<p>P\u0159i n\u00e1kupu v&nbsp;kamenn\u00e9m obchodu je v\u00fdb\u011br v\u00fdrobk\u016f omezen kapacitou prostoru, v&nbsp;e-shopu, kde je nep\u0159ebern\u00e9 mno\u017estv\u00ed v\u00fdrobk\u016f a t\u011b\u017ek\u00e1 orientace v&nbsp;nich, zase hroz\u00ed spot\u0159ebitel\u016fm volba nespr\u00e1vn\u00e9ho v\u00fdrobku. Orientovat se je slo\u017eit\u00e9.<\/p>\n\n\n\n<p>My v\u00e1m se spr\u00e1vnou volbou pom\u016f\u017eeme. Na\u0161e spole\u010dnost nab\u00edz\u00ed prodej v\u00fdrobk\u016f podpo\u0159en\u00fd mo\u017enost\u00ed konzultace on line, e-mailem, telefonicky nebo osobn\u011b. Nab\u00edz\u00edme mo\u017enost n\u00e1v\u0161t\u011bvy ve va\u0161em chovu a konzultace na m\u00edst\u011b ve vztahu k&nbsp;m\u00edstn\u00edm podm\u00ednk\u00e1m.<\/p>\n\n\n\n<p>2)<strong>&nbsp;Krmn\u00e1 p\u0159\u00edsada = nadstavba<\/strong><\/p>\n\n\n\n<p><strong>V&nbsp;\u017eivot\u011b zv\u00ed\u0159at se vyskytuj\u00ed situace a obdob\u00ed, kdy je nutno zv\u00fd\u0161it p\u0159\u00eddavek vitam\u00edn\u016f, miner\u00e1ln\u00edch l\u00e1tek, aminokyselin a dal\u0161\u00edch specificky \u00fa\u010dinn\u00fdch l\u00e1tek.&nbsp;<\/strong>Zejm\u00e9na v&nbsp;obdob\u00ed intenzivn\u00edho r\u016fstu, v&nbsp;reprodukci, p\u0159i z\u00e1t\u011b\u017ei a p\u0159i r\u016fzn\u00fdch stresov\u00fdch stavech. Ka\u017ed\u00fd druh zv\u00ed\u0159at m\u00e1 sv\u00e9 specifick\u00e9 po\u017eadavky. Vyu\u017eijte proto filtr v\u00fdrobk\u016f dle druhu zv\u00ed\u0159at.<\/p>\n\n\n\n<p>Tyto krmn\u00e9 p\u0159\u00edsady \u2013 nadstavba, jak je m\u016f\u017eeme jednodu\u0161e nazvat, se mohou nach\u00e1zet v&nbsp;sypk\u00e9, mikro-granulovan\u00e9 \u010di vodorozpustn\u00e9 form\u011b a obvykle se p\u0159id\u00e1vaj\u00ed p\u0159\u00edmo do krmiva nebo do vody. Jsou ur\u010deny pro pravideln\u00e9 dlouhodob\u00e9 pou\u017eit\u00ed, ale neznamen\u00e1 to, \u017ee se mus\u00ed d\u00e1vkovat ka\u017ed\u00fd den.<\/p>\n\n\n\n<p><strong>Krmn\u00e9 p\u0159\u00edsady slou\u017e\u00ed k&nbsp;vyv\u00e1\u017een\u00ed \u017eivin v&nbsp;obdob\u00ed jejich zv\u00fd\u0161en\u00e9 pot\u0159eby.&nbsp;<\/strong>To je zejm\u00e9na p\u0159i intensivn\u00edm r\u016fstu mlad\u00fdch zv\u00ed\u0159at, aby do\u0161lo k&nbsp;dobr\u00e9mu v\u00fdvoji kostry a svaloviny. Z\u00e1rove\u0148 slou\u017e\u00ed k&nbsp;podpo\u0159e dobr\u00e9ho zdrav\u00ed a jejich pou\u017eit\u00ed je z\u00e1kladem pro dlouhov\u011bkost, n\u00edzkou nemocnost a obecn\u011b dobrou kondici zv\u00ed\u0159at. Pozitivn\u011b ovliv\u0148uj\u00ed pr\u016fb\u011bh b\u0159ezosti a nepostradateln\u00e9 jsou tak\u00e9 v&nbsp;obdob\u00ed kojen\u00ed a odchovu ml\u00e1\u010fat.<\/p>\n\n\n\n<p><strong>3) Speci\u00e1ln\u00ed dopl\u0148ky<\/strong><\/p>\n\n\n\n<p><strong>Jsou ur\u010deny pro&nbsp;<u>kr\u00e1tkodob\u00e9 pou\u017eit\u00ed<\/u>&nbsp;a p\u0159id\u00e1vaj\u00ed se i pro speci\u00e1ln\u00ed \u00fa\u010dely.&nbsp;<\/strong>Slou\u017e\u00ed k&nbsp;podpo\u0159e dobr\u00e9ho zdravotn\u00edho stavu a omezuj\u00ed v\u00fdskyt poruch zdrav\u00ed, p\u0159\u00edpadn\u011b p\u0159i onemocn\u011bn\u00ed. P\u0159isp\u00edvaj\u00ed ke&nbsp;zv\u00fd\u0161en\u00ed imunity a podporuj\u00ed vysok\u00fd v\u00fdkon.<\/p>\n","protected":false},"excerpt":{"rendered":"<p>V\u00fdrobky pro psy v e-shopu Krmiva a krmn\u00e9 sm\u011bsi &#8211; ka\u017edodenn\u00ed d\u00e1vka krmiva Krmn\u00e9 p\u0159\u00edsady &#8211; vitamino-miner\u00e1ln\u00ed dopl\u0148ky jako p\u0159\u00eddavky zejm\u00e9na do doma p\u0159ipraven\u00e9ho krmiva Speci\u00e1ln\u00ed dopl\u0148ky Porad\u00edme v\u00e1m s&nbsp;v\u00fd\u017eivou ko\u0148\u016f, ps\u016f, ko\u010dek a dal\u0161\u00edch va\u0161ich mazl\u00ed\u010dk\u016f, ale i s&nbsp;v\u00fd\u017eivou hospod\u00e1\u0159sk\u00fdch zv\u00ed\u0159at, dr\u016fbe\u017ee nebo lovn\u00e9 a sp\u00e1rkat\u00e9 zv\u011b\u0159e. 1) Krmivo = z\u00e1klad Zabezpe\u010duj\u00ed&nbsp;denn\u00ed p\u0159\u00edjem&nbsp;z\u00e1kladn\u00ed pot\u0159eby [&hellip;]<\/p>\n","protected":false},"author":1,"featured_media":0,"parent":0,"menu_order":0,"comment_status":"closed","ping_status":"closed","template":"","meta":[],"_links":{"self":[{"href":"https:\/\/www.agrolex.cz\/index.php?rest_route=\/wp\/v2\/pages\/145"}],"collection":[{"href":"https:\/\/www.agrolex.cz\/index.php?rest_route=\/wp\/v2\/pages"}],"about":[{"href":"https:\/\/www.agrolex.cz\/index.php?rest_route=\/wp\/v2\/types\/page"}],"author":[{"embeddable":true,"href":"https:\/\/www.agrolex.cz\/index.php?rest_route=\/wp\/v2\/users\/1"}],"replies":[{"embeddable":true,"href":"https:\/\/www.agrolex.cz\/index.php?rest_route=%2Fwp%2Fv2%2Fcomments&post=145"}],"version-history":[{"count":10,"href":"https:\/\/www.agrolex.cz\/index.php?rest_route=\/wp\/v2\/pages\/145\/revisions"}],"predecessor-version":[{"id":442,"href":"https:\/\/www.agrolex.cz\/index.php?rest_route=\/wp\/v2\/pages\/145\/revisions\/442"}],"wp:attachment":[{"href":"https:\/\/www.agrolex.cz\/index.php?rest_route=%2Fwp%2Fv2%2Fmedia&parent=145"}],"curies":[{"name":"wp","href":"https:\/\/api.w.org\/{rel}","templated":true}]}}