{"id":15,"date":"2020-05-13T11:58:42","date_gmt":"2020-05-13T11:58:42","guid":{"rendered":"http:\/\/www.agrolex.cz\/?page_id=15"},"modified":"2020-10-14T09:55:03","modified_gmt":"2020-10-14T09:55:03","slug":"o-nas","status":"publish","type":"page","link":"https:\/\/www.agrolex.cz\/?page_id=15","title":{"rendered":"O n\u00e1s"},"content":{"rendered":"\n<p>Zdrav\u00ed, pohoda a spokojenost va\u0161ich \u010dty\u0159noh\u00fdch kamar\u00e1d\u016f, mal\u00fdch nebo velk\u00fdch, je pro v\u00e1s ur\u010dit\u011b na prvn\u00edm m\u00edst\u011b. Proto pro jsme pro v\u00e1s p\u0159ipravili nab\u00eddku \u0161irok\u00e9ho sortiment produkt\u016f, v\u010detn\u011b konzultac\u00ed k&nbsp;jejich spr\u00e1vn\u00e9mu pou\u017eit\u00ed. Jedn\u00e1 se o t\u0159i \u00farovn\u011b pot\u0159eb \u017eivin, vych\u00e1zej\u00edc\u00ed ze stavebnicov\u00e9ho syst\u00e9mu: z\u00e1klad, nadstavba a speci\u00e1ln\u00ed p\u0159\u00eddavky pro n\u011bkter\u00e9 obdob\u00ed a situace.<\/p>\n\n\n\n<p>V\u0161echny produkty v&nbsp;na\u0161\u00ed nab\u00eddce jsou vyr\u00e1b\u011bny z&nbsp;prov\u011b\u0159en\u00fdch kvalitn\u00edch surovin a jejich funk\u010dnost je ov\u011b\u0159ena dlouholetou zku\u0161enost\u00ed mnoha p\u0159edn\u00edch chovatel\u016f a veterin\u00e1\u0159\u016f.<\/p>\n\n\n\n<p>Porad\u00edme v\u00e1m s&nbsp;v\u00fd\u017eivou ko\u0148\u016f, ps\u016f, ko\u010dek a dal\u0161\u00edch va\u0161ich mazl\u00ed\u010dk\u016f, ale i s&nbsp;v\u00fd\u017eivou hospod\u00e1\u0159sk\u00fdch zv\u00ed\u0159at, dr\u016fbe\u017ee nebo lovn\u00e9 a sp\u00e1rkat\u00e9 zv\u011b\u0159e.<\/p>\n\n\n\n<p><strong>P\u0159\u00edklady pro jednotliv\u00e9 druhy zv\u00ed\u0159at naleznete v&nbsp;sekci <a href=\"https:\/\/www.agrolex.cz\/?page_id=125\">Produkty a slu\u017eby.<\/a><\/strong><\/p>\n\n\n\n<p>Na\u0161\u00ed snahou je nab\u00eddnout v\u00e1m ty nejkvalitn\u011bj\u0161\u00ed produkty p\u0159ev\u00e1\u017en\u011b od \u010desk\u00fdch v\u00fdrobc\u016f a poradit v\u00e1m, co je vhodn\u00e9 pr\u00e1v\u011b pro v\u00e1\u0161 chov nebo va\u0161e zv\u00ed\u0159e \u010di dom\u00e1c\u00edho \u201emazl\u00edka\u201c. Porad\u00edme v\u00e1m efektivn\u00ed kombinaci r\u016fzn\u00fdch produkt\u016f. Na\u0161\u00edm c\u00edlem je optimalizovat n\u00e1klady nap\u0159. na jeden krmn\u00fd den p\u0159i zachov\u00e1n\u00ed optim\u00e1ln\u00edch pot\u0159eb \u017eivin a z\u00e1rove\u0148 podpo\u0159it dobr\u00fd zdravotn\u00ed stav. Spr\u00e1vn\u00e1 v\u00fd\u017eiva znamen\u00e1 minimum n\u00e1klad\u016f na l\u00e9\u010den\u00ed.<\/p>\n\n\n\n<p>Krom\u011b jin\u00e9ho spole\u010dnost, pod hlavi\u010dkou\u00a0<a href=\"http:\/\/www.agltravel.cz\/\">CK AGL travel<\/a>, po\u0159\u00e1d\u00e1 klasick\u00e9 pobytov\u00e9 a pozn\u00e1vac\u00ed z\u00e1jezdy pro jednotlivce, incentivn\u00ed z\u00e1jezdy pro firmy na m\u00edru a tak\u00e9\u00a0<a href=\"http:\/\/www.agltravel.com\/\">p\u0159\u00edjezdovou turistiku<\/a>.<\/p>\n\n\n\n<p><a href=\"http:\/\/www.agltravel.cz\"><img decoding=\"async\" loading=\"lazy\" width=\"140\" height=\"140\" class=\"wp-image-681\" style=\"width: 140px;\" src=\"http:\/\/www.agrolex.cz\/wp-content\/uploads\/2020\/10\/AGLtravel_LOGO_140x140.jpg\" alt=\"logo AGL travel\" srcset=\"https:\/\/www.agrolex.cz\/wp-content\/uploads\/2020\/10\/AGLtravel_LOGO_140x140.jpg 140w, https:\/\/www.agrolex.cz\/wp-content\/uploads\/2020\/10\/AGLtravel_LOGO_140x140-1x1.jpg 1w, https:\/\/www.agrolex.cz\/wp-content\/uploads\/2020\/10\/AGLtravel_LOGO_140x140-100x100.jpg 100w\" sizes=\"(max-width: 140px) 100vw, 140px\" \/><\/a><\/p>\n","protected":false},"excerpt":{"rendered":"<p>Zdrav\u00ed, pohoda a spokojenost va\u0161ich \u010dty\u0159noh\u00fdch kamar\u00e1d\u016f, mal\u00fdch nebo velk\u00fdch, je pro v\u00e1s ur\u010dit\u011b na prvn\u00edm m\u00edst\u011b. Proto pro jsme pro v\u00e1s p\u0159ipravili nab\u00eddku \u0161irok\u00e9ho sortiment produkt\u016f, v\u010detn\u011b konzultac\u00ed k&nbsp;jejich spr\u00e1vn\u00e9mu pou\u017eit\u00ed. Jedn\u00e1 se o t\u0159i \u00farovn\u011b pot\u0159eb \u017eivin, vych\u00e1zej\u00edc\u00ed ze stavebnicov\u00e9ho syst\u00e9mu: z\u00e1klad, nadstavba a speci\u00e1ln\u00ed p\u0159\u00eddavky pro n\u011bkter\u00e9 obdob\u00ed a situace. V\u0161echny produkty [&hellip;]<\/p>\n","protected":false},"author":1,"featured_media":0,"parent":0,"menu_order":0,"comment_status":"closed","ping_status":"closed","template":"","meta":[],"_links":{"self":[{"href":"https:\/\/www.agrolex.cz\/index.php?rest_route=\/wp\/v2\/pages\/15"}],"collection":[{"href":"https:\/\/www.agrolex.cz\/index.php?rest_route=\/wp\/v2\/pages"}],"about":[{"href":"https:\/\/www.agrolex.cz\/index.php?rest_route=\/wp\/v2\/types\/page"}],"author":[{"embeddable":true,"href":"https:\/\/www.agrolex.cz\/index.php?rest_route=\/wp\/v2\/users\/1"}],"replies":[{"embeddable":true,"href":"https:\/\/www.agrolex.cz\/index.php?rest_route=%2Fwp%2Fv2%2Fcomments&post=15"}],"version-history":[{"count":9,"href":"https:\/\/www.agrolex.cz\/index.php?rest_route=\/wp\/v2\/pages\/15\/revisions"}],"predecessor-version":[{"id":682,"href":"https:\/\/www.agrolex.cz\/index.php?rest_route=\/wp\/v2\/pages\/15\/revisions\/682"}],"wp:attachment":[{"href":"https:\/\/www.agrolex.cz\/index.php?rest_route=%2Fwp%2Fv2%2Fmedia&parent=15"}],"curies":[{"name":"wp","href":"https:\/\/api.w.org\/{rel}","templated":true}]}}