{"id":50,"date":"2020-05-13T19:43:08","date_gmt":"2020-05-13T19:43:08","guid":{"rendered":"https:\/\/www.agrolex.cz\/?page_id=50"},"modified":"2023-01-02T13:20:55","modified_gmt":"2023-01-02T13:20:55","slug":"domovska-stranka","status":"publish","type":"page","link":"https:\/\/www.agrolex.cz\/","title":{"rendered":"V\u00fdrobky pro r\u016fzn\u00e9 druhy zv\u00ed\u0159at"},"content":{"rendered":"\n<h2 class=\"wp-block-heading\">Krmiva, vitaminy, miner\u00e1ly, premixy, sm\u011bsi&#8230;<\/h2>\n\n\n\n<div class=\"wp-block-media-text alignwide\"><figure class=\"wp-block-media-text__media\"><img decoding=\"async\" loading=\"lazy\" width=\"1024\" height=\"672\" src=\"http:\/\/www.agrolex.cz\/wp-content\/uploads\/2020\/05\/kun-1024x672.jpg\" alt=\"\" class=\"wp-image-58\" srcset=\"https:\/\/www.agrolex.cz\/wp-content\/uploads\/2020\/05\/kun-1024x672.jpg 1024w, https:\/\/www.agrolex.cz\/wp-content\/uploads\/2020\/05\/kun-300x197.jpg 300w, https:\/\/www.agrolex.cz\/wp-content\/uploads\/2020\/05\/kun-768x504.jpg 768w, https:\/\/www.agrolex.cz\/wp-content\/uploads\/2020\/05\/kun-450x295.jpg 450w, https:\/\/www.agrolex.cz\/wp-content\/uploads\/2020\/05\/kun.jpg 1280w\" sizes=\"(max-width: 1024px) 100vw, 1024px\" \/><\/figure><div class=\"wp-block-media-text__content\">\n<p class=\"has-large-font-size\"><a href=\"https:\/\/www.agrolex.cz\/?page_id=161\">Kon\u011b<\/a><\/p>\n\n\n\n<p>Produkty pro kon\u011b &#8211; krmiva, vitam\u00edny pro denn\u00ed pou\u017e\u00edv\u00e1n\u00ed, funk\u010dn\u00ed pasty nebo pamlsky..<\/p>\n<\/div><\/div>\n\n\n\n<div class=\"wp-block-media-text alignwide has-media-on-the-right\"><figure class=\"wp-block-media-text__media\"><img decoding=\"async\" loading=\"lazy\" width=\"1024\" height=\"729\" src=\"http:\/\/www.agrolex.cz\/wp-content\/uploads\/2020\/05\/pes-a-kocka-1024x729.jpg\" alt=\"\" class=\"wp-image-59\" srcset=\"https:\/\/www.agrolex.cz\/wp-content\/uploads\/2020\/05\/pes-a-kocka-1024x729.jpg 1024w, https:\/\/www.agrolex.cz\/wp-content\/uploads\/2020\/05\/pes-a-kocka-300x214.jpg 300w, https:\/\/www.agrolex.cz\/wp-content\/uploads\/2020\/05\/pes-a-kocka-768x547.jpg 768w, https:\/\/www.agrolex.cz\/wp-content\/uploads\/2020\/05\/pes-a-kocka-450x320.jpg 450w, https:\/\/www.agrolex.cz\/wp-content\/uploads\/2020\/05\/pes-a-kocka.jpg 1280w\" sizes=\"(max-width: 1024px) 100vw, 1024px\" \/><\/figure><div class=\"wp-block-media-text__content\">\n<p class=\"has-large-font-size\"><a href=\"https:\/\/www.agrolex.cz\/?page_id=145\">Psi <\/a>a <a href=\"https:\/\/www.agrolex.cz\/?page_id=157\">ko\u010dky<\/a><\/p>\n\n\n\n<p>V\u00fdrobky pro ka\u017edodenn\u00ed p\u00e9\u010di, mo\u010dov\u00fd apar\u00e1t, pohybov\u00fd apar\u00e1t, srst a poko\u017eku nebo tr\u00e1ven\u00ed a imunitu..<\/p>\n<\/div><\/div>\n\n\n\n<div class=\"wp-block-media-text alignwide\"><figure class=\"wp-block-media-text__media\"><img decoding=\"async\" loading=\"lazy\" width=\"1024\" height=\"678\" src=\"http:\/\/www.agrolex.cz\/wp-content\/uploads\/2020\/06\/prase-1024x678.jpg\" alt=\"prase\" class=\"wp-image-132\" srcset=\"https:\/\/www.agrolex.cz\/wp-content\/uploads\/2020\/06\/prase-1024x678.jpg 1024w, https:\/\/www.agrolex.cz\/wp-content\/uploads\/2020\/06\/prase-300x199.jpg 300w, https:\/\/www.agrolex.cz\/wp-content\/uploads\/2020\/06\/prase-768x509.jpg 768w, https:\/\/www.agrolex.cz\/wp-content\/uploads\/2020\/06\/prase-1x1.jpg 1w, https:\/\/www.agrolex.cz\/wp-content\/uploads\/2020\/06\/prase-450x298.jpg 450w, https:\/\/www.agrolex.cz\/wp-content\/uploads\/2020\/06\/prase.jpg 1280w\" sizes=\"(max-width: 1024px) 100vw, 1024px\" \/><\/figure><div class=\"wp-block-media-text__content\">\n<p class=\"has-large-font-size\">Velk\u00e1 zv\u00ed\u0159ata<\/p>\n\n\n\n<p>V\u00fdrobky pro prasata, skot, dr\u016fbe\u017e a dal\u0161\u00ed zv\u00ed\u0159ata: kr\u00e1l\u00edci, ko\u017ee\u0161inov\u00e1 zv\u00ed\u0159ata, mufloni, da\u0148ci, jeleni, ba\u017eanti, koroptve&#8230;<\/p>\n<\/div><\/div>\n\n\n\n<hr class=\"wp-block-separator\"\/>\n\n\n\n<h2 class=\"has-text-align-center wp-block-heading\">Nov\u011b p\u0159idan\u00e9 produkty<\/h2>\n\n\n<div class=\"wc-block-grid wp-block-product-new wc-block-product-new has-3-columns\"><ul class=\"wc-block-grid__products\"><li class=\"wc-block-grid__product\">\n\t\t\t\t<a href=\"https:\/\/www.agrolex.cz\/?product=agrolex-top-pohyb\" class=\"wc-block-grid__product-link\">\n\t\t\t\t\t<div class=\"wc-block-grid__product-image\"><img width=\"300\" height=\"300\" src=\"https:\/\/www.agrolex.cz\/wp-content\/uploads\/2025\/12\/POHYB-300x300.jpg\" class=\"attachment-woocommerce_thumbnail size-woocommerce_thumbnail\" alt=\"Agrolex TOP POHYB\" decoding=\"async\" loading=\"lazy\" srcset=\"https:\/\/www.agrolex.cz\/wp-content\/uploads\/2025\/12\/POHYB-300x300.jpg 300w, https:\/\/www.agrolex.cz\/wp-content\/uploads\/2025\/12\/POHYB-150x150.jpg 150w, https:\/\/www.agrolex.cz\/wp-content\/uploads\/2025\/12\/POHYB-1x1.jpg 1w, https:\/\/www.agrolex.cz\/wp-content\/uploads\/2025\/12\/POHYB-100x100.jpg 100w\" sizes=\"(max-width: 300px) 100vw, 300px\" \/><\/div>\n\t\t\t\t\t<div class=\"wc-block-grid__product-title\">Agrolex TOP POHYB<\/div>\n\t\t\t\t<\/a>\n\t\t\t\t\n\t\t\t\t<div class=\"wc-block-grid__product-price price\"><span class=\"woocommerce-Price-amount amount\">195&nbsp;<span class=\"woocommerce-Price-currencySymbol\">&#75;&#269;<\/span><\/span> &ndash; <span class=\"woocommerce-Price-amount amount\">1 090&nbsp;<span class=\"woocommerce-Price-currencySymbol\">&#75;&#269;<\/span><\/span><\/div>\n\t\t\t\t\n\t\t\t\t<div class=\"wp-block-button wc-block-grid__product-add-to-cart\"><a href=\"https:\/\/www.agrolex.cz\/?product=agrolex-top-pohyb\" aria-label=\"Vyberte nastaven\u00ed pro &ldquo;Agrolex TOP POHYB&rdquo;\" data-quantity=\"1\" data-product_id=\"1044\" data-product_sku=\"\" rel=\"nofollow\" class=\"wp-block-button__link add_to_cart_button\">V\u00fdb\u011br mo\u017enost\u00ed<\/a><\/div>\n\t\t\t<\/li><li class=\"wc-block-grid__product\">\n\t\t\t\t<a href=\"https:\/\/www.agrolex.cz\/?product=granulovane-krmivo-pro-kone-top-junior-start\" class=\"wc-block-grid__product-link\">\n\t\t\t\t\t<div class=\"wc-block-grid__product-image\"><img width=\"300\" height=\"300\" src=\"https:\/\/www.agrolex.cz\/wp-content\/uploads\/2025\/07\/DKS-TOP-JUNIOR-START-kun-NEW-300x300.jpg\" class=\"attachment-woocommerce_thumbnail size-woocommerce_thumbnail\" alt=\"TOP JUNIOR START\" decoding=\"async\" loading=\"lazy\" srcset=\"https:\/\/www.agrolex.cz\/wp-content\/uploads\/2025\/07\/DKS-TOP-JUNIOR-START-kun-NEW-300x300.jpg 300w, https:\/\/www.agrolex.cz\/wp-content\/uploads\/2025\/07\/DKS-TOP-JUNIOR-START-kun-NEW-150x150.jpg 150w, https:\/\/www.agrolex.cz\/wp-content\/uploads\/2025\/07\/DKS-TOP-JUNIOR-START-kun-NEW-1x1.jpg 1w, https:\/\/www.agrolex.cz\/wp-content\/uploads\/2025\/07\/DKS-TOP-JUNIOR-START-kun-NEW-100x100.jpg 100w\" sizes=\"(max-width: 300px) 100vw, 300px\" \/><\/div>\n\t\t\t\t\t<div class=\"wc-block-grid__product-title\">Granulovan\u00e9 krmivo pro kon\u011b TOP JUNIOR START<\/div>\n\t\t\t\t<\/a>\n\t\t\t\t\n\t\t\t\t<div class=\"wc-block-grid__product-price price\"><span class=\"woocommerce-Price-amount amount\">625&nbsp;<span class=\"woocommerce-Price-currencySymbol\">&#75;&#269;<\/span><\/span><\/div>\n\t\t\t\t\n\t\t\t\t<div class=\"wp-block-button wc-block-grid__product-add-to-cart\"><a href=\"?add-to-cart=1032\" aria-label=\"P\u0159idat &ldquo;Granulovan\u00e9 krmivo pro kon\u011b TOP JUNIOR START&rdquo; do ko\u0161\u00edku\" data-quantity=\"1\" data-product_id=\"1032\" data-product_sku=\"\" rel=\"nofollow\" class=\"wp-block-button__link add_to_cart_button ajax_add_to_cart\">P\u0159idat do ko\u0161\u00edku<\/a><\/div>\n\t\t\t<\/li><li class=\"wc-block-grid__product\">\n\t\t\t\t<a href=\"https:\/\/www.agrolex.cz\/?product=granulovane-krmivo-pro-kone-mash-top-premium\" class=\"wc-block-grid__product-link\">\n\t\t\t\t\t<div class=\"wc-block-grid__product-image\"><img width=\"300\" height=\"300\" src=\"https:\/\/www.agrolex.cz\/wp-content\/uploads\/2025\/07\/DKS-MASH-TOP-PREMIUM-300x300.jpg\" class=\"attachment-woocommerce_thumbnail size-woocommerce_thumbnail\" alt=\"MASH TOP PREMIUM\" decoding=\"async\" loading=\"lazy\" srcset=\"https:\/\/www.agrolex.cz\/wp-content\/uploads\/2025\/07\/DKS-MASH-TOP-PREMIUM-300x300.jpg 300w, https:\/\/www.agrolex.cz\/wp-content\/uploads\/2025\/07\/DKS-MASH-TOP-PREMIUM-150x150.jpg 150w, https:\/\/www.agrolex.cz\/wp-content\/uploads\/2025\/07\/DKS-MASH-TOP-PREMIUM-1x1.jpg 1w, https:\/\/www.agrolex.cz\/wp-content\/uploads\/2025\/07\/DKS-MASH-TOP-PREMIUM-100x100.jpg 100w\" sizes=\"(max-width: 300px) 100vw, 300px\" \/><\/div>\n\t\t\t\t\t<div class=\"wc-block-grid__product-title\">Granulovan\u00e9 krmivo pro kon\u011b MASH TOP PREMIUM<\/div>\n\t\t\t\t<\/a>\n\t\t\t\t\n\t\t\t\t<div class=\"wc-block-grid__product-price price\"><span class=\"woocommerce-Price-amount amount\">635&nbsp;<span class=\"woocommerce-Price-currencySymbol\">&#75;&#269;<\/span><\/span><\/div>\n\t\t\t\t\n\t\t\t\t<div class=\"wp-block-button wc-block-grid__product-add-to-cart\"><a href=\"?add-to-cart=1026\" aria-label=\"P\u0159idat &ldquo;Granulovan\u00e9 krmivo pro kon\u011b MASH TOP PREMIUM&rdquo; do ko\u0161\u00edku\" data-quantity=\"1\" data-product_id=\"1026\" data-product_sku=\"\" rel=\"nofollow\" class=\"wp-block-button__link add_to_cart_button ajax_add_to_cart\">P\u0159idat do ko\u0161\u00edku<\/a><\/div>\n\t\t\t<\/li><\/ul><\/div>\n\n\n<p><\/p>\n","protected":false},"excerpt":{"rendered":"<p>Krmiva, vitaminy, miner\u00e1ly, premixy, sm\u011bsi&#8230; Kon\u011b Produkty pro kon\u011b &#8211; krmiva, vitam\u00edny pro denn\u00ed pou\u017e\u00edv\u00e1n\u00ed, funk\u010dn\u00ed pasty nebo pamlsky.. Psi a ko\u010dky V\u00fdrobky pro ka\u017edodenn\u00ed p\u00e9\u010di, mo\u010dov\u00fd apar\u00e1t, pohybov\u00fd apar\u00e1t, srst a poko\u017eku nebo tr\u00e1ven\u00ed a imunitu.. Velk\u00e1 zv\u00ed\u0159ata V\u00fdrobky pro prasata, skot, dr\u016fbe\u017e a dal\u0161\u00ed zv\u00ed\u0159ata: kr\u00e1l\u00edci, ko\u017ee\u0161inov\u00e1 zv\u00ed\u0159ata, mufloni, da\u0148ci, jeleni, ba\u017eanti, koroptve&#8230; [&hellip;]<\/p>\n","protected":false},"author":1,"featured_media":0,"parent":0,"menu_order":0,"comment_status":"closed","ping_status":"closed","template":"","meta":[],"_links":{"self":[{"href":"https:\/\/www.agrolex.cz\/index.php?rest_route=\/wp\/v2\/pages\/50"}],"collection":[{"href":"https:\/\/www.agrolex.cz\/index.php?rest_route=\/wp\/v2\/pages"}],"about":[{"href":"https:\/\/www.agrolex.cz\/index.php?rest_route=\/wp\/v2\/types\/page"}],"author":[{"embeddable":true,"href":"https:\/\/www.agrolex.cz\/index.php?rest_route=\/wp\/v2\/users\/1"}],"replies":[{"embeddable":true,"href":"https:\/\/www.agrolex.cz\/index.php?rest_route=%2Fwp%2Fv2%2Fcomments&post=50"}],"version-history":[{"count":46,"href":"https:\/\/www.agrolex.cz\/index.php?rest_route=\/wp\/v2\/pages\/50\/revisions"}],"predecessor-version":[{"id":925,"href":"https:\/\/www.agrolex.cz\/index.php?rest_route=\/wp\/v2\/pages\/50\/revisions\/925"}],"wp:attachment":[{"href":"https:\/\/www.agrolex.cz\/index.php?rest_route=%2Fwp%2Fv2%2Fmedia&parent=50"}],"curies":[{"name":"wp","href":"https:\/\/api.w.org\/{rel}","templated":true}]}}