{"id":1008,"date":"2025-07-24T09:44:10","date_gmt":"2025-07-24T09:44:10","guid":{"rendered":"https:\/\/www.agrolex.cz\/?post_type=product&#038;p=1008"},"modified":"2025-07-24T10:14:13","modified_gmt":"2025-07-24T10:14:13","slug":"granulovane-krmivo-pro-kone-top-pony-relax","status":"publish","type":"product","link":"https:\/\/www.agrolex.cz\/?product=granulovane-krmivo-pro-kone-top-pony-relax","title":{"rendered":"Granulovan\u00e9 krmivo pro kon\u011b TOP PONY RELAX"},"content":{"rendered":"<div class=\"all\">\n<div class=\"wrapper\">\n<div class=\"page clearfix\">\n<div class=\"container productDetail\">\n<div class=\"grid-line clearfix\">\n<div class=\"grid grid-70\">\n<div class=\"container\">\n<p><strong>Dopl\u0148kov\u00e9 krmivo TOP PONY RELAX<\/strong><\/p>\n<p><strong>pro p\u016fvodn\u00ed \/ nativn\u00ed plemena kon\u00ed a pon\u00edky bez z\u00e1t\u011b\u017ee<\/strong><\/p>\n<p><strong>vyrobeno podle origin\u00e1ln\u00ed receptury AGROLEX, s.r.o.<\/strong><\/p>\n<p>&nbsp;<\/p>\n<p class=\"Standard\" style=\"margin-top: 6.0pt; text-align: justify;\"><span style=\"font-size: 14.0pt;\">Dopl\u0148kov\u00e9 granulovan\u00e9 krmivo TOP PONY RELAX je charakteristick\u00e9 vysok\u00fdm obsahem vl\u00e1kniny. Je energeticky a \u017eivinov\u011b vyv\u00e1\u017een\u00e9. Vl\u00e1knina pln\u011b vyhovuje fyziologick\u00fdm po\u017eadavk\u016fm tr\u00e1ven\u00ed. P\u0159\u00edzniv\u011b p\u016fsob\u00ed na tvorbu slin (salivaci) a t\u00edm i na \u010dinnost st\u0159ev a posun tr\u00e1veniny. P<span style=\"color: black;\">\u016fsob\u00ed p\u0159\u00edzniv\u011b na vyu\u017eit\u00ed ostatn\u00edch \u017eivin a tr\u00e1ven\u00ed. Krmivo slou\u017e\u00ed jako dopln\u011bk krmn\u00e9 d\u00e1vky, resp. jej\u00ed objemov\u00e9 \u010d\u00e1sti. V\u00a0kombinaci spolu s lu\u010dn\u00edm senem a p\u0159\u00edpadn\u011b p\u0159\u00eddavkem vlastn\u00edch obilovin (oves, je\u010dmen) zabezpe\u010duje plnohodnotnou denn\u00ed v\u00fd\u017eivu.<\/span><\/span><\/p>\n<p>&nbsp;<\/p>\n<p><strong>Doporu\u010den\u00e9 d\u00e1vkov\u00e1n\u00ed:<\/strong><\/p>\n<p><strong>0,25 \u2013 2,5 kg denn\u011b podle z\u00e1t\u011b\u017ee a individu\u00e1ln\u00edho stavu a velikosti kon\u011b<\/strong><\/p>\n<p>Denn\u00ed d\u00e1vka krmiva pro pony a st\u0159edn\u00ed kon\u011b v\u00a0p\u0159epo\u010dtu na 100 kg \u017e. hm.<\/p>\n<p>(rozp\u011bt\u00ed \u00a0podle z\u00e1t\u011b\u017ee a kondice):<\/p>\n<p>0,25 \u2013 0,75 kg \u00a0\u00a0\u00a0\u00a0\u00a0 nativn\u00ed plemena men\u0161\u00edho t\u011blesn\u00e9ho r\u00e1mce (na 100 kg \u017e.hm.)<\/p>\n<p>0,5\u00a0 \u2013 1 kg\u00a0\u00a0\u00a0\u00a0\u00a0\u00a0\u00a0\u00a0 \u00a0\u00a0 pony v\u011bt\u0161\u00edho t\u011blesn\u00e9ho r\u00e1mce a st\u0159edn\u00ed kon\u011b (na 100 kg \u017e.hm.)<\/p>\n<p>&nbsp;<\/p>\n<p><strong>Zp\u016fsob pou\u017eit\u00ed<\/strong>:<\/p>\n<p>V\u00fd\u0161e uveden\u00e9 d\u00e1vkov\u00e1n\u00ed z\u00e1vis\u00ed na hmotnosti a v\u011bku kon\u011b, jeho celkov\u00e9 konstituci i\u00a0kondici a slo\u017een\u00ed krmn\u00e9 d\u00e1vky, p\u0159edev\u0161\u00edm objemov\u00e9 \u010d\u00e1sti. Podle toho je vhodn\u00e9 \u00a0d\u00e1vkov\u00e1n\u00ed krmiva individu\u00e1ln\u011b p\u0159izp\u016fsobit.<\/p>\n<p>Velmi d\u016fle\u017eit\u00e9 je dodr\u017eov\u00e1n\u00ed pravideln\u00e9ho pitn\u00e9ho re\u017eimu v\u00a0ka\u017ed\u00e9m ro\u010dn\u00edm obdob\u00ed.<\/p>\n<p class=\"Standard\" style=\"margin-right: -.05pt; text-align: justify;\"><span style=\"font-size: 14.0pt;\">Jadrn\u00e1 a dopl\u0148kov\u00e1 krmiva (granule, m\u00fcsli) pod\u00e1vejte kon\u00edm \u010dast\u011bji v\u00a0men\u0161\u00ed d\u00e1vce, nejl\u00e9pe 3x\u00a0za den. V\u011bt\u0161\u00ed denn\u00ed frekvence krmen\u00ed pozitivn\u011b ovliv\u0148uje rychlost pas\u00e1\u017ee tr\u00e1v\u00edc\u00ed soustavou, zlep\u0161uje tr\u00e1ven\u00ed a k\u016f\u0148 se c\u00edt\u00ed objektivn\u011b l\u00e9pe zapln\u011bn. <\/span><\/p>\n<p>&nbsp;<\/p>\n<p><strong>Uchov\u00e1v\u00e1n\u00ed: <\/strong>V\u00a0suchu a temnu, p\u0159i teplot\u011b do 25 <sup>o<\/sup>C<\/p>\n<p><strong>Hmotnost: <\/strong>25 kg<\/p>\n<\/div>\n<\/div>\n<\/div>\n<\/div>\n<\/div>\n<\/div>\n<\/div>\n","protected":false},"excerpt":{"rendered":"<p><strong>Dopl\u0148kov\u00e9 krmivo TOP PONY RELAX<\/strong><\/p>\n<p><strong>pro p\u016fvodn\u00ed \/ nativn\u00ed plemena kon\u00ed a pon\u00edky bez z\u00e1t\u011b\u017ee<\/strong><\/p>\n<p><strong>vyrobeno podle origin\u00e1ln\u00ed receptury AGROLEX, s.r.o.<\/strong><\/p>\n<p><span style=\"font-size: 14.0pt;\">Dopl\u0148kov\u00e9 granulovan\u00e9 krmivo TOP PONY RELAX je charakteristick\u00e9 vysok\u00fdm obsahem vl\u00e1kniny. Je energeticky a \u017eivinov\u011b vyv\u00e1\u017een\u00e9. Vl\u00e1knina pln\u011b vyhovuje fyziologick\u00fdm po\u017eadavk\u016fm tr\u00e1ven\u00ed. P\u0159\u00edzniv\u011b p\u016fsob\u00ed na tvorbu slin (salivaci) a t\u00edm i na \u010dinnost st\u0159ev a posun tr\u00e1veniny. P<span style=\"color: black;\">\u016fsob\u00ed p\u0159\u00edzniv\u011b na vyu\u017eit\u00ed ostatn\u00edch \u017eivin a tr\u00e1ven\u00ed. Krmivo slou\u017e\u00ed jako dopln\u011bk krmn\u00e9 d\u00e1vky, resp. jej\u00ed objemov\u00e9 \u010d\u00e1sti. V\u00a0kombinaci spolu s lu\u010dn\u00edm senem a p\u0159\u00edpadn\u011b p\u0159\u00eddavkem vlastn\u00edch obilovin (oves, je\u010dmen) zabezpe\u010duje plnohodnotnou denn\u00ed v\u00fd\u017eivu.<\/span><\/span><\/p>\n","protected":false},"featured_media":1010,"comment_status":"open","ping_status":"closed","template":"","meta":[],"_links":{"self":[{"href":"https:\/\/www.agrolex.cz\/index.php?rest_route=\/wp\/v2\/product\/1008"}],"collection":[{"href":"https:\/\/www.agrolex.cz\/index.php?rest_route=\/wp\/v2\/product"}],"about":[{"href":"https:\/\/www.agrolex.cz\/index.php?rest_route=\/wp\/v2\/types\/product"}],"replies":[{"embeddable":true,"href":"https:\/\/www.agrolex.cz\/index.php?rest_route=%2Fwp%2Fv2%2Fcomments&post=1008"}],"wp:featuredmedia":[{"embeddable":true,"href":"https:\/\/www.agrolex.cz\/index.php?rest_route=\/wp\/v2\/media\/1010"}],"wp:attachment":[{"href":"https:\/\/www.agrolex.cz\/index.php?rest_route=%2Fwp%2Fv2%2Fmedia&parent=1008"}],"curies":[{"name":"wp","href":"https:\/\/api.w.org\/{rel}","templated":true}]}}