{"id":1044,"date":"2025-12-29T12:06:00","date_gmt":"2025-12-29T12:06:00","guid":{"rendered":"https:\/\/www.agrolex.cz\/?post_type=product&#038;p=1044"},"modified":"2025-12-29T12:15:02","modified_gmt":"2025-12-29T12:15:02","slug":"agrolex-top-pohyb","status":"publish","type":"product","link":"https:\/\/www.agrolex.cz\/?product=agrolex-top-pohyb","title":{"rendered":"Agrolex TOP POHYB"},"content":{"rendered":"<div class=\"all\">\n<div class=\"wrapper\">\n<div class=\"page clearfix\">\n<div class=\"container productDetail\">\n<div class=\"grid-line clearfix\">\n<div class=\"grid grid-70\">\n<div class=\"container\">\n<h3>Komplexn\u00ed dopln\u011bk pro podporu zdrav\u00ed a regeneraci pohybov\u00e9ho apar\u00e1tu po z\u00e1t\u011b\u017ei a v r\u016fstu<\/h3>\n<div class=\"all\">\n<div class=\"wrapper\">\n<div class=\"page clearfix\">\n<div class=\"container productDetail\">\n<div class=\"grid-line clearfix\">\n<div class=\"grid grid-70\">\n<div class=\"container productDetailSpecs\">\n<div class=\"grid-line no-margin clearfix\">\n<div class=\"grid toggleComp\">\n<div class=\"productDetailSpecsContent toggleBlock\">\n<ul>\n<li>obsahuje kolagen<\/li>\n<li>obsahuje mikroprvky v organick\u00e9 form\u011b<\/li>\n<li>obsahuje komponenty, kter\u00e9 jsou p\u0159irozenou sou\u010d\u00e1st\u00ed struktury kost\u00ed a pojivov\u00fdch tk\u00e1n\u00ed<\/li>\n<\/ul>\n<\/div>\n<\/div>\n<\/div>\n<\/div>\n<\/div>\n<\/div>\n<\/div>\n<\/div>\n<\/div>\n<\/div>\n<h4><\/h4>\n<p><strong>Krmn\u00fd n\u00e1vod:<\/strong><\/p>\n<p>Agrolex POHYB je ur\u010den mlad\u00fdm i dosp\u011bl\u00fdm jedinc\u016fm. Pokr\u00fdv\u00e1 zv\u00fd\u0161enou pot\u0159ebu \u017eivin pro spr\u00e1vn\u00fd r\u016fst a v\u00fdvoj pohybov\u00e9ho apar\u00e1tu. Podporuje spr\u00e1vnou mineralizaci kost\u00ed, zejm\u00e9na v obdob\u00ed r\u016fstu a v\u00fdvinu kostry. Pokr\u00fdv\u00e1 vy\u0161\u0161\u00ed pot\u0159ebu kolagenu po z\u00e1t\u011b\u017e\u00ed a v r\u016fstu. Je nepostradateln\u00fd pro spr\u00e1vnou pevnost a pru\u017enost kloub\u016f a \u0161lach. Kolagen pozitivn\u011b ovliv\u0148uje tak\u00e9 kvalitu srsti a k\u016f\u017ee.<\/p>\n<p>Agrolex POHYB je komplexn\u00ed dopln\u011bk pro p\u00e9\u010di o pohybov\u00fd apar\u00e1t. Jeho pod\u00e1v\u00e1n\u00ed se projev\u00ed zlep\u0161en\u00edm kvality srsti, k\u016f\u017ee, kopyt a zdrav\u00fdm pohybem.<\/p>\n<p>P\u0159\u00edpravek se pod\u00e1v\u00e1 \u0159\u00e1dn\u011b zam\u00edchan\u00fd do krmiva, v\u00a0such\u00e9m i zvlh\u010den\u00e9m stavu. Je nutn\u00e9 zajistit neomezen\u00fd p\u0159\u00edstup k vod\u011b.<\/p>\n<h4><\/h4>\n<p><strong>D\u00e1vkov\u00e1n\u00ed:<\/strong><\/p>\n<p>3-5 g \u00a0na 100 kg \u017e.hm. kon\u011b \u2013 preventivn\u00ed<\/p>\n<p>5-10 g na 100 kg \u017e.hm. kon\u011b \u2013 p\u0159i zv\u00fd\u0161en\u00e9 z\u00e1t\u011b\u017ei a v obdob\u00ed zv\u00fd\u0161en\u00e9ho r\u016fstu<\/p>\n<p><em>Zarovnan\u00e1 pol\u00e9vkov\u00e1 l\u017e\u00edce \u2013 cca 20 g<\/em><\/p>\n<p>&nbsp;<\/p>\n<div class=\"all\">\n<div class=\"wrapper\">\n<div class=\"page clearfix\">\n<div class=\"container productDetail\">\n<div class=\"grid-line clearfix\">\n<div class=\"grid grid-70\">\n<div class=\"container\">\n<div class=\"all\">\n<div class=\"wrapper\">\n<div class=\"page clearfix\">\n<div class=\"container productDetail\">\n<div class=\"grid-line clearfix\">\n<div class=\"grid grid-70\">\n<div class=\"container\">\n<h4>Slo\u017een\u00ed:<\/h4>\n<h4><strong>V\u00e1pn\u00edk 150 g, fosfor 110 g, sod\u00edk 0,5 g, ho\u0159\u010d\u00edk 10 g (v organick\u00e9 form\u011b), lysin 2 g, threonin 1,2 g, methionin 0,7 g.<\/strong><\/h4>\n<p><strong>Vitam\u00edny, provitam\u00edny a chemicky p\u0159esn\u011b definovan\u00e9 l\u00e1tky se srovnateln\u00fdm \u00fa\u010dinkem:<\/strong> vitamin D3 7000 m.j., vitamin C (kyselina askorbov\u00e1) 20000 mg, biotin 280 mg.<\/p>\n<p>STOPOV\u00c9 PRVKY: m\u011b\u010f-Cu 1350 mg (40% v\u00a0organick\u00e9 form\u011b), mangan-Mn 3000 mg, zinek-Zn 3000 mg, selen-Se (selenomethionin ze Saccharomyces cerevisiae) 10 mg.<\/p>\n<div><\/div>\n<p><strong>Balen\u00ed:\u00a0<\/strong>400 g, 1 kg, 3 kg<\/p>\n<p><strong>Doba pou\u017eitelnosti:<\/strong> 12 m\u011bs\u00edc\u016f od data v\u00fdroby.<\/p>\n<\/div>\n<\/div>\n<\/div>\n<\/div>\n<\/div>\n<\/div>\n<\/div>\n<\/div>\n<\/div>\n<\/div>\n<\/div>\n<\/div>\n<\/div>\n<\/div>\n<\/div>\n<\/div>\n<\/div>\n<\/div>\n<\/div>\n<\/div>\n<\/div>\n","protected":false},"excerpt":{"rendered":"<h3>Komplexn\u00ed dopln\u011bk pro podporu zdrav\u00ed a regeneraci pohybov\u00e9ho apar\u00e1tu po z\u00e1t\u011b\u017ei a v r\u016fstu<\/h3>\n<div class=\"all\">\n<div class=\"wrapper\">\n<div class=\"page clearfix\">\n<div class=\"container productDetail\">\n<div class=\"grid-line clearfix\">\n<div class=\"grid grid-70\">\n<div class=\"container productDetailSpecs\">\n<div class=\"grid-line no-margin clearfix\">\n<div class=\"grid toggleComp\">\n<div class=\"productDetailSpecsContent toggleBlock\">\n<ul>\n<li>obsahuje kolagen<\/li>\n<li>obsahuje mikroprvky v organick\u00e9 form\u011b<\/li>\n<li>obsahuje komponenty, kter\u00e9 jsou p\u0159irozenou sou\u010d\u00e1st\u00ed struktury kost\u00ed a pojivov\u00fdch tk\u00e1n\u00ed<\/li>\n<\/ul>\n<\/div>\n<\/div>\n<\/div>\n<\/div>\n<\/div>\n<\/div>\n<\/div>\n<\/div>\n<\/div>\n<\/div>\n<div class=\"all\">\n<div class=\"wrapper\">\n<div class=\"page clearfix\">\n<div class=\"container productDetail\">\n<div class=\"grid-line clearfix\">\n<div class=\"grid grid-70\">\n<div class=\"container productDetailSpecs\">\n<div class=\"grid-line no-margin clearfix\">\n<div class=\"grid toggleComp\">\n<div class=\"productDetailSpecsContent toggleBlock\">\n<p>&nbsp;<\/p>\n<\/div>\n<\/div>\n<\/div>\n<\/div>\n<\/div>\n<\/div>\n<\/div>\n<\/div>\n<\/div>\n<\/div>\n","protected":false},"featured_media":1049,"comment_status":"open","ping_status":"closed","template":"","meta":[],"_links":{"self":[{"href":"https:\/\/www.agrolex.cz\/index.php?rest_route=\/wp\/v2\/product\/1044"}],"collection":[{"href":"https:\/\/www.agrolex.cz\/index.php?rest_route=\/wp\/v2\/product"}],"about":[{"href":"https:\/\/www.agrolex.cz\/index.php?rest_route=\/wp\/v2\/types\/product"}],"replies":[{"embeddable":true,"href":"https:\/\/www.agrolex.cz\/index.php?rest_route=%2Fwp%2Fv2%2Fcomments&post=1044"}],"wp:featuredmedia":[{"embeddable":true,"href":"https:\/\/www.agrolex.cz\/index.php?rest_route=\/wp\/v2\/media\/1049"}],"wp:attachment":[{"href":"https:\/\/www.agrolex.cz\/index.php?rest_route=%2Fwp%2Fv2%2Fmedia&parent=1044"}],"curies":[{"name":"wp","href":"https:\/\/api.w.org\/{rel}","templated":true}]}}