{"id":114,"date":"2020-06-09T15:13:07","date_gmt":"2020-06-09T15:13:07","guid":{"rendered":"http:\/\/www.agrolex.cz\/?post_type=product&#038;p=114"},"modified":"2022-04-18T22:04:44","modified_gmt":"2022-04-18T22:04:44","slug":"canvit-senior","status":"publish","type":"product","link":"https:\/\/www.agrolex.cz\/?product=canvit-senior","title":{"rendered":"Canvit Senior pro psy"},"content":{"rendered":"<p>Zpomalen\u00ed p\u0159\u00edznak\u016f st\u00e1rnut\u00ed u ps\u00edch senior\u016f<\/p>\n<p>Zdroj aminokyselin, vitam\u00edn\u016f, omega-3 a omega-6 nenasycen\u00fdch mastn\u00fdch kyselin, prebiotik a kolagenu pro zpomalen\u00ed p\u0159\u00edznak\u016f st\u00e1rnut\u00ed a udr\u017een\u00ed kondice u ps\u016f star\u0161\u00edch 7 let.<\/p>\n<p>St\u00e1rnut\u00ed u ps\u016f je doprov\u00e1zeno zm\u011bnou metabolismu, kter\u00e1 ovliv\u0148uje kondici a aktivitu. U st\u00e1rnouc\u00edch ps\u016f doch\u00e1z\u00ed ke ztr\u00e1t\u011b svalov\u00e9 hmoty, psi omezuj\u00ed svou aktivitu, p\u0159ib\u00fdvaj\u00ed na v\u00e1ze a zhor\u0161uje se funkce imunitn\u00edho a nervov\u00e9ho syst\u00e9mu. Canvit Senior je bohat\u00fdm zdrojem aminokyselin pro udr\u017een\u00ed svalov\u00e9 hmoty a kondice, vitam\u00edn\u016f a omega-3 a omega-6 nenasycen\u00fdch mastn\u00fdch kyselin pro zlep\u0161en\u00ed obranyschopnosti a pam\u011bti u star\u0161\u00edch ps\u016f.<\/p>\n<ul>\n<li>Podporuje imunitn\u00ed syst\u00e9m a udr\u017euje psa ve v\u00fdborn\u00e9 kondici.<\/li>\n<li>Vitamin C a kolagen pro v\u00fd\u017eivu kloubn\u00ed chrupavky.<\/li>\n<li>Omega-3 a 6 mastn\u00e9 kyseliny pro podporu srde\u010dn\u00ed \u010dinnosti.<\/li>\n<\/ul>\n<p>&nbsp;<\/p>\n<h4>Indikace:<\/h4>\n<p>St\u00e1rnouc\u00ed a sta\u0159\u00ed psi v\u0161ech plemen a velikosti star\u0161\u00ed 7 let<br \/>\nZpomalen\u00ed \u00fabytku sval\u016f, podpora kloub\u016f a udr\u017een\u00ed kondice u st\u00e1rnouc\u00edch a star\u00fdch ps\u016f<br \/>\nPodpora funkce imunitn\u00edho syst\u00e9mu a pam\u011bti u st\u00e1rnouc\u00edch a star\u00fdch ps\u016f<\/p>\n<h4>Zp\u016fsob pou\u017eit\u00ed:<\/h4>\n<p>Tablety se pod\u00e1vaj\u00ed p\u0159\u00edmo z ruky nebo rozdrcen\u00e9 do krmiva ps\u016fm star\u0161\u00edm 7 let.<\/p>\n<h4>Doporu\u010den\u00e1 denn\u00ed d\u00e1vka:<\/h4>\n<p>1 tbl na 5 kg v\u00e1hy zv\u00ed\u0159ete<\/p>\n<p>Jedna tableta obsahuje:<br \/>\n<strong>Vitam\u00edny:<\/strong>\u00a0Vitam\u00edn A 200 IU, vitam\u00edn D3 10 000 \u00b5g, vitam\u00edn E 5\u00a0000\u00b5g, vitam\u00edn B1 200 \u00b5g, vitam\u00edn B2 200 \u00b5g, vitam\u00edn B6 150 \u00b5g, vitam\u00edn B12 2 \u00b5g, vitam\u00edn C 8 000 \u00b5g, Biotin 250 \u00b5g, Niacinamid 2 250 \u00b5g, Pantothenan v\u00e1penat\u00fd 1 000 \u00b5g, kyselina listov\u00e1 40 \u00b5mg<br \/>\n<strong>Mikroprvky a aminokyseliny:<\/strong>\u00a0\u017delezo 3 000 \u00b5g, M\u011b\u010f 1 250 \u00b5g, Zinek 1 250 \u00b5g, Mangan 500 \u00b5g, M\u011b\u010f 200 \u00b5g, J\u00f3d 25 \u00b5g, Selen 2,5 \u00b5g, DL-methionin 20 mg, L-Lysin 20 mg<br \/>\n<strong>Prebiotika:<\/strong>\u00a0betaglukany, mannan-oligosacharidy (MOS)<br \/>\n<strong>Omega-3 a omega-6 nenasycen\u00e9 mastn\u00e9 kyseliny:<\/strong>\u00a0DHA, EPA, ALA, GLA, LA<\/p>\n<h4>Balen\u00ed:<\/h4>\n<p>100 g (100 tbl, pro psa o hmotnosti 10 kg vysta\u010d\u00ed na 50 dn\u016f)<br \/>\n500 g (500 tbl, pro psa o hmotnosti 10 kg vysta\u010d\u00ed na 250 dn\u016f)<\/p>\n","protected":false},"excerpt":{"rendered":"<p>Zpomalen\u00ed p\u0159\u00edznak\u016f st\u00e1rnut\u00ed u ps\u00edch senior\u016f<\/p>\n<p>Zdroj aminokyselin, vitam\u00edn\u016f, omega-3 a omega-6 nenasycen\u00fdch mastn\u00fdch kyselin, prebiotik a kolagenu pro zpomalen\u00ed p\u0159\u00edznak\u016f st\u00e1rnut\u00ed a udr\u017een\u00ed kondice u ps\u016f star\u0161\u00edch 7 let.<\/p>\n<p>St\u00e1rnut\u00ed u ps\u016f je doprov\u00e1zeno zm\u011bnou metabolismu, kter\u00e1 ovliv\u0148uje kondici a aktivitu. U st\u00e1rnouc\u00edch ps\u016f doch\u00e1z\u00ed ke ztr\u00e1t\u011b svalov\u00e9 hmoty, psi omezuj\u00ed svou aktivitu, p\u0159ib\u00fdvaj\u00ed na v\u00e1ze a zhor\u0161uje se funkce imunitn\u00edho a nervov\u00e9ho syst\u00e9mu. Canvit Senior je bohat\u00fdm zdrojem aminokyselin pro udr\u017een\u00ed svalov\u00e9 hmoty a kondice, vitam\u00edn\u016f a omega-3 a omega-6 nenasycen\u00fdch mastn\u00fdch kyselin pro zlep\u0161en\u00ed obranyschopnosti a pam\u011bti u star\u0161\u00edch ps\u016f.<\/p>\n","protected":false},"featured_media":115,"comment_status":"open","ping_status":"closed","template":"","meta":[],"_links":{"self":[{"href":"https:\/\/www.agrolex.cz\/index.php?rest_route=\/wp\/v2\/product\/114"}],"collection":[{"href":"https:\/\/www.agrolex.cz\/index.php?rest_route=\/wp\/v2\/product"}],"about":[{"href":"https:\/\/www.agrolex.cz\/index.php?rest_route=\/wp\/v2\/types\/product"}],"replies":[{"embeddable":true,"href":"https:\/\/www.agrolex.cz\/index.php?rest_route=%2Fwp%2Fv2%2Fcomments&post=114"}],"wp:featuredmedia":[{"embeddable":true,"href":"https:\/\/www.agrolex.cz\/index.php?rest_route=\/wp\/v2\/media\/115"}],"wp:attachment":[{"href":"https:\/\/www.agrolex.cz\/index.php?rest_route=%2Fwp%2Fv2%2Fmedia&parent=114"}],"curies":[{"name":"wp","href":"https:\/\/api.w.org\/{rel}","templated":true}]}}