{"id":122,"date":"2020-06-09T15:31:01","date_gmt":"2020-06-09T15:31:01","guid":{"rendered":"http:\/\/www.agrolex.cz\/?post_type=product&#038;p=122"},"modified":"2022-04-18T22:01:24","modified_gmt":"2022-04-18T22:01:24","slug":"canvit-chondro-super","status":"publish","type":"product","link":"https:\/\/www.agrolex.cz\/?product=canvit-chondro-super","title":{"rendered":"Canvit Chondro Super pro psy"},"content":{"rendered":"<p>Kompletn\u00ed kloubn\u00ed v\u00fd\u017eiva pro psy s neodolatelnou chut\u00ed &#8211; komplexn\u00ed p\u00e9\u010de o pohybov\u00fd apar\u00e1t.<\/p>\n<p>Canvit Chondro Super je zdrojem komplexn\u00ed kloubn\u00ed v\u00fd\u017eivy pro regeneraci, ochranu a zlep\u0161en\u00ed hybnosti kloub\u016f obohacen\u00e1 o \u00fa\u010dinn\u00e9 l\u00e1tky s protiz\u00e1n\u011btliv\u00fdm a analgetick\u00fdm \u00fa\u010dinkem, pro ochranu po\u0161kozen\u00fdch nebo siln\u011b nam\u00e1han\u00fdch kloub\u016f u aktivn\u00edch a nemocn\u00fdch ps\u016f. Tablety Canvit Chondro Super jsou psy v\u00fdborn\u011b akceptov\u00e1ny d\u00edky hydrolyz\u00e1tu ku\u0159ec\u00edch a vep\u0159ov\u00fdch jater. Tablety Canvit Chondro Super s\u00a0p\u0159\u00edchut\u00ed jater si v\u00e1\u0161 pes zamiluje.<\/p>\n<p>Kloubn\u00ed chrupavky maj\u00ed omezenou schopnost regenerace a obnovy. B\u011bhem \u017eivota doch\u00e1z\u00ed k postupn\u00e9mu opot\u0159ebov\u00e1v\u00e1n\u00ed chrupavky a k jej\u00edmu po\u0161kozen\u00ed. Zpomalit opot\u0159eben\u00ed kloubn\u00ed chrupavky a zlep\u0161it jej\u00ed regeneraci lze t\u00edm, \u017ee kloubu dod\u00e1v\u00e1me stavebn\u00ed kameny chrupavky ve form\u011b kloubn\u00ed v\u00fd\u017eivy. Z\u00e1kladn\u00edmi stavebn\u00edmi kameny chrupavky a kloubn\u00edch struktur je glukosamin, chondroitin a kolagen. Mezi dal\u0161\u00ed l\u00e1tky, kter\u00e9 dok\u00e1\u017eou potla\u010dit z\u00e1n\u011btliv\u00e9 procesy a bolestivost kloubu pat\u0159\u00ed tak\u00e9 MSM a kyselina hyaluronov\u00e1. Glucosamin sulf\u00e1t stimuluje metabolismus chondrocyt\u016f a zpomaluje degeneraci chrupavky. Chondroitin sulf\u00e1t v\u00e1\u017ee vodu, udr\u017euje elasticitu chrupavek a blokuje enzymy po\u0161kozuj\u00edc\u00ed chrupavku. MSM je zdrojem organicky v\u00e1zan\u00e9 s\u00edry se siln\u00fdm protiz\u00e1n\u011btliv\u00fdm a analgetick\u00fdm \u00fa\u010dinkem. Kyselina hyaluronov\u00e1 zvy\u0161uje viskozitu kloubn\u00ed tekutiny, p\u016fsob\u00ed protiz\u00e1n\u011btliv\u011b a zlep\u0161uje pohyblivost. Vitamin C se pod\u00edl\u00ed na metabolismu kolagenu a chr\u00e1n\u00ed bu\u0148ky p\u0159ed oxida\u010dn\u00edm po\u0161kozen\u00edm.<\/p>\n<ul>\n<li>Glucosamin sulf\u00e1t stimuluje metabolismus chondrocyt\u016f a zpomaluje degeneraci chrupavky. Chondroitin sulf\u00e1t v\u00e1\u017ee vodu, udr\u017euje elasticitu chrupavek a blokuje enzymy po\u0161kozuj\u00edc\u00ed chrupavku.<\/li>\n<li>Kyselina hyaluronov\u00e1 zvy\u0161uje viskozitu kloubn\u00ed tekutiny a zlep\u0161uje pohyblivost.<\/li>\n<li>MSM je zdrojem organicky v\u00e1zan\u00e9 s\u00edry se siln\u00fdm protiz\u00e1n\u011btliv\u00fdm a analgetick\u00fdm \u00fa\u010dinkem.<\/li>\n<li>Vitamin C se pod\u00edl\u00ed na metabolismu kolagenu a chr\u00e1n\u00ed bu\u0148ky p\u0159ed oxida\u010dn\u00edm po\u0161kozen\u00edm.<\/li>\n<\/ul>\n<p>&nbsp;<\/p>\n<h4>Indikace:<\/h4>\n<p>Dopln\u011bk terapie onemocn\u011bn\u00ed kloub\u016f (osteoartritis, dysplazie)<br \/>\nPodpora regenerace a ochrana kloub\u016f u sportovn\u00edch a pracovn\u00edch ps\u016f<br \/>\nZpomalen\u00ed opot\u0159eben\u00ed a ochrana kloub\u016f u st\u00e1rnouc\u00edch a ob\u00e9zn\u00edch ps\u016f<br \/>\nPodpora rekonvalescence po operac\u00edch pohybov\u00e9ho apar\u00e1tu ps\u016f<\/p>\n<h4>Zp\u016fsob pou\u017eit\u00ed:<\/h4>\n<p>Tablety se pod\u00e1vaj\u00ed p\u0159\u00edmo z ruky nebo rozdrcen\u00e9 do krmiva po dobu 2\u20133 m\u011bs\u00edc\u016f.<br \/>\nPrvn\u00ed 2 t\u00fddny je vhodn\u00e9 pod\u00e1vat dvojn\u00e1sobnou d\u00e1vku.<\/p>\n<h4>Doporu\u010den\u00e1 denn\u00ed d\u00e1vka:<\/h4>\n<p>1 tbl na 20 kg v\u00e1hy zv\u00ed\u0159ete<\/p>\n<p>Jedna tableta obsahuje:<br \/>\nGlucosamin sulf\u00e1t 501 mg, Chondroitin sulf\u00e1t 204 mg, MSM 150 mg, Kyselina hyaluronov\u00e1 15 mg a Vitam\u00edn C 15 mg<\/p>\n<h4>Balen\u00ed:<\/h4>\n<p>230 g (76 tbl, pro psa o hmotnosti 20 kg vysta\u010d\u00ed na 76 dn\u016f)<br \/>\n500 g (166 tbl, pro psa o hmotnosti 20 kg vysta\u010d\u00ed na 166 dn\u016f)<\/p>\n","protected":false},"excerpt":{"rendered":"<p>Kompletn\u00ed kloubn\u00ed v\u00fd\u017eiva pro psy s neodolatelnou chut\u00ed.<\/p>\n<p>Canvit Chondro Super je zdrojem komplexn\u00ed kloubn\u00ed v\u00fd\u017eivy pro regeneraci, ochranu a zlep\u0161en\u00ed hybnosti kloub\u016f obohacen\u00e1 o \u00fa\u010dinn\u00e9 l\u00e1tky s protiz\u00e1n\u011btliv\u00fdm a analgetick\u00fdm \u00fa\u010dinkem, pro ochranu po\u0161kozen\u00fdch nebo siln\u011b nam\u00e1han\u00fdch kloub\u016f u aktivn\u00edch a nemocn\u00fdch ps\u016f. Tablety Canvit Chondro Super jsou psy v\u00fdborn\u011b akceptov\u00e1ny d\u00edky hydrolyz\u00e1tu ku\u0159ec\u00edch a vep\u0159ov\u00fdch jater. Tablety Canvit Chondro Super s\u00a0p\u0159\u00edchut\u00ed jater si v\u00e1\u0161 pes zamiluje.<\/p>\n","protected":false},"featured_media":124,"comment_status":"open","ping_status":"closed","template":"","meta":[],"_links":{"self":[{"href":"https:\/\/www.agrolex.cz\/index.php?rest_route=\/wp\/v2\/product\/122"}],"collection":[{"href":"https:\/\/www.agrolex.cz\/index.php?rest_route=\/wp\/v2\/product"}],"about":[{"href":"https:\/\/www.agrolex.cz\/index.php?rest_route=\/wp\/v2\/types\/product"}],"replies":[{"embeddable":true,"href":"https:\/\/www.agrolex.cz\/index.php?rest_route=%2Fwp%2Fv2%2Fcomments&post=122"}],"wp:featuredmedia":[{"embeddable":true,"href":"https:\/\/www.agrolex.cz\/index.php?rest_route=\/wp\/v2\/media\/124"}],"wp:attachment":[{"href":"https:\/\/www.agrolex.cz\/index.php?rest_route=%2Fwp%2Fv2%2Fmedia&parent=122"}],"curies":[{"name":"wp","href":"https:\/\/api.w.org\/{rel}","templated":true}]}}