{"id":200,"date":"2020-06-20T19:32:51","date_gmt":"2020-06-20T19:32:51","guid":{"rendered":"http:\/\/www.agrolex.cz\/?post_type=product&#038;p=200"},"modified":"2022-04-18T20:58:15","modified_gmt":"2022-04-18T20:58:15","slug":"nutrihorse-speed-super","status":"publish","type":"product","link":"https:\/\/www.agrolex.cz\/?product=nutrihorse-speed-super","title":{"rendered":"NutriHorse Speed (Super)"},"content":{"rendered":"<p>Pro kon\u011b ve vysok\u00e9 z\u00e1t\u011b\u017ei<\/p>\n<p>NutriHorse SPEED, dopl\u0148kov\u00e9 krmivo pro kon\u011b, je ur\u010den k \u00fahrad\u011b zv\u00fd\u0161en\u00e9 pot\u0159eby vitamin\u016f p\u0159i extr\u00e9mn\u00ed z\u00e1t\u011b\u017ei. Hlavn\u00ed slo\u017ekou prepar\u00e1tu je L-karnitin, \u0159ad\u00edc\u00ed se mezi ergogenika, kter\u00fd spolu s dal\u0161\u00edmi l\u00e1tkami, jako jsou antioxidanty vitamin A a C, organicky v\u00e1zan\u00fd selen, lecitin a kvasinkov\u00e1 kultura Saccharomyces cerevisiae, p\u0159edstavuj\u00ed ide\u00e1ln\u00ed kombinaci pro mo\u017enost zv\u00fd\u0161en\u00ed v\u00fdkonu kon\u011b a n\u00e1slednou rychlou regeneraci. NutriHorse SPEED je vhodn\u00e9 u\u017e\u00edvat v kombinaci s NutriHorse STANDARD.<\/p>\n<p>&nbsp;<\/p>\n<h3>D\u00e1vkov\u00e1n\u00ed<\/h3>\n<p>Doporu\u010den\u00e9 denn\u00ed d\u00e1vkov\u00e1n\u00ed na 100 kg v\u00e1hy kon\u011b: V dob\u011b tr\u00e9ninku 3 g, V dob\u011b nejvy\u0161\u0161\u00ed z\u00e1t\u011b\u017ee 5 g<\/p>\n<p>&nbsp;<\/p>\n<h3>Slo\u017een\u00ed<\/h3>\n<p>p\u0161eni\u010dn\u00e9 otruby, kuku\u0159i\u010dn\u00e1 mouka, slune\u010dnicov\u00fd olej. Analytick\u00e9 slo\u017eky: hrub\u00fd protein 6,6 %, hrub\u00e1 vl\u00e1knina 3,5 %, hrub\u00fd tuk 8,9 %, hrub\u00fd popel 2,9 %, v\u00e1pn\u00edk 0,05 %, fosfor 0,4 %, sod\u00edk 0,02 %. Dopl\u0148kov\u00e9 l\u00e1tky v 1 kg, vitaminy, provitaminy a chemicky definovan\u00e9 l\u00e1tky s podobn\u00fdmi \u00fa\u010dinky: L-karnitin 250 g, Vitamin E 10 000 mg, Vitamin B1 1 000 mg, Vitamin B2 1 000 mg, Vitamin B12 20 mg, Vitamin C (E300) 5 000 mg. Stopov\u00e9 prvky: 3b8.11 organick\u00e1 forma selenu ze Saccharomyces cerevisiae NCYC R397 (inaktivovan\u00e9 kvasnice se selenem jako Se) 15 mg, Lecitin 130 mg. L\u00e1tky zvy\u0161uj\u00edc\u00ed stravitelnost: 4a1704 Saccharomyces cerevisiae CBS 493.94 5 x 109 CFU<\/p>\n<p>&nbsp;<\/p>\n<h3>Doba pou\u017eitelnosti<\/h3>\n<p>12 m\u011bs\u00edc\u016f od otev\u0159en\u00ed<\/p>\n<p>&nbsp;<\/p>\n<h3>Balen\u00ed<\/h3>\n<p>1 kg<\/p>\n","protected":false},"excerpt":{"rendered":"<p>Pro kon\u011b ve vysok\u00e9 z\u00e1t\u011b\u017ei<\/p>\n<p>NutriHorse SPEED, dopl\u0148kov\u00e9 krmivo pro kon\u011b, je ur\u010den k \u00fahrad\u011b zv\u00fd\u0161en\u00e9 pot\u0159eby vitamin\u016f p\u0159i extr\u00e9mn\u00ed z\u00e1t\u011b\u017ei. Hlavn\u00ed slo\u017ekou prepar\u00e1tu je L-karnitin, \u0159ad\u00edc\u00ed se mezi ergogenika, kter\u00fd spolu s dal\u0161\u00edmi l\u00e1tkami, jako jsou antioxidanty vitamin A a C, organicky v\u00e1zan\u00fd selen, lecitin a kvasinkov\u00e1 kultura Saccharomyces cerevisiae, p\u0159edstavuj\u00ed ide\u00e1ln\u00ed kombinaci pro mo\u017enost zv\u00fd\u0161en\u00ed v\u00fdkonu kon\u011b a n\u00e1slednou rychlou regeneraci. NutriHorse SPEED je vhodn\u00e9 u\u017e\u00edvat v kombinaci s NutriHorse STANDARD.<\/p>\n","protected":false},"featured_media":204,"comment_status":"open","ping_status":"closed","template":"","meta":[],"_links":{"self":[{"href":"https:\/\/www.agrolex.cz\/index.php?rest_route=\/wp\/v2\/product\/200"}],"collection":[{"href":"https:\/\/www.agrolex.cz\/index.php?rest_route=\/wp\/v2\/product"}],"about":[{"href":"https:\/\/www.agrolex.cz\/index.php?rest_route=\/wp\/v2\/types\/product"}],"replies":[{"embeddable":true,"href":"https:\/\/www.agrolex.cz\/index.php?rest_route=%2Fwp%2Fv2%2Fcomments&post=200"}],"wp:featuredmedia":[{"embeddable":true,"href":"https:\/\/www.agrolex.cz\/index.php?rest_route=\/wp\/v2\/media\/204"}],"wp:attachment":[{"href":"https:\/\/www.agrolex.cz\/index.php?rest_route=%2Fwp%2Fv2%2Fmedia&parent=200"}],"curies":[{"name":"wp","href":"https:\/\/api.w.org\/{rel}","templated":true}]}}