{"id":205,"date":"2020-06-20T19:47:31","date_gmt":"2020-06-20T19:47:31","guid":{"rendered":"http:\/\/www.agrolex.cz\/?post_type=product&#038;p=205"},"modified":"2022-04-18T21:00:27","modified_gmt":"2022-04-18T21:00:27","slug":"nutrihorse-biotin","status":"publish","type":"product","link":"https:\/\/www.agrolex.cz\/?product=nutrihorse-biotin","title":{"rendered":"NutriHorse Biotin"},"content":{"rendered":"<p>Pro zdrav\u00e1 kopyta<\/p>\n<p>NutriHorse BIOTIN je ur\u010den k \u00fahrad\u011b zv\u00fd\u0161en\u00e9 pot\u0159eby \u017eivin pro spr\u00e1vn\u00fd v\u00fdvoj kopyt. Zdrav\u00e1 kopyta jsou nesm\u00edrn\u011b d\u016fle\u017eit\u00e1 pro ka\u017ed\u00e9ho kon\u011b a NutriHorse Biotin obsahuje z\u00e1kladn\u00ed trojkombinaci (biotin, DL-methionin, org. v\u00e1zan\u00fd zinek), kter\u00e1 zaji\u0161\u0165uje spr\u00e1vn\u00fd r\u016fst a v\u00fdvoj struktury rohoviny kopyt. Spolu s dal\u0161\u00edmi slo\u017ekami (vitamin B6, org. v\u00e1zan\u00e1 med a L-lysin) tvo\u0159\u00ed kompletn\u00ed dopln\u011bk pro p\u00e9\u010di o kopyta va\u0161eho kon\u011b.<\/p>\n<p>&nbsp;<\/p>\n<h3>D\u00e1vkov\u00e1n\u00ed<\/h3>\n<p>Doporu\u010den\u00e9 denn\u00ed d\u00e1vkov\u00e1n\u00ed na 100 kg v\u00e1hy kon\u011b: 1,5-3 g<\/p>\n<h3><\/h3>\n<h3>Slo\u017een\u00ed<\/h3>\n<p>p\u0161eni\u010dn\u00e9 otruby, \u0159epn\u00fd cukr, pivovarsk\u00e9 kvasnice, uhli\u010ditan v\u00e1penat\u00fd, glycerin. Analytick\u00e9 slo\u017eky v 1 kg: hrub\u00fd protein 25 %, hrub\u00e1 vl\u00e1knina 2,3 %, hrub\u00fd tuk 1,2 %, hrub\u00fd popel 7,3 %, v\u00e1pn\u00edk 1,9 %, fosfor 0,4 %, sod\u00edk 0,02 %. Dopl\u0148kov\u00e9 l\u00e1tky v 1 kg, vitaminy, provitaminy a chemicky definovan\u00e9 l\u00e1tky s podobn\u00fdmi \u00fa\u010dinky: biotin 2 000 mg, vitamin B6 1 000 mg. Funk\u010dn\u00ed skupina slou\u010deniny stopov\u00fdch prvku: E6 oxid zine\u010dnat\u00fd (jako Zn) 3 000 mg, chel\u00e1t zinku a aminokyselin n-hydr\u00e1t (jako Zn) 3 000 mg, E4 chel\u00e1t m\u011bdi a aminokyselin n-hydr\u00e1t (jako Cu) 1 000 mg. Funk\u010dn\u00ed skupina aminokyseliny, jejich soli a analogy: 3.2.3. L-lysin monohydrochlorid 50 g, 3.1.1. DL-methionin 150 g.<\/p>\n<p>&nbsp;<\/p>\n<h3>Doba pou\u017eitelnosti<\/h3>\n<p>12 m\u011bs\u00edc\u016f od otev\u0159en\u00ed<\/p>\n<p>&nbsp;<\/p>\n<h3>Balen\u00ed<\/h3>\n<p>1 kg, 3 kg<\/p>\n","protected":false},"excerpt":{"rendered":"<p>Pro zdrav\u00e1 kopyta<\/p>\n<p>NutriHorse BIOTIN je ur\u010den k \u00fahrad\u011b zv\u00fd\u0161en\u00e9 pot\u0159eby \u017eivin pro spr\u00e1vn\u00fd v\u00fdvoj kopyt. Zdrav\u00e1 kopyta jsou nesm\u00edrn\u011b d\u016fle\u017eit\u00e1 pro ka\u017ed\u00e9ho kon\u011b a NutriHorse Biotin obsahuje z\u00e1kladn\u00ed trojkombinaci (biotin, DL-methionin, org. v\u00e1zan\u00fd zinek), kter\u00e1 zaji\u0161\u0165uje spr\u00e1vn\u00fd r\u016fst a v\u00fdvoj struktury rohoviny kopyt. Spolu s dal\u0161\u00edmi slo\u017ekami (vitamin B6, org. v\u00e1zan\u00e1 med a L-lysin) tvo\u0159\u00ed kompletn\u00ed dopln\u011bk pro p\u00e9\u010di o kopyta va\u0161eho kon\u011b.<\/p>\n","protected":false},"featured_media":207,"comment_status":"open","ping_status":"closed","template":"","meta":[],"_links":{"self":[{"href":"https:\/\/www.agrolex.cz\/index.php?rest_route=\/wp\/v2\/product\/205"}],"collection":[{"href":"https:\/\/www.agrolex.cz\/index.php?rest_route=\/wp\/v2\/product"}],"about":[{"href":"https:\/\/www.agrolex.cz\/index.php?rest_route=\/wp\/v2\/types\/product"}],"replies":[{"embeddable":true,"href":"https:\/\/www.agrolex.cz\/index.php?rest_route=%2Fwp%2Fv2%2Fcomments&post=205"}],"wp:featuredmedia":[{"embeddable":true,"href":"https:\/\/www.agrolex.cz\/index.php?rest_route=\/wp\/v2\/media\/207"}],"wp:attachment":[{"href":"https:\/\/www.agrolex.cz\/index.php?rest_route=%2Fwp%2Fv2%2Fmedia&parent=205"}],"curies":[{"name":"wp","href":"https:\/\/api.w.org\/{rel}","templated":true}]}}