{"id":209,"date":"2020-06-20T20:14:54","date_gmt":"2020-06-20T20:14:54","guid":{"rendered":"http:\/\/www.agrolex.cz\/?post_type=product&#038;p=209"},"modified":"2022-04-18T21:11:28","modified_gmt":"2022-04-18T21:11:28","slug":"nutrihorse-biotin-alga-plus","status":"publish","type":"product","link":"https:\/\/www.agrolex.cz\/?product=nutrihorse-biotin-alga-plus","title":{"rendered":"NutriHorse Biotin Alga Plus"},"content":{"rendered":"<p>Pro zdravou srst, k\u016f\u017ei, kopyta a pro pos\u00edlen\u00ed obranyschopnosti organismu<\/p>\n<p>je ur\u010den k \u00fahrad\u011b zv\u00fd\u0161en\u00e9 pot\u0159eby \u017eivin pro spr\u00e1vn\u00fd v\u00fdvoj k\u016f\u017ee a srsti. Leskl\u00e1 a zdrav\u00e1 srst dokresluje zdravotn\u00ed stav kon\u011b. Kombinace specificky \u00fa\u010dinn\u00fdch l\u00e1tek jako jsou biotin, DL-methionin, zinek, m\u011b\u010f a sladkovodn\u00ed \u0159asa Chlorella zaji\u0161\u0165uje zdrav\u00fd v\u00fdvoj a r\u016fst k\u016f\u017ee a srsti kon\u00ed. Sladkovodn\u00ed \u0159asa Chlorella nav\u00edc posiluje obranyschopnost organismu.<\/p>\n<p>&nbsp;<\/p>\n<h3>D\u00e1vkov\u00e1n\u00ed<\/h3>\n<p>Doporu\u010den\u00e9 denn\u00ed d\u00e1vkov\u00e1n\u00ed na 100 kg v\u00e1hy kon\u011b: 0,5-1 tbl.<\/p>\n<h3><\/h3>\n<h3>Slo\u017een\u00ed<\/h3>\n<p>lakt\u00f3za, gluk\u00f3za, p\u0161eni\u010dn\u00fd \u0161krob, pivovarsk\u00e9 kvasnice, uhli\u010ditan v\u00e1penat\u00fd, sladkovodn\u00ed \u0159asa Chlorella 1 % Analytick\u00e9 slo\u017eky v 1 kg: hrub\u00fd protein 12,9 %, hrub\u00e1 vl\u00e1knina 0,2 %, hrub\u00fd tuk 0,2 %, hrub\u00fd popel 2,7 %, v\u00e1pn\u00edk 0,7 %, fosfor 0,1 %, sod\u00edk 0,03 % Dopl\u0148kov\u00e9 l\u00e1tky v 1 kg: Vitaminy, provitaminy a chemicky definovan\u00e9 l\u00e1tky s podobn\u00fdmi \u00fa\u010dinky: biotin 1 000 mg, vitamin B6 1 000 mg, Slou\u010deniny stopov\u00fdch prvk\u016f: E6 oxid zine\u010dnat\u00fd (jako Zn) 1 500 mg, chel\u00e1t zinku a aminokyselin n-hydr\u00e1t (jako Zn) 1 500 mg, E4 chel\u00e1t m\u011bdi a aminokyselin n-hydr\u00e1t (jako Cu) 1 000 mg Aminokyseliny, jejich soli a analogy: 3.1.1. DL-methionin 150 g.<\/p>\n<p>&nbsp;<\/p>\n<h3>Doba pou\u017eitelnosti<\/h3>\n<p>12 m\u011bs\u00edc\u016f od otev\u0159en\u00ed<\/p>\n<p>&nbsp;<\/p>\n<h3>Balen\u00ed<\/h3>\n<p>1 kg, 3 kg<\/p>\n","protected":false},"excerpt":{"rendered":"<p>Pro zdravou srst, k\u016f\u017ei, kopyta a pro pos\u00edlen\u00ed obranyschopnosti organismu<\/p>\n<p>je ur\u010den k \u00fahrad\u011b zv\u00fd\u0161en\u00e9 pot\u0159eby \u017eivin pro spr\u00e1vn\u00fd v\u00fdvoj k\u016f\u017ee a srsti. Leskl\u00e1 a zdrav\u00e1 srst dokresluje zdravotn\u00ed stav kon\u011b. Kombinace specificky \u00fa\u010dinn\u00fdch l\u00e1tek jako jsou biotin, DL-methionin, zinek, m\u011b\u010f a sladkovodn\u00ed \u0159asa Chlorella zaji\u0161tuje zdrav\u00fd v\u00fdvoj a r\u016fst k\u016f\u017ee a srsti kon\u00ed. Sladkovodn\u00ed \u0159asa Chlorella nav\u00edc posiluje obranyschopnost organismu.<\/p>\n","protected":false},"featured_media":212,"comment_status":"open","ping_status":"closed","template":"","meta":[],"_links":{"self":[{"href":"https:\/\/www.agrolex.cz\/index.php?rest_route=\/wp\/v2\/product\/209"}],"collection":[{"href":"https:\/\/www.agrolex.cz\/index.php?rest_route=\/wp\/v2\/product"}],"about":[{"href":"https:\/\/www.agrolex.cz\/index.php?rest_route=\/wp\/v2\/types\/product"}],"replies":[{"embeddable":true,"href":"https:\/\/www.agrolex.cz\/index.php?rest_route=%2Fwp%2Fv2%2Fcomments&post=209"}],"wp:featuredmedia":[{"embeddable":true,"href":"https:\/\/www.agrolex.cz\/index.php?rest_route=\/wp\/v2\/media\/212"}],"wp:attachment":[{"href":"https:\/\/www.agrolex.cz\/index.php?rest_route=%2Fwp%2Fv2%2Fmedia&parent=209"}],"curies":[{"name":"wp","href":"https:\/\/api.w.org\/{rel}","templated":true}]}}