{"id":213,"date":"2020-06-20T20:31:18","date_gmt":"2020-06-20T20:31:18","guid":{"rendered":"http:\/\/www.agrolex.cz\/?post_type=product&#038;p=213"},"modified":"2022-04-18T21:11:05","modified_gmt":"2022-04-18T21:11:05","slug":"nutrihorse-chondro-plv","status":"publish","type":"product","link":"https:\/\/www.agrolex.cz\/?product=nutrihorse-chondro-plv","title":{"rendered":"NutriHorse Chondro plv."},"content":{"rendered":"<p>Pro h\u0159\u00edbata, mlad\u00e9 kon\u011b, kon\u011b v\u00a0z\u00e1t\u011b\u017ei a star\u0161\u00ed kon\u011b<\/p>\n<ul class=\"focus\">\n<li>Obsahuje kombinaci kolagenu, glukosaminu, chondroitinu a kyseliny hyaluronov\u00e9<\/li>\n<li>Vy\u017eivuje klouby kon\u00ed<\/li>\n<li>Vitamin C proti z\u00e1n\u011bt\u016fm<\/li>\n<li>Forma pr\u00e1\u0161ku k\u00a0zapracov\u00e1n\u00ed do krmn\u00e9 d\u00e1vky<\/li>\n<\/ul>\n<p>&nbsp;<\/p>\n<p>Je ur\u010den k \u00fahrad\u011b zv\u00fd\u0161en\u00e9 pot\u0159eby \u017eivin p\u0159i r\u016fstu a v\u00fdvoji kloubu a chrupavek h\u0159\u00edbat a mlad\u00fdch kon\u00ed, kon\u00ed ve sportovn\u00ed z\u00e1t\u011b\u017ei a star\u0161\u00edch kon\u00ed. Obsahuje vybran\u00e9 l\u00e1tky, jako jsou vitam\u00edn C, mikroprvky v organick\u00e9 podob\u011b, DL-methionin a unik\u00e1tn\u00ed kombinaci hydrolyz\u00e1tu kolagenu, glukosaminu, chondroitinu a kyseliny hyaluronov\u00e9, kter\u00e9 napom\u00e1haj\u00ed ke spr\u00e1vn\u00e9 funkci kloubu kon\u011b.<\/p>\n<h3><\/h3>\n<h3>D\u00e1vkov\u00e1n\u00ed<\/h3>\n<p>Doporu\u010den\u00e9 denn\u00ed d\u00e1vkov\u00e1n\u00ed na 100 kg v\u00e1hy kon\u011b: H\u0159\u00edbata a mlad\u00ed kon\u011b 3 g, Kon\u011b ve sportovn\u00ed z\u00e1t\u011b\u017ei 3-7 g, Star\u0161\u00ed kon\u011b 7 g<\/p>\n<h3><\/h3>\n<h3>Slo\u017een\u00ed<\/h3>\n<p>glukosamin sulf\u00e1t 17 %, chondroitin sulf\u00e1t 10 %, lakt\u00f3za su\u0161en\u00e1, \u0161krob, celul\u00f3za, hydrolyz\u00e1t kolagenu 7 %, hydrogenfosfore\u010dnan v\u00e1penat\u00fd, pivovarsk\u00e9 kvasnice, oxid hore\u010dnat\u00fd, hyaluron\u00e1t sodn\u00fd Analytick\u00e9 slo\u017eky v 1 kg: hrub\u00fd protein 19 %, hrub\u00e1 vl\u00e1knina 0,2 %, hrub\u00fd tuk 0,2 %, hrub\u00fd popel 2,9 %, v\u00e1pn\u00edk 2,6 %, fosfor 1,2 %, ho\u0159\u010d\u00edk 2 % Dopl\u0148kov\u00e9 l\u00e1tky v 1 kg: Vitaminy, provitaminy a chemicky definovan\u00e9 l\u00e1tky s podobn\u00fdmi \u00fa\u010dinky: vitamin E (jako alfa tokoferol) 20 000 mg, biotin 70 000 mcg, niacinamid 4 000 mg, vitamin C 25 000 mg. Slou\u010deniny stopov\u00fdch prvku: E4 chel\u00e1t m\u011bdi a aminokyselin n-hydr\u00e1t (jako Cu) 650 mg, E5 chel\u00e1t manganu a aminokyselin n-hydr\u00e1t (jako Mn) 2 500 mg, E6 chel\u00e1t zinku a aminokyselin n-hydr\u00e1t (jako Zn) 2 000 mg, 3b8.11 organick\u00e1 forma selenu ze Saccharomyces cerevisiae NCYC R397 (inaktivovan\u00e9 kvasnice se selenem) (jako Se) 16 mg Aminokyseliny, jejich soli a analogy: 3.1.1. DL-methionin 40 g<\/p>\n<p>&nbsp;<\/p>\n<h3>Doba pou\u017eitelnosti<\/h3>\n<p>12 m\u011bs\u00edc\u016f od otev\u0159en\u00ed<\/p>\n<p>&nbsp;<\/p>\n<h3>Balen\u00ed<\/h3>\n<p>1 kg<\/p>\n","protected":false},"excerpt":{"rendered":"<p>Pro h\u0159\u00edbata, mlad\u00e9 kon\u011b, kon\u011b v\u00a0z\u00e1t\u011b\u017ei a star\u0161\u00ed kon\u011b<\/p>\n<ul class=\"focus\">\n<li>Obsahuje kombinaci kolagenu, glukosaminu, chondroitinu a kyseliny hyaluronov\u00e9<\/li>\n<li>Vy\u017eivuje klouby kon\u00ed<\/li>\n<li>Vitamin C proti z\u00e1n\u011bt\u016fm<\/li>\n<li>Forma pr\u00e1\u0161ku k\u00a0zapracov\u00e1n\u00ed do krmn\u00e9 d\u00e1vky<\/li>\n<\/ul>\n","protected":false},"featured_media":215,"comment_status":"open","ping_status":"closed","template":"","meta":[],"_links":{"self":[{"href":"https:\/\/www.agrolex.cz\/index.php?rest_route=\/wp\/v2\/product\/213"}],"collection":[{"href":"https:\/\/www.agrolex.cz\/index.php?rest_route=\/wp\/v2\/product"}],"about":[{"href":"https:\/\/www.agrolex.cz\/index.php?rest_route=\/wp\/v2\/types\/product"}],"replies":[{"embeddable":true,"href":"https:\/\/www.agrolex.cz\/index.php?rest_route=%2Fwp%2Fv2%2Fcomments&post=213"}],"wp:featuredmedia":[{"embeddable":true,"href":"https:\/\/www.agrolex.cz\/index.php?rest_route=\/wp\/v2\/media\/215"}],"wp:attachment":[{"href":"https:\/\/www.agrolex.cz\/index.php?rest_route=%2Fwp%2Fv2%2Fmedia&parent=213"}],"curies":[{"name":"wp","href":"https:\/\/api.w.org\/{rel}","templated":true}]}}