{"id":216,"date":"2020-06-20T20:38:42","date_gmt":"2020-06-20T20:38:42","guid":{"rendered":"http:\/\/www.agrolex.cz\/?post_type=product&#038;p=216"},"modified":"2022-04-18T21:10:29","modified_gmt":"2022-04-18T21:10:29","slug":"nutrihorse-chondro-plus","status":"publish","type":"product","link":"https:\/\/www.agrolex.cz\/?product=nutrihorse-chondro-plus","title":{"rendered":"NutriHorse Chondro Plus"},"content":{"rendered":"<p>Pro kon\u011b v\u00a0pracovn\u00ed a sportovn\u00ed z\u00e1t\u011b\u017ei a pro star\u0161\u00ed kon\u011b<\/p>\n<ul class=\"focus\">\n<li>MSM, chondroitin, glukosamin, kolagen, kyselina hyaluronov\u00e1 a vitamin C<\/li>\n<li>Boswellia Serrata s\u00a0protiz\u00e1n\u011btliv\u00fdmi \u00fa\u010dinky<\/li>\n<\/ul>\n<p>&nbsp;<\/p>\n<p>je speci\u00e1ln\u00ed p\u0159\u00edpravek slou\u017e\u00edc\u00ed k regeneraci a v\u00fdstavb\u011b kloubn\u00edch chrupavek, kloubn\u00edch pouzder, vazu, \u0161lach a pojivov\u00fdch tk\u00e1n\u00ed. Obsa\u017een\u00e9 \u00fa\u010dinn\u00e9 l\u00e1tky jsou z\u00e1kladn\u00edmi stavebn\u00edmi jednotkami kloubn\u00ed chrupavky a pojivov\u00fdch tk\u00e1n\u00ed. Snadno se vst\u0159eb\u00e1vaj\u00ed a zabudov\u00e1vaj\u00ed do nov\u011b se tvo\u0159\u00edc\u00ed nebo regeneruj\u00edc\u00ed chrupavky, zvy\u0161uj\u00ed hydrataci a elasticitu a posiluj\u00ed jej\u00ed mechanickou odolnost. Je ur\u010den pro v\u0161echny kon\u011b, u nich\u017e se vyskytuj\u00ed akutn\u00ed, chronick\u00e9 nebo degenerativn\u00ed probl\u00e9my v kloubech, vazech \u010di \u0161lach\u00e1ch. Preventivn\u011b se doporu\u010duje pod\u00e1v\u00e1n\u00ed p\u0159\u00edpravku kon\u00edm v pracovn\u00ed a sportovn\u00ed z\u00e1t\u011b\u017ei a star\u0161\u00edm kon\u00edm.<\/p>\n<p>&nbsp;<\/p>\n<h3>D\u00e1vkov\u00e1n\u00ed<\/h3>\n<p>Doporu\u010den\u00e9 denn\u00ed d\u00e1vkov\u00e1n\u00ed na 100 kg v\u00e1hy kon\u011b: H\u0159\u00edbata a mlad\u00ed kon\u011b 3 g, Kon\u011b ve sportovn\u00ed z\u00e1t\u011b\u017ei 3-7 g, Star\u0161\u00ed kon\u011b 7 g<\/p>\n<p>&nbsp;<\/p>\n<h3>Slo\u017een\u00ed<\/h3>\n<p>glukosamin sulf\u00e1t 17 %, MSM(methylsulfonylmethan) 16,5 %, chondroitin sulf\u00e1t 10 %, Boswellia Serrata 9 %, hydrolyz\u00e1t kolagenu 7 %, hydrogenfosfore\u010dnan v\u00e1penat\u00fd, \u0161krob, pivovarsk\u00e9 kvasnice, lakt\u00f3za, oxid hore\u010dnat\u00fd, hyaluron\u00e1t sodn\u00fd 0,2 % Analytick\u00e9 slo\u017eky v 1 kg: hrub\u00fd protein 19 %, hrub\u00e1 vl\u00e1knina 0,2 %, hrub\u00fd tuk 0,2 %, hrub\u00fd popel 12,9 %, v\u00e1pn\u00edk 2,6 %, fosfor 1,2 %, sod\u00edk 0,01 %, ho\u0159\u010d\u00edk 2 % Dopl\u0148kov\u00e9 l\u00e1tky v 1 kg: Vitaminy, provitaminy a chemicky definovan\u00e9 l\u00e1tky s podobn\u00fdmi \u00fa\u010dinky: vitamin E (jako alfa tokoferol) 20 000 mg, biotin 70 000 mcg, niacinamid 4 000 mg, vitamin C 25 000 mg. Slou\u010deniny stopov\u00fdch prvku: E4 chel\u00e1t m\u011bdi a aminokyselin n-hydr\u00e1t (jako Cu) 650 mg, E5 chel\u00e1t manganu a aminokyselin n-hydr\u00e1t (jako Mn) 2 500 mg, E6 chel\u00e1t zinku a aminokyselin n-hydr\u00e1t (jako Zn) 2 000 mg, 3b8.11 organick\u00e1 forma selenu ze Saccharomyces cerevisiae NCYC R397 (inaktivovan\u00e9 kvasnice se selenem) (jako Se) 16 mg. Aminokyseliny, jejich soli a analogy: 3.1.1. DL-methionin 40 g<\/p>\n<p>&nbsp;<\/p>\n<h3>Doba pou\u017eitelnosti<\/h3>\n<p>12 m\u011bs\u00edc\u016f od otev\u0159en\u00ed<\/p>\n<p>&nbsp;<\/p>\n<h3>Balen\u00ed<\/h3>\n<p>1 kg<\/p>\n","protected":false},"excerpt":{"rendered":"<p>Pro kon\u011b v\u00a0pracovn\u00ed a sportovn\u00ed z\u00e1t\u011b\u017ei a pro star\u0161\u00ed kon\u011b<\/p>\n<ul class=\"focus\">\n<li>MSM, chondroitin, glukosamin, kolagen, kyselina hyaluronov\u00e1 a vitamin C<\/li>\n<li>Boswellia Serrata s\u00a0protiz\u00e1n\u011btliv\u00fdmi \u00fa\u010dinky<\/li>\n<\/ul>\n","protected":false},"featured_media":218,"comment_status":"open","ping_status":"closed","template":"","meta":[],"_links":{"self":[{"href":"https:\/\/www.agrolex.cz\/index.php?rest_route=\/wp\/v2\/product\/216"}],"collection":[{"href":"https:\/\/www.agrolex.cz\/index.php?rest_route=\/wp\/v2\/product"}],"about":[{"href":"https:\/\/www.agrolex.cz\/index.php?rest_route=\/wp\/v2\/types\/product"}],"replies":[{"embeddable":true,"href":"https:\/\/www.agrolex.cz\/index.php?rest_route=%2Fwp%2Fv2%2Fcomments&post=216"}],"wp:featuredmedia":[{"embeddable":true,"href":"https:\/\/www.agrolex.cz\/index.php?rest_route=\/wp\/v2\/media\/218"}],"wp:attachment":[{"href":"https:\/\/www.agrolex.cz\/index.php?rest_route=%2Fwp%2Fv2%2Fmedia&parent=216"}],"curies":[{"name":"wp","href":"https:\/\/api.w.org\/{rel}","templated":true}]}}