{"id":251,"date":"2020-07-09T19:43:22","date_gmt":"2020-07-09T19:43:22","guid":{"rendered":"http:\/\/www.agrolex.cz\/?post_type=product&#038;p=251"},"modified":"2022-10-17T11:00:52","modified_gmt":"2022-10-17T11:00:52","slug":"nutrihorse-senior","status":"publish","type":"product","link":"https:\/\/www.agrolex.cz\/?product=nutrihorse-senior","title":{"rendered":"NutriHorse Senior"},"content":{"rendered":"<h3>M\u00fcsli bez ovsa s antioxidanty proti st\u00e1rnut\u00ed<\/h3>\n<ul class=\"focus\">\n<li>bez ovsa<\/li>\n<li>speci\u00e1ln\u00ed kombinace v\u0161ech d\u016fle\u017eit\u00fdch vitamin\u016f a miner\u00e1ln\u00edch l\u00e1tek<\/li>\n<li>extra vitamin C a E pro pomalej\u0161\u00ed st\u00e1rnut\u00ed<\/li>\n<\/ul>\n<h3><\/h3>\n<h3>Popis<\/h3>\n<p>NutriHorse M\u00fcsli Senior je speci\u00e1ln\u011b sestaven\u00e9 krmivo pro star\u00e9 kon\u011b. Kvalitn\u00ed suroviny, jejich opracov\u00e1n\u00ed a pom\u011br zaji\u0161\u0165uj\u00ed pro star\u00e9 kon\u011b odpov\u00eddaj\u00edc\u00ed stravitelnost a vyu\u017eitelnost pot\u0159ebn\u00fdch \u017eivin. Zv\u00fd\u0161en\u00fd obsah vitamin\u016f, stopov\u00fdch prvk\u016f a antioxidant\u016f zpomaluj\u00ed p\u0159\u00edznaky st\u00e1rnut\u00ed a umo\u017e\u0148uj\u00ed star\u00fdm kon\u00edm del\u0161\u00ed a kvalitn\u011bj\u0161\u00ed do\u017eit\u00ed se sv\u00fdmi majiteli.<\/p>\n<h3><\/h3>\n<h3>D\u00e1vkov\u00e1n\u00ed<\/h3>\n<p>D\u00e1vkov\u00e1n\u00ed v kg na den:<br \/>\nkrmn\u00e1 d\u00e1vka 0.7 (k\u016f\u0148 200 kg) \/ 1.3 (k\u016f\u0148 400 kg) \/ 2 (k\u016f\u0148 600 kg)<\/p>\n<h3><\/h3>\n<h3>Slo\u017een\u00ed<\/h3>\n<p>boj\u00ednek lu\u010dn\u00ed, slune\u010dnice, vlo\u010dky je\u010dmene, vlo\u010dky kuku\u0159ice, slune\u010dnicov\u00e9 slupky, s\u00f3ja, vojt\u011b\u0161ka, vlo\u010dky hrachu, p\u0161eni\u010dn\u00e9 middlings, t\u0159tinov\u00e1 melasa, su\u0161en\u00e9 jable\u010dn\u00e9 v\u00fdlisky, ln\u011bn\u00fd olej, uhli\u010ditan v\u00e1penat\u00fd, krmn\u00e1 p\u0161enice, chlorid sodn\u00fd, ln\u011bn\u00e9 expelery, ln\u011bn\u00e9 semeno, dihydrogenfosfore\u010dnan v\u00e1penat\u00fd, je\u010dmen, pivovarsk\u00e9 kvasnice, oxid ho\u0159e\u010dnat\u00fd, slune\u010dnicov\u00fd olej, bramborov\u00fd \u0161krob. Analytick\u00e9 slo\u017eky v 1kg: hrub\u00fd protein 13,6 %; hrub\u00e9 oleje a tuky 4,8 %; hrub\u00e1 vl\u00e1knina 17,0 %; hrub\u00fd popel 8,6 %; sod\u00edk 0,6 %; \u0161krob 19 %; cukry 5,3 % . Nutri\u010dn\u00ed dopl\u0148kov\u00e9 l\u00e1tky v 1kg: Vitaminy: vit.A 23 000 m.j.; vit. D3 1 400 m.j.; vit E 250 mg; vit. C 80 mg. Mikroprvky: \u017eelezo 76 mg; j\u00f3d 1,5 mg; m\u011b\u010f 20 mg; mangan 60 mg; zinek 125 mg; selen 0,4 mg. Energie: 12,0 MJ\/kg<\/p>\n<p>&nbsp;<\/p>\n<h3>Doba pou\u017eitelnosti<\/h3>\n<p>12 m\u011bs\u00edc\u016f od data v\u00fdroby<\/p>\n<p>&nbsp;<\/p>\n<h3>Balen\u00ed<\/h3>\n<p>15 kg<\/p>\n","protected":false},"excerpt":{"rendered":"<h3>M\u00fcsli bez ovsa s antioxidanty proti st\u00e1rnut\u00ed<\/h3>\n<ul class=\"focus\">\n<li>bez ovsa<\/li>\n<li>speci\u00e1ln\u00ed kombinace v\u0161ech d\u016fle\u017eit\u00fdch vitamin\u016f a miner\u00e1ln\u00edch l\u00e1tek<\/li>\n<li>extra vitamin C a E pro pomalej\u0161\u00ed st\u00e1rnut\u00ed<\/li>\n<\/ul>\n<h3><\/h3>\n","protected":false},"featured_media":252,"comment_status":"open","ping_status":"closed","template":"","meta":[],"_links":{"self":[{"href":"https:\/\/www.agrolex.cz\/index.php?rest_route=\/wp\/v2\/product\/251"}],"collection":[{"href":"https:\/\/www.agrolex.cz\/index.php?rest_route=\/wp\/v2\/product"}],"about":[{"href":"https:\/\/www.agrolex.cz\/index.php?rest_route=\/wp\/v2\/types\/product"}],"replies":[{"embeddable":true,"href":"https:\/\/www.agrolex.cz\/index.php?rest_route=%2Fwp%2Fv2%2Fcomments&post=251"}],"wp:featuredmedia":[{"embeddable":true,"href":"https:\/\/www.agrolex.cz\/index.php?rest_route=\/wp\/v2\/media\/252"}],"wp:attachment":[{"href":"https:\/\/www.agrolex.cz\/index.php?rest_route=%2Fwp%2Fv2%2Fmedia&parent=251"}],"curies":[{"name":"wp","href":"https:\/\/api.w.org\/{rel}","templated":true}]}}