{"id":255,"date":"2020-07-09T19:46:47","date_gmt":"2020-07-09T19:46:47","guid":{"rendered":"http:\/\/www.agrolex.cz\/?post_type=product&#038;p=255"},"modified":"2022-10-17T11:01:46","modified_gmt":"2022-10-17T11:01:46","slug":"nutrihorse-herbs","status":"publish","type":"product","link":"https:\/\/www.agrolex.cz\/?product=nutrihorse-herbs","title":{"rendered":"NutriHorse Herbs"},"content":{"rendered":"<h3>Bylinn\u00e9 m\u00fcsli na podporu d\u00fdch\u00e1n\u00ed<\/h3>\n<ul class=\"focus\">\n<li>chutn\u00e9 zdrav\u00e9 m\u00fcsli<\/li>\n<li>speci\u00e1ln\u00ed sm\u011bs bylin<\/li>\n<li>n\u00edzk\u00fd obsah \u0161krobu a cukr\u016f<\/li>\n<\/ul>\n<h3>Popis<\/h3>\n<p>NutriHorse M\u00fcsli Herbs je v\u00fdjime\u010dn\u00e9 krmivo s obsahem vybran\u00fdch bylin na podporu d\u00fdch\u00e1n\u00ed u kon\u00ed. Posiluje p\u0159irozenou obranyschopnost organismu, pozitivn\u011b p\u016fsob\u00ed na pr\u016fdu\u0161ky a uvol\u0148ov\u00e1n\u00ed hlen\u016f. Pro lep\u0161\u00ed \u00fa\u010dinnost je vhodn\u00e9 m\u00fcsli zal\u00edt horkou vodou, nechat zchladnout na cca 42 \u00b0C a nechat kon\u011b p\u0159i \u017eran\u00ed inhalovat p\u00e1ru.<\/p>\n<h3><\/h3>\n<h3>D\u00e1vkov\u00e1n\u00ed<\/h3>\n<p>D\u00e1vkov\u00e1n\u00ed v kg na den:<br \/>\nkrmn\u00e1 d\u00e1vka 0.3 (k\u016f\u0148 200 kg) \/ 1.7 (k\u016f\u0148 400 kg) \/ 1 (k\u016f\u0148 600 kg)<\/p>\n<h3><\/h3>\n<h3>Slo\u017een\u00ed<\/h3>\n<p>vlo\u010dky je\u010dmene, vlo\u010dkovan\u00e9 ln\u011bn\u00e9 semeno, slune\u010dnicov\u00e9 slupky, p\u0161eni\u010dn\u00e9 otruby, su\u0161en\u00e9 jable\u010dn\u00e9 v\u00fdlisky, vlo\u010dky kuku\u0159ice, vlo\u010dky hrachu, t\u0159tinov\u00e1 melasa, petr\u017eel, vlo\u010dky mrkve, m\u011bs\u00ed\u010dek, \u0161\u00edpek, ln\u011bn\u00e9 expelery, bazalka, rozmar\u00fdnov\u00e9 listy, fenyklov\u00e9 sem\u00ednko, m\u00e1tov\u00e9 listy, kop\u0159ivov\u00e9 listy. Analytick\u00e9 slo\u017eky v 1kg: hrub\u00fd protein 11,7 %; hrub\u00e9 oleje a tuky 8,4 %; hrub\u00e1 vl\u00e1knina 15,5 %; hrub\u00fd popel 3,8 %; sod\u00edk 0,1 %; \u0161krob 21 %; cukry 6 %. Energie: 12,0 MJ\/kg<\/p>\n<p>&nbsp;<\/p>\n<h3>Doba pou\u017eitelnosti<\/h3>\n<p>12 m\u011bs\u00edc\u016f od data v\u00fdroby<\/p>\n<p>&nbsp;<\/p>\n<h3>Balen\u00ed<\/h3>\n<p>12,5 kg<\/p>\n","protected":false},"excerpt":{"rendered":"<h3>Bylinn\u00e9 m\u00fcsli na podporu d\u00fdch\u00e1n\u00ed<\/h3>\n<ul class=\"focus\">\n<li>chutn\u00e9 zdrav\u00e9 m\u00fcsli<\/li>\n<li>speci\u00e1ln\u00ed sm\u011bs bylin<\/li>\n<li>n\u00edzk\u00fd obsah \u0161krobu a cukr\u016f<\/li>\n<\/ul>\n","protected":false},"featured_media":256,"comment_status":"open","ping_status":"closed","template":"","meta":[],"_links":{"self":[{"href":"https:\/\/www.agrolex.cz\/index.php?rest_route=\/wp\/v2\/product\/255"}],"collection":[{"href":"https:\/\/www.agrolex.cz\/index.php?rest_route=\/wp\/v2\/product"}],"about":[{"href":"https:\/\/www.agrolex.cz\/index.php?rest_route=\/wp\/v2\/types\/product"}],"replies":[{"embeddable":true,"href":"https:\/\/www.agrolex.cz\/index.php?rest_route=%2Fwp%2Fv2%2Fcomments&post=255"}],"wp:featuredmedia":[{"embeddable":true,"href":"https:\/\/www.agrolex.cz\/index.php?rest_route=\/wp\/v2\/media\/256"}],"wp:attachment":[{"href":"https:\/\/www.agrolex.cz\/index.php?rest_route=%2Fwp%2Fv2%2Fmedia&parent=255"}],"curies":[{"name":"wp","href":"https:\/\/api.w.org\/{rel}","templated":true}]}}