{"id":272,"date":"2020-07-09T20:30:49","date_gmt":"2020-07-09T20:30:49","guid":{"rendered":"http:\/\/www.agrolex.cz\/?post_type=product&#038;p=272"},"modified":"2025-06-09T22:11:08","modified_gmt":"2025-06-09T22:11:08","slug":"nutrican-senior-light","status":"publish","type":"product","link":"https:\/\/www.agrolex.cz\/?product=nutrican-senior-light","title":{"rendered":"NutriCan Senior &#038; Light"},"content":{"rendered":"<p><strong>Kompletn\u00ed pr\u00e9miov\u00e9 krmivo pro star\u0161\u00ed psy a psy trp\u00edc\u00ed nadv\u00e1hou v\u0161ech plemen. <\/strong><\/p>\n<p><strong>S\u00a0vysoce kvalitn\u00edm ku\u0159ec\u00edm masem pro dokonalou stravitelnost. <\/strong><\/p>\n<p><strong>Protein 21%, tuk 8%, omega 3: 0,1%, omega 6: 0,85%<\/strong><\/p>\n<p>&nbsp;<\/p>\n<div class=\"grid-x grid-margin-x benefit\">\n<div class=\" small-12 medium-9 cell\">\n<p><b>ZDRAV\u00c9 HUBNUT\u00cd <\/b>&#8211; Kombinace vl\u00e1kniny, su\u0161en\u00fdch jablek a v\u00fdta\u017ek\u016f z juky zlep\u0161uje metabolick\u00e9 procesy a p\u0159isp\u00edv\u00e1 k hubnut\u00ed<\/p>\n<p><b>VITAM\u00cdNY <\/b>&#8211; Spr\u00e1vn\u00e1 rovnov\u00e1ha vitam\u00edn\u016f zaji\u0161\u0165uje skv\u011blou kondici<\/p>\n<\/div>\n<\/div>\n<div class=\"grid-x grid-margin-x benefit\">\n<p class=\" small-12 medium-3 cell\"><b>SVALY <\/b>&#8211; Esenci\u00e1ln\u00ed aminokyseliny zaji\u0161\u0165uj\u00ed r\u016fst sval\u016f<\/p>\n<\/div>\n<div class=\"grid-x grid-margin-x benefit\">\n<div class=\" small-12 medium-3 cell\"><b>KLOUBY <\/b>&#8211; Chondroprotektiva a omega-3 mastn\u00e9 kyseliny zlep\u0161uj\u00ed pevnost chrupavky<\/div>\n<\/div>\n<div><\/div>\n<div>\n<p><span class=\"title\"><strong>SLO\u017dEN\u00cd<\/strong>:<\/span> ku\u0159ec\u00ed mou\u010dka (20%), p\u0161enice, kuku\u0159ice, su\u0161en\u00e1 jablka (zdroj prebiotik), su\u0161en\u00e9 ku\u0159ec\u00ed maso (9%), su\u0161en\u00e9 \u0159epn\u00e9 \u0159\u00edzky, pivovarsk\u00e9 kvasnice, ku\u0159ec\u00ed tuk (konzervov\u00e1no tokoferoly), hydrolyzovan\u00e1 ku\u0159ec\u00ed j\u00e1tra (2%), sle\u010fov\u00fd olej (1%), su\u0161en\u00e1 mo\u0159sk\u00e1 \u0159asa (0,2%) (zdroj prebiotik), hydrolyzovan\u00e9 schr\u00e1nky kor\u00fd\u0161\u016f (0,026%) (zdroj glukosamin sulf\u00e1tu), hydrolyzovan\u00e9 chrupavky (0,016%) (zdroj chondroitin sulf\u00e1tu), yucca (0,01%).<\/p>\n<\/div>\n<p><span class=\"title\"><strong>ANALYTICK\u00c9 SLO\u017dKY<\/strong>:<\/span> hrub\u00fd protein 21,0 %, obsah tuku 8,0 %,vlhkost 10,0 %, hrub\u00fd popel 5,0 %, hrub\u00e1 vl\u00e1knina 3,5 %, v\u00e1pn\u00edk 1,1 %, fosfor 0,8 %, sod\u00edk 0,1 %.<\/p>\n<p><span class=\"title\"><strong>NUTRI\u010cN\u00cd ADITIVA V 1 KG<\/strong>:<\/span> vitam\u00edn A (E672) 14 000 IU, vitam\u00edn D3 (E671) 1 400 IU, vitam\u00edn E (\u03b1- tokoferol) (3a700) 400 mg, L-lysin (3.2.3.) 25 mg,DL-methionin (3.1.1.) 125 mg, m\u011b\u010f (E4) 15 mg, \u017eelezo (E1) 70 mg, zinek (E6) 80 mg, mangan (E5) 36 mg, jod (E2) 0,7 mg, selen (E8) 0,2 mg. Obsahuje EU schv\u00e1len\u00e9 antioxidanty. Omega 3: 0,1%, Omega 6: 0,85%.<\/p>\n<p><strong><span class=\"title\">METABOLIZOVATELN\u00c1 ENERGIE:<\/span><\/strong> 3 450 kcal\/kg.<\/p>\n<p><span class=\"title\"><strong>N\u00c1VOD KE KRMEN\u00cd<\/strong>: Krmivo m\u016f\u017ee b\u00fdt pod\u00e1no such\u00e9 nebo navlh\u010den\u00e9 vla\u017enou vodou. B\u011bhem p\u0159ivyk\u00e1n\u00ed je vhodn\u00e9 za\u010d\u00edt s men\u0161\u00edm mno\u017estv\u00edm krmiva a postupn\u011b navy\u0161ovat pom\u011br NutriCanu. Doporu\u010den\u00e1 denn\u00ed krmn\u00e1 d\u00e1vka je uvedena v krmn\u00e9 tabulce. <\/span><\/p>\n<p><span class=\"title\">Denn\u00ed pot\u0159eba uveden\u00e1 v krmn\u00e9 tabulce se m\u016f\u017ee li\u0161it dle v\u011bku, velikosti a \u00farovn\u011b zat\u00ed\u017een\u00ed psa. V\u017edy zajist\u011bte neust\u00e1l\u00fd p\u0159\u00edstup k \u010derstv\u00e9 vod\u011b.<\/span><\/p>\n<p><span class=\"title\"><strong>SKLADOV\u00c1N\u00cd<\/strong>: skladujte na such\u00e9m, chladn\u00e9m a v\u011btran\u00e9m m\u00edst\u011b v uzav\u0159en\u00e9m origin\u00e1ln\u00edm balen\u00ed. Datum v\u00fdroby: 18 m\u011bs\u00edc\u016f p\u0159ed datem spot\u0159eby uveden\u00e9m na obalu. Datum spot\u0159eby a \u0161ar\u017ee: uvedeno na obalu.<\/span><\/p>\n<p>15 KG \/ 3 KG<\/p>\n<p><strong>KRMN\u00c1 TABULKA:<\/strong><\/p>\n<table class=\"table01\">\n<tbody>\n<tr>\n<th>V\u00e1ha psa (kg)<\/th>\n<th>0 \u2013 5<\/th>\n<th>5 \u2013 10<\/th>\n<th>10 \u2013 20<\/th>\n<th>20 \u2013 30<\/th>\n<th>30 \u2013 40<\/th>\n<th>40 \u2013 50<\/th>\n<th>50 \u2013 60<\/th>\n<th>60 \u2013 70<\/th>\n<\/tr>\n<tr>\n<td class=\"tlabel\">B\u011b\u017en\u00e1 z\u00e1t\u011b\u017e \u2013 denn\u00ed p\u0159\u00edjem (g)<\/td>\n<td>70<\/td>\n<td>70 \u2013 120<\/td>\n<td>120 \u2013 200<\/td>\n<td>200 \u2013 270<\/td>\n<td>270 \u2013 340<\/td>\n<td>340 \u2013 400<\/td>\n<td>400 \u2013 460<\/td>\n<td>460 \u2013 510<\/td>\n<\/tr>\n<tr>\n<td class=\"tlabel\">Vysok\u00e1 z\u00e1t\u011b\u017e \u2013 denn\u00ed p\u0159\u00edjem (g)<\/td>\n<td>85<\/td>\n<td>85 \u2013 145<\/td>\n<td>145 \u2013 240<\/td>\n<td>240 \u2013 330<\/td>\n<td>330 \u2013 410<\/td>\n<td>410 \u2013 480<\/td>\n<td>480 \u2013 550<\/td>\n<td>550 \u2013 610<\/td>\n<\/tr>\n<\/tbody>\n<\/table>\n","protected":false},"excerpt":{"rendered":"<p><strong>Kompletn\u00ed pr\u00e9miov\u00e9 krmivo pro star\u0161\u00ed psy a psy trp\u00edc\u00ed nadv\u00e1hou v\u0161ech plemen. <\/strong><\/p>\n<p><strong>S\u00a0vysoce kvalitn\u00edm ku\u0159ec\u00edm masem pro dokonalou stravitelnost. <\/strong><\/p>\n<p><strong>Protein 21%, tuk 8%, omega 3: 0,1%, omega 6: 0,85%<\/strong><\/p>\n<p>&nbsp;<\/p>\n<div class=\"grid-x grid-margin-x benefit\">\n<div class=\" small-12 medium-9 cell\">\n<p><b>ZDRAV\u00c9 HUBNUT\u00cd <\/b>&#8211; Kombinace vl\u00e1kniny, su\u0161en\u00fdch jablek a v\u00fdta\u017ek\u016f z juky zlep\u0161uje metabolick\u00e9 procesy a p\u0159isp\u00edv\u00e1 k hubnut\u00ed<\/p>\n<p><b>VITAM\u00cdNY <\/b>&#8211; Spr\u00e1vn\u00e1 rovnov\u00e1ha vitam\u00edn\u016f zaji\u0161\u0165uje skv\u011blou kondici<\/p>\n<\/div>\n<\/div>\n<div class=\"grid-x grid-margin-x benefit\">\n<p class=\" small-12 medium-3 cell\"><b>SVALY <\/b>&#8211; Esenci\u00e1ln\u00ed aminokyseliny zaji\u0161\u0165uj\u00ed r\u016fst sval\u016f<\/p>\n<\/div>\n<div class=\"grid-x grid-margin-x benefit\">\n<div class=\" small-12 medium-3 cell\"><b>KLOUBY <\/b>&#8211; Chondroprotektiva a omega-3 mastn\u00e9 kyseliny zlep\u0161uj\u00ed pevnost chrupavky<\/div>\n<\/div>\n","protected":false},"featured_media":275,"comment_status":"open","ping_status":"closed","template":"","meta":[],"_links":{"self":[{"href":"https:\/\/www.agrolex.cz\/index.php?rest_route=\/wp\/v2\/product\/272"}],"collection":[{"href":"https:\/\/www.agrolex.cz\/index.php?rest_route=\/wp\/v2\/product"}],"about":[{"href":"https:\/\/www.agrolex.cz\/index.php?rest_route=\/wp\/v2\/types\/product"}],"replies":[{"embeddable":true,"href":"https:\/\/www.agrolex.cz\/index.php?rest_route=%2Fwp%2Fv2%2Fcomments&post=272"}],"wp:featuredmedia":[{"embeddable":true,"href":"https:\/\/www.agrolex.cz\/index.php?rest_route=\/wp\/v2\/media\/275"}],"wp:attachment":[{"href":"https:\/\/www.agrolex.cz\/index.php?rest_route=%2Fwp%2Fv2%2Fmedia&parent=272"}],"curies":[{"name":"wp","href":"https:\/\/api.w.org\/{rel}","templated":true}]}}