{"id":282,"date":"2020-07-09T21:52:47","date_gmt":"2020-07-09T21:52:47","guid":{"rendered":"http:\/\/www.agrolex.cz\/?post_type=product&#038;p=282"},"modified":"2025-06-09T22:09:31","modified_gmt":"2025-06-09T22:09:31","slug":"nutrican-cat-kitten","status":"publish","type":"product","link":"https:\/\/www.agrolex.cz\/?product=nutrican-cat-kitten","title":{"rendered":"NutriCan Cat Kitten"},"content":{"rendered":"<p><strong>Kompletn\u00ed pr\u00e9miov\u00e9 krmivo pro ko\u0165ata. <\/strong><\/p>\n<p><strong>S\u00a0chutn\u00fdm ku\u0159ec\u00edm a sled\u00edm masem. Protein 36%, tuk 17%.<\/strong><\/p>\n<p>&nbsp;<\/p>\n<div class=\"grid-x grid-margin-x benefit\">\n<div class=\" small-12 medium-9 cell\">\n<p><b>SVALY <\/b>&#8211; Esenci\u00e1ln\u00ed aminokyseliny zaji\u0161\u0165uj\u00ed r\u016fst sval\u016f<\/p>\n<p><b>SRST <\/b>&#8211; Sled\u00ed maso a olej spolu s biotinem pro lesklou srst<\/p>\n<p><b>SMYSLY <\/b>&#8211; DHA &amp; EPA ovliv\u0148uj\u00ed v\u00fdvoj smyslov\u00fdch org\u00e1n\u016f<\/p>\n<\/div>\n<\/div>\n<div class=\"grid-x grid-margin-x benefit\">\n<div class=\" small-12 medium-3 cell\"><b>VITAM\u00cdNY <\/b>&#8211; Spr\u00e1vn\u00e1 rovnov\u00e1ha vitam\u00edn\u016f zaji\u0161\u0165uje zdrav\u00fd v\u00fdvoj<\/div>\n<\/div>\n<div><\/div>\n<div>\n<p><span class=\"title\"><strong>SLO\u017dEN\u00cd<\/strong>:<\/span> ku\u0159ec\u00ed mou\u010dka (20 %), r\u00fd\u017ee, su\u0161en\u00e9 ku\u0159ec\u00ed maso (17 %), kuku\u0159ice, ku\u0159ec\u00ed tuk (konzervovan\u00fd tokoferoly), pivovarsk\u00e9 kvasnice, p\u0159\u00edrodn\u00ed vl\u00e1knina, sle\u010fov\u00e1 mou\u010dka (4 %), hydrolyzovan\u00e1 ku\u0159ec\u00ed j\u00e1tra (2 %), sle\u010fov\u00fd olej (1 %), su\u0161en\u00e1 \u0159asa (0,2 %) (zdroj prebiotik), mannanoligosacharidy(150 mg\/kg), juka (0,01 %).<\/p>\n<\/div>\n<p><span class=\"title\"><strong>ANALYTICK\u00c9 SLO\u017dKY<\/strong>:<\/span> hrub\u00fd protein 36 %, obsah tuku 17 %, hrub\u00e1 vl\u00e1knina 2,0 %, hrub\u00fd popel 7,1 %, vlhkost 10,0 %, v\u00e1pn\u00edk 1,4 %, fosfor 1,0 %, sod\u00edk 0,3 %, ho\u0159\u010d\u00edk 0,08 %.<\/p>\n<p><span class=\"title\"><strong>NUTRI\u010cN\u00cd ADITIVA V 1 KG<\/strong>:<\/span> vitam\u00edn A (3a672a) 22\u00a0000 I.U., vitam\u00edn D3 (E671) 900 I.U., vitam\u00edn E (alfa tokoferol) (3a700) 700 mg, taurin (3a370) 2 200 mg, biotin (3a880) 1,8 mg, zinek (E6) 150 mg, \u017eelezo (E1) 45 mg, mangan (E5) 55 mg, m\u011b\u010f (E4) 12 mg, j\u00f3d (3b201) 3,5 mg, selen (3b8.10) 0,2 mg, L-lysin (3.2.3.) 10 mg, DLmethionin (3c301) 14 mg.<\/p>\n<p><strong><span class=\"title\">METABOLIZOVATELN\u00c1 ENERGIE:<\/span><\/strong> 3 950 kcal\/kg.<\/p>\n<p><span class=\"title\"><strong>N\u00c1VOD KE KRMEN\u00cd<\/strong>:\u00a0<\/span>Krmivo m\u016f\u017eete ko\u010dce pod\u00e1vat such\u00e9 nebo navlh\u010den\u00e9 vla\u017enou vodou. B\u011bhem p\u0159ivyk\u00e1n\u00ed doporu\u010dujeme za\u010d\u00edt men\u0161\u00edm mno\u017estv\u00edm krmiva a postupn\u011b d\u00e1vku Nutricanu zvy\u0161ovat.<\/p>\n<p>Doporu\u010den\u00e9 denn\u00ed mno\u017estv\u00ed je uvedeno v d\u00e1vkovac\u00ed tabulce. Zajist\u011bte ko\u010dce st\u00e1l\u00fd p\u0159\u00edstup k pitn\u00e9 vod\u011b. Obsahuje antioxidanty schv\u00e1len\u00e9 EU.<\/p>\n<p><span class=\"title\"><strong>SKLADOV\u00c1N\u00cd<\/strong>: skladujte na such\u00e9m, chladn\u00e9m a v\u011btran\u00e9m m\u00edst\u011b v uzav\u0159en\u00e9m origin\u00e1ln\u00edm balen\u00ed. Datum v\u00fdroby: 18 m\u011bs\u00edc\u016f p\u0159ed datem spot\u0159eby uveden\u00e9m na obalu. Datum spot\u0159eby a \u0161ar\u017ee: uvedeno na obalu.<\/span><\/p>\n<p>10 KG \/ 2 KG<\/p>\n<p><strong>KRMN\u00c1 TABULKA:<\/strong><\/p>\n<table class=\"table01\">\n<tbody>\n<tr>\n<th>St\u00e1\u0159\u00ed kot\u011bte (m\u011bs\u00edce)<\/th>\n<th>1 \u2013 4<\/th>\n<th>4 \u2013 7<\/th>\n<th>7 \u2013 12<\/th>\n<\/tr>\n<tr>\n<td class=\"tlabel\">Mno\u017estv\u00ed (g)<\/td>\n<td>30 \u2013 50<\/td>\n<td>50 \u2013 70<\/td>\n<td>70 \u2013 100<\/td>\n<\/tr>\n<\/tbody>\n<\/table>\n","protected":false},"excerpt":{"rendered":"<p><strong>Kompletn\u00ed pr\u00e9miov\u00e9 krmivo pro ko\u0165ata. <\/strong><\/p>\n<p><strong>S\u00a0chutn\u00fdm ku\u0159ec\u00edm a sled\u00edm masem. Protein 36%, tuk 17%.<\/strong><\/p>\n<p>&nbsp;<\/p>\n<div class=\"grid-x grid-margin-x benefit\">\n<div class=\" small-12 medium-9 cell\">\n<p><b>SVALY <\/b>&#8211; Esenci\u00e1ln\u00ed aminokyseliny zaji\u0161\u0165uj\u00ed r\u016fst sval\u016f<\/p>\n<p><b>SRST <\/b>&#8211; Sled\u00ed maso a olej spolu s biotinem pro lesklou srst<\/p>\n<p><b>SMYSLY <\/b>&#8211; DHA &amp; EPA ovliv\u0148uj\u00ed v\u00fdvoj smyslov\u00fdch org\u00e1n\u016f<\/p>\n<\/div>\n<\/div>\n<div class=\"grid-x grid-margin-x benefit\">\n<div class=\" small-12 medium-3 cell\"><b>VITAM\u00cdNY <\/b>&#8211; Spr\u00e1vn\u00e1 rovnov\u00e1ha vitam\u00edn\u016f zaji\u0161\u0165uje zdrav\u00fd v\u00fdvoj<\/div>\n<\/div>\n","protected":false},"featured_media":285,"comment_status":"open","ping_status":"closed","template":"","meta":[],"_links":{"self":[{"href":"https:\/\/www.agrolex.cz\/index.php?rest_route=\/wp\/v2\/product\/282"}],"collection":[{"href":"https:\/\/www.agrolex.cz\/index.php?rest_route=\/wp\/v2\/product"}],"about":[{"href":"https:\/\/www.agrolex.cz\/index.php?rest_route=\/wp\/v2\/types\/product"}],"replies":[{"embeddable":true,"href":"https:\/\/www.agrolex.cz\/index.php?rest_route=%2Fwp%2Fv2%2Fcomments&post=282"}],"wp:featuredmedia":[{"embeddable":true,"href":"https:\/\/www.agrolex.cz\/index.php?rest_route=\/wp\/v2\/media\/285"}],"wp:attachment":[{"href":"https:\/\/www.agrolex.cz\/index.php?rest_route=%2Fwp%2Fv2%2Fmedia&parent=282"}],"curies":[{"name":"wp","href":"https:\/\/api.w.org\/{rel}","templated":true}]}}