{"id":286,"date":"2020-07-09T21:58:58","date_gmt":"2020-07-09T21:58:58","guid":{"rendered":"http:\/\/www.agrolex.cz\/?post_type=product&#038;p=286"},"modified":"2025-06-09T22:08:40","modified_gmt":"2025-06-09T22:08:40","slug":"nutrican-cat-adult","status":"publish","type":"product","link":"https:\/\/www.agrolex.cz\/?product=nutrican-cat-adult","title":{"rendered":"NutriCan Cat Adult"},"content":{"rendered":"<p><strong>Kompletn\u00ed pr\u00e9miov\u00e9 krmivo pro dosp\u011bl\u00e9 ko\u010dky. <\/strong><\/p>\n<p><strong>S\u00a0chutn\u00fdm ku\u0159ec\u00edm a kachn\u00edm masem. Protein 33%, tuk 15%.<\/strong><\/p>\n<p>&nbsp;<\/p>\n<div class=\"grid-x grid-margin-x benefit\">\n<div class=\" small-12 medium-9 cell\">\n<p><b>TR\u00c1VEN\u00cd <\/b>&#8211; Vysok\u00e1 stravitelnost zalo\u017een\u00e1 na ku\u0159ec\u00edm proteinu<\/p>\n<p><b>SRST <\/b>&#8211; Sled\u00ed maso a olej spolu s biotinem pro lesklou srst<\/p>\n<p><b>IMUNITA <\/b>&#8211; \u0158asy a prebiotika pro silnou imunitu<\/p>\n<\/div>\n<\/div>\n<div class=\"grid-x grid-margin-x benefit\">\n<div class=\" small-12 medium-3 cell\"><b>VITAM\u00cdNY <\/b>&#8211; Spr\u00e1vn\u00e1 rovnov\u00e1ha vitam\u00edn\u016f zaji\u0161\u0165uje zdrav\u00fd v\u00fdvoj<\/div>\n<\/div>\n<div><\/div>\n<div>\n<p><span class=\"title\"><strong>SLO\u017dEN\u00cd<\/strong>:<\/span> ku\u0159ec\u00ed mou\u010dka (20 %), r\u00fd\u017ee, su\u0161en\u00e9 ku\u0159ec\u00ed maso (15 %), kuku\u0159ice, ku\u0159ec\u00ed tuk (konzervovan\u00fd tokoferoly), pivovarsk\u00e9 kvasnice, p\u0159\u00edrodn\u00ed vl\u00e1knina, su\u0161en\u00e9 kachn\u00ed maso (4 %), hydrolyzovan\u00e1 ku\u0159ec\u00ed j\u00e1tra (2 %), sle\u010fov\u00fd olej (1 %), su\u0161en\u00e9 \u0159asy (0,2 %) (zdroj prebiotik), mannanoligosacharidy (150 mg\/kg), juka (0,01 %).<\/p>\n<\/div>\n<p><span class=\"title\"><strong>ANALYTICK\u00c9 SLO\u017dKY<\/strong>:<\/span> hrub\u00fd protein 33 %, obsah tuku 15 %, hrub\u00e1 vl\u00e1knina 2,5 %, hrub\u00fd popel 6,7 %, vlhkost 10,0 %, v\u00e1pn\u00edk 1,5 %, fosfor 1,0 %, sod\u00edk 0,3 %, ho\u0159\u010d\u00edk 0,08 %.<\/p>\n<p><span class=\"title\"><strong>NUTRI\u010cN\u00cd ADITIVA V 1 KG<\/strong>:<\/span> vitam\u00edn A (3a672a) 20 000 I.U., vitam\u00edn D3 (E671) 750 I.U.,vitam\u00edn E (alfa tokoferol) (3a700) 600 mg, taurin (3a370) 2 000 mg, biotin (3a880) 1,6 mg, \u017eelezo (E1) 40 mg, mangan (E5) 50 mg, m\u011b\u010f (E4) 10 mg, j\u00f3d (3b201) 3,0 mg, selen (3b8.10)0,18 mg, L-lysin (3.2.3.) 8 mg, DL-methionin (3c301) 13 mg.<\/p>\n<p><strong><span class=\"title\">METABOLIZOVATELN\u00c1 ENERGIE:<\/span><\/strong> 3 800 kcal\/kg.<\/p>\n<p><span class=\"title\"><strong>N\u00c1VOD KE KRMEN\u00cd<\/strong>:\u00a0<\/span>Krmivo m\u016f\u017eete ko\u010dce pod\u00e1vat such\u00e9 nebo navlh\u010den\u00e9 vla\u017enou vodou. B\u011bhem p\u0159ivyk\u00e1n\u00ed doporu\u010dujeme za\u010d\u00edt men\u0161\u00edm mno\u017estv\u00edm krmiva a postupn\u011b d\u00e1vku Nutricanu zvy\u0161ovat.<\/p>\n<p>Doporu\u010den\u00e9 denn\u00ed mno\u017estv\u00ed je uvedeno v d\u00e1vkovac\u00ed tabulce. Zajist\u011bte ko\u010dce st\u00e1l\u00fd p\u0159\u00edstup k pitn\u00e9 vod\u011b. Obsahuje antioxidanty schv\u00e1len\u00e9 EU.<\/p>\n<p><span class=\"title\"><strong>SKLADOV\u00c1N\u00cd<\/strong>: uchov\u00e1vejte na such\u00e9m, chladn\u00e9m a vzdu\u0161n\u00e9m m\u00edst\u011b v uzav\u0159en\u00e9m p\u016fvodn\u00edm obalu. Datum v\u00fdroby: 18 m\u011bs\u00edc\u016f p\u0159ed datem doporu\u010den\u00e9 spot\u0159eby uveden\u00e9m na obalu. Datum doporu\u010den\u00e9 spot\u0159eby a \u010d\u00edslo \u0161ar\u017ee: uvedeno na obalu.<\/span><\/p>\n<p>10 KG \/ 2 KG<\/p>\n<p><strong>KRMN\u00c1 TABULKA:<\/strong><\/p>\n<table class=\"table01\">\n<tbody>\n<tr>\n<th>V\u00e1ha ko\u010dky (kg)<\/th>\n<th>2 \u2013 3<\/th>\n<th>3 \u2013 5<\/th>\n<th>5 \u2013 7<\/th>\n<th>8+<\/th>\n<\/tr>\n<tr>\n<td class=\"tlabel\">Mno\u017estv\u00ed (g)<\/td>\n<td>45 \u2013 55<\/td>\n<td>55 \u2013 80<\/td>\n<td>80 \u2013 90<\/td>\n<th>100+<\/th>\n<\/tr>\n<\/tbody>\n<\/table>\n","protected":false},"excerpt":{"rendered":"<p><strong>Kompletn\u00ed pr\u00e9miov\u00e9 krmivo pro dosp\u011bl\u00e9 ko\u010dky. <\/strong><\/p>\n<p><strong>S\u00a0chutn\u00fdm ku\u0159ec\u00edm a kachn\u00edm masem. Protein 33%, tuk 15%.<\/strong><\/p>\n<p>&nbsp;<\/p>\n<div class=\"grid-x grid-margin-x benefit\">\n<div class=\" small-12 medium-9 cell\">\n<p><b>TR\u00c1VEN\u00cd <\/b>&#8211; Vysok\u00e1 stravitelnost zalo\u017een\u00e1 na ku\u0159ec\u00edm proteinu<\/p>\n<p><b>SRST <\/b>&#8211; Sled\u00ed maso a olej spolu s biotinem pro lesklou srst<\/p>\n<p><b>IMUNITA <\/b>&#8211; \u0158asy a prebiotika pro silnou imunitu<\/p>\n<\/div>\n<\/div>\n<div class=\"grid-x grid-margin-x benefit\">\n<div class=\" small-12 medium-3 cell\"><b>VITAM\u00cdNY <\/b>&#8211; Spr\u00e1vn\u00e1 rovnov\u00e1ha vitam\u00edn\u016f zaji\u0161\u0165uje zdrav\u00fd v\u00fdvoj<\/div>\n<\/div>\n","protected":false},"featured_media":289,"comment_status":"open","ping_status":"closed","template":"","meta":[],"_links":{"self":[{"href":"https:\/\/www.agrolex.cz\/index.php?rest_route=\/wp\/v2\/product\/286"}],"collection":[{"href":"https:\/\/www.agrolex.cz\/index.php?rest_route=\/wp\/v2\/product"}],"about":[{"href":"https:\/\/www.agrolex.cz\/index.php?rest_route=\/wp\/v2\/types\/product"}],"replies":[{"embeddable":true,"href":"https:\/\/www.agrolex.cz\/index.php?rest_route=%2Fwp%2Fv2%2Fcomments&post=286"}],"wp:featuredmedia":[{"embeddable":true,"href":"https:\/\/www.agrolex.cz\/index.php?rest_route=\/wp\/v2\/media\/289"}],"wp:attachment":[{"href":"https:\/\/www.agrolex.cz\/index.php?rest_route=%2Fwp%2Fv2%2Fmedia&parent=286"}],"curies":[{"name":"wp","href":"https:\/\/api.w.org\/{rel}","templated":true}]}}