{"id":298,"date":"2020-07-09T22:26:18","date_gmt":"2020-07-09T22:26:18","guid":{"rendered":"http:\/\/www.agrolex.cz\/?post_type=product&#038;p=298"},"modified":"2022-10-17T12:08:45","modified_gmt":"2022-10-17T12:08:45","slug":"pavo-liga","status":"publish","type":"product","link":"https:\/\/www.agrolex.cz\/?product=pavo-liga","title":{"rendered":"Pavo Liga"},"content":{"rendered":"<p><strong><span lang=\"CS\">Krmivo pro islandsk\u00e9 kon\u011b a jin\u00e9 pracovn\u00ed kon\u011b<\/span><\/strong><\/p>\n<p>M\u00e1lo tr\u00e1vy, \u00farodn\u00e1 p\u016fda a drsn\u00e9 podneb\u00ed. N\u011bkter\u00e1 plemena kon\u00ed se \u010dasem na tyto podm\u00ednky adaptovala. Ta norm\u00e1ln\u011b dost\u00e1vaj\u00ed jen mal\u00e9 mno\u017estv\u00ed energetick\u00e9ho krmiva, ale jejich pot\u0159eba vitam\u00edn\u016f a miner\u00e1l\u016f je vysok\u00e1. Proto Pavo vyvinulo pelety speci\u00e1ln\u011b pro tyto kon\u011b: Pavo Liga.<\/p>\n<p>Pavo Liga je krmivo s n\u00edzkou energi\u00ed a proteiny, ale obsahuje dvojn\u00e1sobn\u00e9 mno\u017estv\u00ed vitam\u00edn\u016f a miner\u00e1l\u016f ne\u017e b\u011b\u017en\u00e9 energetick\u00e9 krmivo. Pod\u00edvejte se na hladinu vitam\u00edn\u016f, m\u011bdi, zinku, selenu a biotinu: vitam\u00edny a stopov\u00e9 prvky, kter\u00e9 tito kon\u011b zvykl\u00ed na drsn\u00e9 podm\u00ednky pot\u0159ebuj\u00ed pro dobr\u00e9 zdrav\u00ed, lesklou srst a siln\u00e1 kopyta.<\/p>\n<div>\n<ul>\n<li>Neuv\u011b\u0159iteln\u011b chutn\u00e9<\/li>\n<li>Velmi n\u00edzk\u00fd obsah protein\u016f<\/li>\n<li>Dvojn\u00e1sobn\u00e9 mno\u017estv\u00ed d\u016fle\u017eit\u00fdch vitam\u00edn\u016f a miner\u00e1l\u016f v jednom kilogramu<\/li>\n<li>N\u00edzk\u00e1 energetick\u00e1 hodnota<\/li>\n<\/ul>\n<\/div>\n<div>\n<ul>\n<li>Speci\u00e1ln\u011b pro\u00a0pracovn\u00ed plemena, kter\u00e1\u00a0\u00a0vy\u017eaduj\u00ed pouze n\u00edzk\u00fd p\u0159\u00edjem kalori\u00ed<\/li>\n<li>Dod\u00e1v\u00e1 pot\u0159ebn\u00e9 vitam\u00edny a miner\u00e1ly v minim\u00e1ln\u00edm mno\u017estv\u00ed krmiva<\/li>\n<\/ul>\n<\/div>\n","protected":false},"excerpt":{"rendered":"<p><strong><span lang=\"CS\">Krmivo pro islandsk\u00e9 kon\u011b a jin\u00e9 pracovn\u00ed kon\u011b<\/span><\/strong><\/p>\n<p>M\u00e1lo tr\u00e1vy, \u00farodn\u00e1 p\u016fda a drsn\u00e9 podneb\u00ed. N\u011bkter\u00e1 plemena kon\u00ed se \u010dasem na tyto podm\u00ednky adaptovala. Ta norm\u00e1ln\u011b dost\u00e1vaj\u00ed jen mal\u00e9 mno\u017estv\u00ed energetick\u00e9ho krmiva, ale jejich pot\u0159eba vitam\u00edn\u016f a miner\u00e1l\u016f je vysok\u00e1. Proto Pavo vyvinulo pelety speci\u00e1ln\u011b pro tyto kon\u011b: Pavo Liga.<\/p>\n<div>\n<ul>\n<li>Neuv\u011b\u0159iteln\u011b chutn\u00e9<\/li>\n<li>Velmi n\u00edzk\u00fd obsah protein\u016f<\/li>\n<li>Dvojn\u00e1sobn\u00e9 mno\u017estv\u00ed d\u016fle\u017eit\u00fdch vitam\u00edn\u016f a miner\u00e1l\u016f v jednom kilogramu<\/li>\n<li>N\u00edzk\u00e1 energetick\u00e1 hodnota<\/li>\n<\/ul>\n<\/div>\n<div>\n<ul>\n<li>Speci\u00e1ln\u011b pro\u00a0pracovn\u00ed plemena, kter\u00e1\u00a0\u00a0vy\u017eaduj\u00ed pouze n\u00edzk\u00fd p\u0159\u00edjem kalori\u00ed<\/li>\n<li>Dod\u00e1v\u00e1 pot\u0159ebn\u00e9 vitam\u00edny a miner\u00e1ly v minim\u00e1ln\u00edm mno\u017estv\u00ed krmiva<\/li>\n<\/ul>\n<\/div>\n","protected":false},"featured_media":895,"comment_status":"open","ping_status":"closed","template":"","meta":[],"_links":{"self":[{"href":"https:\/\/www.agrolex.cz\/index.php?rest_route=\/wp\/v2\/product\/298"}],"collection":[{"href":"https:\/\/www.agrolex.cz\/index.php?rest_route=\/wp\/v2\/product"}],"about":[{"href":"https:\/\/www.agrolex.cz\/index.php?rest_route=\/wp\/v2\/types\/product"}],"replies":[{"embeddable":true,"href":"https:\/\/www.agrolex.cz\/index.php?rest_route=%2Fwp%2Fv2%2Fcomments&post=298"}],"wp:featuredmedia":[{"embeddable":true,"href":"https:\/\/www.agrolex.cz\/index.php?rest_route=\/wp\/v2\/media\/895"}],"wp:attachment":[{"href":"https:\/\/www.agrolex.cz\/index.php?rest_route=%2Fwp%2Fv2%2Fmedia&parent=298"}],"curies":[{"name":"wp","href":"https:\/\/api.w.org\/{rel}","templated":true}]}}