{"id":300,"date":"2020-07-09T22:32:20","date_gmt":"2020-07-09T22:32:20","guid":{"rendered":"http:\/\/www.agrolex.cz\/?post_type=product&#038;p=300"},"modified":"2022-10-17T12:07:46","modified_gmt":"2022-10-17T12:07:46","slug":"pavo-care4life","status":"publish","type":"product","link":"https:\/\/www.agrolex.cz\/?product=pavo-care4life","title":{"rendered":"Pavo Care4Life"},"content":{"rendered":"<p>Pavo Care4Life obsahuje v\u0161echno, co z hlediska v\u00fd\u017eivy m\u016f\u017eeme pro podporu zdrav\u00ed va\u0161eho kon\u011b vz\u00edt v \u00favahu. Toto mimo\u0159\u00e1dn\u00e9 krmivo se skl\u00e1d\u00e1 mimo jin\u00e9 ze surovin bohat\u00fdch na vl\u00e1kninu, mastn\u00fdch kyselin omega 3 a 6, pre- a probiotik, kvasnic, 11 r\u016fzn\u00fdch bylin*, vitam\u00edn\u016f a miner\u00e1l\u016f v organick\u00e9 form\u011b.<br \/>\nTyto l\u00e1tky hraj\u00ed roli p\u0159i o\u010dist\u011b t\u011bla j\u00e1try a ledvinami a p\u0159i celkov\u00e9m prokrven\u00ed, \u010d\u00edm\u017e jsou odpadov\u00e9 l\u00e1tky dob\u0159e odv\u00e1d\u011bny. Mimo\u0159\u00e1dn\u00e9 je p\u0159id\u00e1n\u00ed kolagenu na podporu zdrav\u00e9 chrupavky.<\/p>\n<p>Ale stejn\u011b d\u016fle\u017eit\u00e9 jako to, co obsahuje, je to, co neobsahuje! Pavo Care4Life neobsahuje \u017e\u00e1dn\u00e9 l\u00e1tky, kter\u00e9 syst\u00e9m zbyte\u010dn\u011b zat\u011b\u017euj\u00ed. Obsahuje pouze 8% cukru a \u0161krobu!! Neobsahuje \u017e\u00e1dn\u00e9 obil\u00ed nebo obiln\u00e9 produkty, je bez melasy, lepku a ovsa.<\/p>\n<p><em>*Bylinn\u00fd komplex obsahuje 11 bylin, mimo jin\u00e9 echinaceu a calendulu. Podrobnosti o v\u0161ech bylin\u00e1ch najdete na<\/em>\u00a0<a href=\"http:\/\/www.pavo.nl\/\">www.pavo.nl<\/a><\/p>\n<p>Pavo Care4Life je vhodn\u00fd do d\u00e1vky pro ka\u017ed\u00e9ho kon\u011b!<\/p>\n<p><strong>Krmn\u00e9 doporu\u010den\u00ed<\/strong><\/p>\n<p>D\u00e1vejte 170 g Pavo Care4Life denn\u011b na 100 kg t\u011blesn\u00e9 hmotnosti kon\u011b.<br \/>\nTo je 1 kg denn\u011b pro norm\u00e1ln\u00edho kon\u011b.<\/p>\n<p>P\u0159i ni\u017e\u0161\u00edm d\u00e1vkov\u00e1n\u00ed doporu\u010dujeme d\u00e1vat dopl\u0148uj\u00edc\u00ed miner\u00e1ly, jako Pavo VitalComplete nebo\u00a0oplatku Pavo SummerFit. Pavo Care4Life m\u016f\u017eete pod\u00e1vat tak\u00e9 s norm\u00e1ln\u00edm jadrn\u00fdm krmivem.<\/p>\n<p><strong>D\u016fle\u017eit\u00e9 vlastnosti<\/strong><\/p>\n<ul>\n<li>Obsahuje 11 bylinek: major\u00e1nka, \u0161alv\u011bj, rozmar\u00fdn, echinacea, kop\u0159iva, pampeli\u0161ka, m\u011bs\u00ed\u010dek, petr\u017eel, pelyn\u011bk, fenykl, koriandr<\/li>\n<li>Obsahuje kolagen, pre- a probiotika<\/li>\n<li>Bez lepku a bez melasy<\/li>\n<\/ul>\n","protected":false},"excerpt":{"rendered":"<p><strong>Zdrav\u00fd unik\u00e1tn\u00ed mix 11 bylinek pro kon\u011b s kolagenem, pre- a probiotiky. Neobsahuje lepek, oves, melasu ani obil\u00ed.<\/strong><\/p>\n<p>Pavo Care4Life obsahuje v\u0161echno, co je t\u0159eba pro zdrav\u00ed a v\u00fd\u017eivu kon\u00ed. \u00a0Toto mimo\u0159\u00e1dn\u00e9 krmivo se skl\u00e1d\u00e1 p\u0159edev\u0161\u00edm ze surovin bohat\u00fdch na vl\u00e1kninu, omega 3 a 6 mastn\u00fdch kyselin, pre- a probiotik, kvasnic, 11 r\u016fzn\u00fdch bylin, vitam\u00edn\u016f, miner\u00e1l\u016f a to v\u0161e v organick\u00e9 form\u011b.<br \/>\nTyto l\u00e1tky hraj\u00ed d\u016fle\u017eitou roli p\u0159i o\u010dist\u011b organismu. P\u0159i celkov\u00e9m prokrven\u00ed j\u00e1try a ledvinami l\u00e9pe odch\u00e1zej\u00ed \u0161kodliv\u00e9 l\u00e1tky z t\u011bla. Nav\u00edc je zde p\u0159id\u00e1n kolagen na podporu zdrav\u00e9 chrupavky.<\/p>\n<p><strong>D\u016fle\u017eit\u00e9 vlastnosti<\/strong><\/p>\n<ul>\n<li>Obsahuje 11 bylinek: major\u00e1nka, \u0161alv\u011bj, rozmar\u00fdn, echinacea, kop\u0159iva, pampeli\u0161ka, m\u011bs\u00ed\u010dek, petr\u017eel, pelyn\u011bk, fenykl, koriandr<\/li>\n<li>Obsahuje kolagen, pre- a probiotika<\/li>\n<li>Bez lepku a bez melasy<\/li>\n<\/ul>\n","protected":false},"featured_media":303,"comment_status":"open","ping_status":"closed","template":"","meta":[],"_links":{"self":[{"href":"https:\/\/www.agrolex.cz\/index.php?rest_route=\/wp\/v2\/product\/300"}],"collection":[{"href":"https:\/\/www.agrolex.cz\/index.php?rest_route=\/wp\/v2\/product"}],"about":[{"href":"https:\/\/www.agrolex.cz\/index.php?rest_route=\/wp\/v2\/types\/product"}],"replies":[{"embeddable":true,"href":"https:\/\/www.agrolex.cz\/index.php?rest_route=%2Fwp%2Fv2%2Fcomments&post=300"}],"wp:featuredmedia":[{"embeddable":true,"href":"https:\/\/www.agrolex.cz\/index.php?rest_route=\/wp\/v2\/media\/303"}],"wp:attachment":[{"href":"https:\/\/www.agrolex.cz\/index.php?rest_route=%2Fwp%2Fv2%2Fmedia&parent=300"}],"curies":[{"name":"wp","href":"https:\/\/api.w.org\/{rel}","templated":true}]}}