{"id":304,"date":"2020-07-09T22:38:38","date_gmt":"2020-07-09T22:38:38","guid":{"rendered":"http:\/\/www.agrolex.cz\/?post_type=product&#038;p=304"},"modified":"2022-10-17T11:02:41","modified_gmt":"2022-10-17T11:02:41","slug":"pavo-sportsfit","status":"publish","type":"product","link":"https:\/\/www.agrolex.cz\/?product=pavo-sportsfit","title":{"rendered":"Pavo SportsFit"},"content":{"rendered":"<p><strong>Pavo SportsFit je m\u00fcsli s extra ho\u0159\u010d\u00edkem, vitaminem E a selenem. Se \u0161krobem pro rychlou energii a olejem pro extra v\u00fdkon.<\/strong><\/p>\n<p>Ho\u0159\u010d\u00edk je d\u016fle\u017eit\u00fdm stavebn\u00edm prvkem kostn\u00ed tk\u00e1n\u011b. Pokud dojde k\u00a0jeho deficitu,\u00a0nastartuje se\u00a0jeho odbour\u00e1v\u00e1n\u00ed z\u00a0kost\u00ed. Pavo SportsFit obsahuje extra ho\u0159\u010d\u00edk k\u00a0podpo\u0159e kvalitn\u00edch kloub\u016f a \u0161lach. Je tak\u00e9 ide\u00e1ln\u00edm zdrojem energie pro z\u00e1vodn\u00ed kon\u011b, proto\u017ee obsahuje \u0161krob pro rychlou energii nebo extra \u201es\u00edlu\u201c,\u00a0v\u00a0kombinaci\u00a0s olejem, co\u017e je \u010dist\u00e1 energie, kter\u00e1 neprodukuje odpadn\u00ed produkty, jako je ml\u00e9\u010dn\u00e1 kyselina. V\u00e1\u0161 k\u016f\u0148 se bude lesknout a bude m\u00edt dostate\u010dnou s\u00edlu bez\u00a0\u201ehork\u00e9 hlavy\u201c. Slo\u017een\u00ed m\u00fcsli bylo vyvinuto spole\u010dn\u00fdm \u00fasil\u00edm v\u011bdc\u016f a jezdc\u016f. Je to vybalancovan\u00e9\u00a0energetick\u00e9 krmivo, kter\u00e9 m\u016f\u017ee b\u00fdt krmeno va\u0161emu koni v\u00a0maxim\u00e1ln\u00ed d\u00e1vce 4 kg. Je to tak\u00e9 \u00fa\u017easn\u00fd dopln\u011bk pro kombinaci s\u00a0norm\u00e1ln\u00edm krmivem.<\/p>\n<p><strong>D\u016fle\u017eit\u00e9 vlastnosti<\/strong><\/p>\n<ul>\n<li>Extra ho\u0159\u010d\u00edk pro kon\u011b vhodn\u00fd p\u0159i sportovn\u00ed z\u00e1t\u011b\u017ei<\/li>\n<li>P\u0159idan\u00fd vitamin E a selen<\/li>\n<li>Olej pro zv\u00fd\u0161en\u00ed v\u00fdkonnosti<\/li>\n<li>Vyvinuto ve spolupr\u00e1ci s v\u011bdci a sportovn\u00edmi jezdci<\/li>\n<\/ul>\n","protected":false},"excerpt":{"rendered":"<p><strong>Pavo SportsFit je m\u00fcsli s extra ho\u0159\u010d\u00edkem, vitaminem E a selenem. Se \u0161krobem pro rychlou energii a olejem pro extra v\u00fdkon.<\/strong><\/p>\n<p><strong>D\u016fle\u017eit\u00e9 vlastnosti<\/strong><\/p>\n<ul>\n<li>Extra ho\u0159\u010d\u00edk pro kon\u011b vhodn\u00fd p\u0159i sportovn\u00ed z\u00e1t\u011b\u017ei<\/li>\n<li>P\u0159idan\u00fd vitamin E a selen<\/li>\n<li>Olej pro zv\u00fd\u0161en\u00ed v\u00fdkonnosti<\/li>\n<li>Vyvinuto ve spolupr\u00e1ci s v\u011bdci a sportovn\u00edmi jezdci<\/li>\n<\/ul>\n","protected":false},"featured_media":307,"comment_status":"open","ping_status":"closed","template":"","meta":[],"_links":{"self":[{"href":"https:\/\/www.agrolex.cz\/index.php?rest_route=\/wp\/v2\/product\/304"}],"collection":[{"href":"https:\/\/www.agrolex.cz\/index.php?rest_route=\/wp\/v2\/product"}],"about":[{"href":"https:\/\/www.agrolex.cz\/index.php?rest_route=\/wp\/v2\/types\/product"}],"replies":[{"embeddable":true,"href":"https:\/\/www.agrolex.cz\/index.php?rest_route=%2Fwp%2Fv2%2Fcomments&post=304"}],"wp:featuredmedia":[{"embeddable":true,"href":"https:\/\/www.agrolex.cz\/index.php?rest_route=\/wp\/v2\/media\/307"}],"wp:attachment":[{"href":"https:\/\/www.agrolex.cz\/index.php?rest_route=%2Fwp%2Fv2%2Fmedia&parent=304"}],"curies":[{"name":"wp","href":"https:\/\/api.w.org\/{rel}","templated":true}]}}