{"id":371,"date":"2020-07-26T12:41:41","date_gmt":"2020-07-26T12:41:41","guid":{"rendered":"http:\/\/www.agrolex.cz\/?post_type=product&#038;p=371"},"modified":"2022-04-18T21:04:40","modified_gmt":"2022-04-18T21:04:40","slug":"nutrihorse-msm","status":"publish","type":"product","link":"https:\/\/www.agrolex.cz\/?product=nutrihorse-msm","title":{"rendered":"NutriHorse MSM"},"content":{"rendered":"<p><strong>P\u0159\u00edrodn\u00ed dopln\u011bk eliminuj\u00edc\u00ed nep\u0159\u00edzniv\u00e9 projevy p\u0159i probl\u00e9mech s klouby.<\/strong><\/p>\n<p>Jednou ze sou\u010d\u00e1st\u00ed pojivov\u00e9 tk\u00e1n\u011b je s\u00edra. Nutri Horse MSM je zdrojem organicky v\u00e1zan\u00e9 s\u00edry. L\u00e1tka MSM je l\u00e1tka obsahuj\u00edc\u00ed organicky v\u00e1zanou s\u00edru, kter\u00e1 p\u016fsob\u00ed na zpevn\u011bn\u00ed vaz\u016f a \u0161lach, regeneraci a relaxaci sval\u016f u ko\u0148\u016f. D\u00e1le vykazuje siln\u00e9 antioxida\u010dn\u00ed a jin\u00e9 pozitivn\u00ed \u00fa\u010dinky a je jedine\u010dn\u00fdm zdrojem sirn\u00fdch slou\u010denin, kter\u00e9 v organizmu pozitivn\u011b p\u016fsob\u00ed, a to zejm\u00e9na v po\u0161kozen\u00e9 kloubn\u00ed chrupavce. MSM nav\u00edc tak\u00e9 pom\u00e1h\u00e1 ke zlep\u0161en\u00ed kopytn\u00ed rohoviny a ke zkvalitn\u011bn\u00ed srsti kon\u011b. Doporu\u010den\u00e9 d\u00e1vkov\u00e1n\u00ed:\u00a010 g\/600 kg.<\/p>\n<p><strong>D\u016fle\u017eit\u00e9 vlastnosti<\/strong><\/p>\n<ul>\n<li>MSM je zdrojem organicky v\u00e1zan\u00e9 s\u00edry<\/li>\n<li>Zpev\u0148uje vazy a \u0161lachy<\/li>\n<li>Regeneruje svaly<\/li>\n<li>Siln\u00e9 antioxida\u010dn\u00ed \u00fa\u010dinky<\/li>\n<li>Pozitivn\u011b p\u016fsob\u00ed v po\u0161kozen\u00e9 kloubn\u00ed chrupavce<\/li>\n<li>Pom\u00e1h\u00e1 ke zlep\u0161en\u00ed kopytn\u00ed rohoviny<\/li>\n<li>Pom\u00e1h\u00e1 ke zkvalitn\u011bn\u00ed srsti<\/li>\n<\/ul>\n","protected":false},"excerpt":{"rendered":"<p><strong>P\u0159\u00edrodn\u00ed dopln\u011bk eliminuj\u00edc\u00ed nep\u0159\u00edzniv\u00e9 projevy p\u0159i probl\u00e9mech s klouby.<\/strong><\/p>\n<ul>\n<li>MSM je zdrojem organicky v\u00e1zan\u00e9 s\u00edry<\/li>\n<li>Zpev\u0148uje vazy a \u0161lachy<\/li>\n<li>Regeneruje svaly<\/li>\n<li>Siln\u00e9 antioxida\u010dn\u00ed \u00fa\u010dinky<\/li>\n<li>Pozitivn\u011b p\u016fsob\u00ed v po\u0161kozen\u00e9 kloubn\u00ed chrupavce<\/li>\n<li>Pom\u00e1h\u00e1 ke zlep\u0161en\u00ed kopytn\u00ed rohoviny<\/li>\n<li>Pom\u00e1h\u00e1 ke zkvalitn\u011bn\u00ed srsti<\/li>\n<\/ul>\n","protected":false},"featured_media":374,"comment_status":"open","ping_status":"closed","template":"","meta":[],"_links":{"self":[{"href":"https:\/\/www.agrolex.cz\/index.php?rest_route=\/wp\/v2\/product\/371"}],"collection":[{"href":"https:\/\/www.agrolex.cz\/index.php?rest_route=\/wp\/v2\/product"}],"about":[{"href":"https:\/\/www.agrolex.cz\/index.php?rest_route=\/wp\/v2\/types\/product"}],"replies":[{"embeddable":true,"href":"https:\/\/www.agrolex.cz\/index.php?rest_route=%2Fwp%2Fv2%2Fcomments&post=371"}],"wp:featuredmedia":[{"embeddable":true,"href":"https:\/\/www.agrolex.cz\/index.php?rest_route=\/wp\/v2\/media\/374"}],"wp:attachment":[{"href":"https:\/\/www.agrolex.cz\/index.php?rest_route=%2Fwp%2Fv2%2Fmedia&parent=371"}],"curies":[{"name":"wp","href":"https:\/\/api.w.org\/{rel}","templated":true}]}}