{"id":375,"date":"2020-07-26T12:46:15","date_gmt":"2020-07-26T12:46:15","guid":{"rendered":"http:\/\/www.agrolex.cz\/?post_type=product&#038;p=375"},"modified":"2022-04-18T21:03:37","modified_gmt":"2022-04-18T21:03:37","slug":"nutrihorse-gelatin-gel","status":"publish","type":"product","link":"https:\/\/www.agrolex.cz\/?product=nutrihorse-gelatin-gel","title":{"rendered":"NutriHorse Gelatin (Gel)"},"content":{"rendered":"<p><strong>Dopln\u011bk\u00a0<\/strong><strong>s kolagenn\u00edm hydrolyz\u00e1tem pro podporu kloub\u016f a \u0161lach pro mlad\u00e9 a star\u0161\u00ed kon\u011b.<\/strong><\/p>\n<p>Siln\u00e9 a pru\u017en\u00e9 \u0161lachy ovliv\u0148uj\u00ed pohyb kon\u011b. Jejich hlavn\u00ed slo\u017ekou je kolagen. Hydrolyz\u00e1t kolagenu tvo\u0159\u00ed z\u00e1klad p\u0159\u00edpravku Nutri Horse Gelatin. S dal\u0161\u00edmi l\u00e1tkami jako jsou vybran\u00e9 vitaminy a mikroprvky v organick\u00fdch vazb\u00e1ch napom\u00e1h\u00e1 k udr\u017een\u00ed zdrav\u00e9ho pohybov\u00e9ho apar\u00e1tu kon\u00ed, zvl\u00e1\u0161t\u011b \u0161lach. Vhodn\u00e9 dopl\u0148kov\u00e9 krmivo pro star\u0161\u00ed kon\u011b. P\u0159\u00edpravek se pod\u00e1v\u00e1 \u0159\u00e1dn\u011b zam\u00edchan\u00fd do krmiva po dobu 10 t\u00fddn\u016f. D\u00e1vku je mo\u017en\u00e9 opakovat 2 \u2013 3x do roka. 120 &#8211; 150 g\/600 kg.<\/p>\n<p><strong>D\u016fle\u017eit\u00e9 vlastnosti<\/strong><\/p>\n<ul>\n<li>Obsahuje kolagen pro siln\u00e9 a pru\u017en\u00e9 \u0161lachy<\/li>\n<li>Napom\u00e1h\u00e1 udr\u017eet zdrav\u00fd pohybov\u00fd apar\u00e1t<\/li>\n<\/ul>\n","protected":false},"excerpt":{"rendered":"<p><strong>Dopln\u011bk\u00a0<\/strong><strong>s kolagenn\u00edm hydrolyz\u00e1tem pro podporu kloub\u016f a \u0161lach pro mlad\u00e9 a star\u0161\u00ed kon\u011b.<\/strong><\/p>\n<ul>\n<li>Obsahuje kolagen pro siln\u00e9 a pru\u017en\u00e9 \u0161lachy<\/li>\n<li>Napom\u00e1h\u00e1 udr\u017eet zdrav\u00fd pohybov\u00fd apar\u00e1t<\/li>\n<\/ul>\n","protected":false},"featured_media":378,"comment_status":"open","ping_status":"closed","template":"","meta":[],"_links":{"self":[{"href":"https:\/\/www.agrolex.cz\/index.php?rest_route=\/wp\/v2\/product\/375"}],"collection":[{"href":"https:\/\/www.agrolex.cz\/index.php?rest_route=\/wp\/v2\/product"}],"about":[{"href":"https:\/\/www.agrolex.cz\/index.php?rest_route=\/wp\/v2\/types\/product"}],"replies":[{"embeddable":true,"href":"https:\/\/www.agrolex.cz\/index.php?rest_route=%2Fwp%2Fv2%2Fcomments&post=375"}],"wp:featuredmedia":[{"embeddable":true,"href":"https:\/\/www.agrolex.cz\/index.php?rest_route=\/wp\/v2\/media\/378"}],"wp:attachment":[{"href":"https:\/\/www.agrolex.cz\/index.php?rest_route=%2Fwp%2Fv2%2Fmedia&parent=375"}],"curies":[{"name":"wp","href":"https:\/\/api.w.org\/{rel}","templated":true}]}}