{"id":379,"date":"2020-07-26T12:50:21","date_gmt":"2020-07-26T12:50:21","guid":{"rendered":"http:\/\/www.agrolex.cz\/?post_type=product&#038;p=379"},"modified":"2022-04-18T21:02:55","modified_gmt":"2022-04-18T21:02:55","slug":"nutrihorse-stop-toxin-stabil","status":"publish","type":"product","link":"https:\/\/www.agrolex.cz\/?product=nutrihorse-stop-toxin-stabil","title":{"rendered":"NutriHorse Stop Toxin (Stabil)"},"content":{"rendered":"<p><strong>K potla\u010den\u00ed nep\u0159\u00edzniv\u00e9ho \u00fa\u010dinku pl\u00edsn\u00ed a jejich toxin\u016f v krmn\u00e9 d\u00e1vce nebo v podest\u00fdlce.<\/strong><\/p>\n<p>P\u0159\u00edtomnost pl\u00edsn\u00ed a zvl\u00e1\u0161t\u011b jejich toxin\u016f v krmivu m\u016f\u017ee zap\u0159\u00ed\u010dinit v\u00fdrazn\u00e9 zhor\u0161en\u00ed zdravotn\u00edho stavu. Vysoce specificky \u00fa\u010dinn\u00fd p\u0159\u00edpravek NutriHorse Stop Toxin, kter\u00fd je tvo\u0159en extra kombinac\u00ed vitamin\u016f, \u017eiv\u00e9 kvasinkov\u00e9 kultury Saccharomyces cerevisiae1026, absorbentu pl\u00edsn\u00ed (oligosacharidy glucan\u016f) a sm\u011bsi vybran\u00fdch bylinek pro kon\u011b (kop\u0159iva, l\u00edpa, m\u00e1ta, jitrocel a \u0161alv\u011bj), slou\u017e\u00ed k potla\u010den\u00ed nep\u0159\u00edzniv\u00e9ho \u00fa\u010dinku pl\u00edsn\u00ed a jejich toxin\u016f v krmn\u00e9 d\u00e1vce nebo v podest\u00fdlce. Kvasinkov\u00e1 kultura Saccharomyces cerevisiae1026 redukuje mno\u017estv\u00ed patogenn\u00edch mikroorganism\u016f, sni\u017euje v\u00fdskyt kolik a produkuje vitam\u00edny skupiny B. Oligosacharidy glucan\u016f, kter\u00e9 tvo\u0159\u00ed vnit\u0159n\u00ed \u010d\u00e1st bun\u011b\u010dn\u00fdch st\u011bn kvasinek Saccharomyces cerevisiae, p\u016fsob\u00ed jako absorbenty toxin\u016f pl\u00edsn\u00ed, kter\u00e9 mohou vyvolat onemocn\u011bn\u00ed zvan\u00e9 mykotoxik\u00f3zy. Sm\u011bs vybran\u00fdch bylin usm\u011br\u0148uje funkci za\u017e\u00edvac\u00edho traktu a zlep\u0161uje \u010dinnost st\u0159ev.\u00a0P\u0159\u00edpravek se pod\u00e1v\u00e1 \u0159\u00e1dn\u011b zam\u00edchan\u00fd do krmiva. 50 g\/den.<\/p>\n<p><strong>D\u016fle\u017eit\u00e9 vlastnosti<\/strong><\/p>\n<ul>\n<li>K potla\u010den\u00ed nep\u0159\u00edzniv\u00e9ho \u00fa\u010dinku pl\u00edsn\u00ed a jejich toxin\u016f v krmn\u00e9 d\u00e1vce nebo v\u00a0podest\u00fdlce<\/li>\n<li>Sm\u011bs vybran\u00fdch bylin usm\u011br\u0148uje funkci za\u017e\u00edvac\u00edho traktu a zlep\u0161uje \u010dinnost st\u0159ev<\/li>\n<li>Sni\u017euje v\u00fdskyt kolik<\/li>\n<\/ul>\n","protected":false},"excerpt":{"rendered":"<p><strong>K potla\u010den\u00ed nep\u0159\u00edzniv\u00e9ho \u00fa\u010dinku pl\u00edsn\u00ed a jejich toxin\u016f v krmn\u00e9 d\u00e1vce nebo v podest\u00fdlce.<\/strong><\/p>\n<ul>\n<li>K potla\u010den\u00ed nep\u0159\u00edzniv\u00e9ho \u00fa\u010dinku pl\u00edsn\u00ed a jejich toxin\u016f v krmn\u00e9 d\u00e1vce nebo v\u00a0podest\u00fdlce<\/li>\n<li>Sm\u011bs vybran\u00fdch bylin usm\u011br\u0148uje funkci za\u017e\u00edvac\u00edho traktu a zlep\u0161uje \u010dinnost st\u0159ev<\/li>\n<li>Sni\u017euje v\u00fdskyt kolik<\/li>\n<\/ul>\n","protected":false},"featured_media":382,"comment_status":"open","ping_status":"closed","template":"","meta":[],"_links":{"self":[{"href":"https:\/\/www.agrolex.cz\/index.php?rest_route=\/wp\/v2\/product\/379"}],"collection":[{"href":"https:\/\/www.agrolex.cz\/index.php?rest_route=\/wp\/v2\/product"}],"about":[{"href":"https:\/\/www.agrolex.cz\/index.php?rest_route=\/wp\/v2\/types\/product"}],"replies":[{"embeddable":true,"href":"https:\/\/www.agrolex.cz\/index.php?rest_route=%2Fwp%2Fv2%2Fcomments&post=379"}],"wp:featuredmedia":[{"embeddable":true,"href":"https:\/\/www.agrolex.cz\/index.php?rest_route=\/wp\/v2\/media\/382"}],"wp:attachment":[{"href":"https:\/\/www.agrolex.cz\/index.php?rest_route=%2Fwp%2Fv2%2Fmedia&parent=379"}],"curies":[{"name":"wp","href":"https:\/\/api.w.org\/{rel}","templated":true}]}}