{"id":399,"date":"2020-07-26T13:21:07","date_gmt":"2020-07-26T13:21:07","guid":{"rendered":"http:\/\/www.agrolex.cz\/?post_type=product&#038;p=399"},"modified":"2022-04-18T21:18:03","modified_gmt":"2022-04-18T21:18:03","slug":"nutrihorse-detox-sirup","status":"publish","type":"product","link":"https:\/\/www.agrolex.cz\/?product=nutrihorse-detox-sirup","title":{"rendered":"NutriHorse Detox sirup"},"content":{"rendered":"<p><strong>Tekut\u00fd p\u0159\u00edpravek, kter\u00fd p\u0159\u00edrodn\u00ed cestou \u010dist\u00ed a detoxikuje organismus.<\/strong><\/p>\n<p>NutriHorse Detox<strong>\u00a0<\/strong>je tekut\u00fd p\u0159\u00edpravek, kter\u00fd p\u0159\u00edrodn\u00ed cestou \u010dist\u00ed a detoxikuje organismus. Tento p\u0159\u00edpravek je vhodn\u00e9 pod\u00e1vat po l\u00e9\u010db\u011b antibiotiky nebo kortikoidy na vy\u010di\u0161t\u011bn\u00ed ledvin a jater. Obsahuje tak\u00e9 vitamin C, kter\u00fd stimuluje imunitu.\u00a0Obsa\u017een\u00e9 extrakty maj\u00ed dieuretick\u00fd efekt a t\u00edm pom\u00e1haj\u00ed \u010distit organismus od \u0161kodliv\u00fdch a nepot\u0159ebn\u00fdch l\u00e1tek. Efekt extraktu z trubkovce je dok\u00e1z\u00e1n dvojit\u011b slepou v\u011bdeckou studi\u00ed k vylou\u010den\u00ed placebo efektu, usnad\u0148uje a urychluje exkreci chloridu sodn\u00e9ho z organismu a tak\u00e9 napom\u00e1h\u00e1 k zadr\u017een\u00ed vody v ledvin\u00e1ch. Lopuch je p\u0159\u00edrodn\u00ed diuretikum, zaji\u0161\u0165uje lep\u0161\u00ed prokrven\u00ed ledvin, \u010d\u00edm\u017e se zvy\u0161uje jejich \u010dist\u00edc\u00ed schopnost. Arty\u010dok l\u00e9\u010d\u00ed j\u00e1tra, zlep\u0161uje tr\u00e1ven\u00ed a \u010dist\u00ed krev.<\/p>\n<p><strong>D\u016fle\u017eit\u00e9 vlastnosti<\/strong><\/p>\n<ul>\n<li>Pro regeneraci po nemoci nebo jako prevence<\/li>\n<li>Extrakty z bylin maj\u00ed diuretick\u00fd efekt, \u010dist\u00ed j\u00e1tra a ledviny<\/li>\n<li>Vitamin C ke stimulaci imunity<\/li>\n<\/ul>\n<p>&nbsp;<\/p>\n<p><strong>Slo\u017een\u00ed:<\/strong>\u00a0gluk\u00f3zov\u00fd sirup, extrakt z trubkovce (Orthosiphon stamineus)<\/p>\n<p><strong>Analytick\u00e9 slo\u017eky v\u00a01 kg:\u00a0<\/strong>vlhkost 45%, hrub\u00fd popel 0,6 %, hrub\u00fd protein 0,5 %, hrub\u00fd tuk 0,1 %,<\/p>\n<p><strong>Dopl\u0148kov\u00e9 l\u00e1tky v\u00a01 kg: Vitaminy a provitaminy:<\/strong>\u00a03a300 Vitamin C 1000 mg.<\/p>\n<p><strong>P\u0159\u00edrodn\u00ed, botanicky definovan\u00e1 aditiva:<\/strong>\u00a0tekut\u00fd extrakt z arty\u010doku (Cynara scolymus) Co E 565\u00a0165\u00a0000 mg, tekut\u00fd extrakt z lopuchu v\u011bt\u0161\u00edho (Arctium lappa) Co E 57\u00a0135\u00a0000 mg<\/p>\n<p><strong>Doporu\u010den\u00e9 d\u00e1vkov\u00e1n\u00ed:\u00a0<\/strong>50 \u2013 60 ml denn\u011b, pod\u00e1vat po dobu 20 \u2013 25 dn\u00ed<\/p>\n","protected":false},"excerpt":{"rendered":"<p><strong>Tekut\u00fd p\u0159\u00edpravek, kter\u00fd p\u0159\u00edrodn\u00ed cestou \u010dist\u00ed a detoxikuje organismus.<\/strong><\/p>\n<ul>\n<li>Pro regeneraci po nemoci nebo jako prevence<\/li>\n<li>Extrakty z bylin maj\u00ed diuretick\u00fd efekt, \u010dist\u00ed j\u00e1tra a ledviny<\/li>\n<li>Vitamin C ke stimulaci imunity<\/li>\n<\/ul>\n","protected":false},"featured_media":400,"comment_status":"open","ping_status":"closed","template":"","meta":[],"_links":{"self":[{"href":"https:\/\/www.agrolex.cz\/index.php?rest_route=\/wp\/v2\/product\/399"}],"collection":[{"href":"https:\/\/www.agrolex.cz\/index.php?rest_route=\/wp\/v2\/product"}],"about":[{"href":"https:\/\/www.agrolex.cz\/index.php?rest_route=\/wp\/v2\/types\/product"}],"replies":[{"embeddable":true,"href":"https:\/\/www.agrolex.cz\/index.php?rest_route=%2Fwp%2Fv2%2Fcomments&post=399"}],"wp:featuredmedia":[{"embeddable":true,"href":"https:\/\/www.agrolex.cz\/index.php?rest_route=\/wp\/v2\/media\/400"}],"wp:attachment":[{"href":"https:\/\/www.agrolex.cz\/index.php?rest_route=%2Fwp%2Fv2%2Fmedia&parent=399"}],"curies":[{"name":"wp","href":"https:\/\/api.w.org\/{rel}","templated":true}]}}