{"id":401,"date":"2020-07-26T13:26:31","date_gmt":"2020-07-26T13:26:31","guid":{"rendered":"http:\/\/www.agrolex.cz\/?post_type=product&#038;p=401"},"modified":"2022-04-18T21:17:53","modified_gmt":"2022-04-18T21:17:53","slug":"nutrihorse-energy-booster-pasta","status":"publish","type":"product","link":"https:\/\/www.agrolex.cz\/?product=nutrihorse-energy-booster-pasta","title":{"rendered":"NutriHorse Energy Booster pasta"},"content":{"rendered":"<p><strong>Dod\u00e1v\u00e1 koni pohotovou energii p\u0159ed z\u00e1vodem.\u00a0<\/strong><\/p>\n<p>NutriHorse Energy Booster dod\u00e1v\u00e1 koni pohotovou energii p\u0159ed z\u00e1vodem. P\u016fsob\u00ed ji\u017e za kr\u00e1tkou dobu, proto\u017ee maltodextriny se m\u016f\u017eou vst\u0159eb\u00e1vat rovnou do krve. T\u00edm lze dos\u00e1hnout toho, \u017ee k\u016f\u0148 m\u00e1 dostatek rezervn\u00ed energie pro samotn\u00fd z\u00e1vod. Obsahuje vitamin C, kter\u00fd chr\u00e1n\u00ed organismus p\u0159ed oxidativn\u00edm stresem, p\u016fsob\u00ed na voln\u00e9 radik\u00e1ly, kter\u00e9 vznikaj\u00ed p\u0159i v\u011bt\u0161\u00ed z\u00e1t\u011b\u017ei.<br \/>\nKrom\u011b dostatku energie a ochran\u011b organismu p\u0159ed stresem tak\u00e9 zlep\u0161uje svalovou kontrakci.<\/p>\n<p><strong>D\u016fle\u017eit\u00e9 vlastnosti<\/strong><\/p>\n<ul>\n<li>Pro dostatek energie b\u011bhem z\u00e1vodu<\/li>\n<li>Maltodextriny se rychle vst\u0159eb\u00e1vaj\u00ed do krve, rychl\u00e1 energie<\/li>\n<li>Vitamin C chr\u00e1n\u00ed organismus p\u0159ed stresem<\/li>\n<\/ul>\n<p>&nbsp;<\/p>\n<p><strong>Analytick\u00e9 slo\u017eky v\u00a01 kg:\u00a0<\/strong>vlhkost 7 %, hrub\u00fd popel 3 %, sod\u00edk 0,7 %, hrub\u00fd protein 1,5 %.<\/p>\n<p><strong>Dopl\u0148kov\u00e9 l\u00e1tky v\u00a01 kg: Vitaminy a provitaminy:<\/strong>\u00a03a300 Vitamin C 10 000 mg<\/p>\n<p><strong>Doporu\u010den\u00e9 d\u00e1vkov\u00e1n\u00ed:<\/strong>\u00a01 pasta, nejm\u00e9n\u011b 1 hodinu p\u0159ed z\u00e1t\u011b\u017e\u00ed, vhodn\u00e9 je tak\u00e9 pod\u00e1n\u00ed mezi parkurem a rozeskakov\u00e1n\u00edm<\/p>\n","protected":false},"excerpt":{"rendered":"<p><strong>Dod\u00e1v\u00e1 koni pohotovou energii p\u0159ed z\u00e1vodem.\u00a0<\/strong><\/p>\n<ul>\n<li>Pro dostatek energie b\u011bhem z\u00e1vodu<\/li>\n<li>Maltodextriny se rychle vst\u0159eb\u00e1vaj\u00ed do krve, rychl\u00e1 energie<\/li>\n<li>Vitamin C chr\u00e1n\u00ed organismus p\u0159ed stresem<\/li>\n<\/ul>\n","protected":false},"featured_media":402,"comment_status":"open","ping_status":"closed","template":"","meta":[],"_links":{"self":[{"href":"https:\/\/www.agrolex.cz\/index.php?rest_route=\/wp\/v2\/product\/401"}],"collection":[{"href":"https:\/\/www.agrolex.cz\/index.php?rest_route=\/wp\/v2\/product"}],"about":[{"href":"https:\/\/www.agrolex.cz\/index.php?rest_route=\/wp\/v2\/types\/product"}],"replies":[{"embeddable":true,"href":"https:\/\/www.agrolex.cz\/index.php?rest_route=%2Fwp%2Fv2%2Fcomments&post=401"}],"wp:featuredmedia":[{"embeddable":true,"href":"https:\/\/www.agrolex.cz\/index.php?rest_route=\/wp\/v2\/media\/402"}],"wp:attachment":[{"href":"https:\/\/www.agrolex.cz\/index.php?rest_route=%2Fwp%2Fv2%2Fmedia&parent=401"}],"curies":[{"name":"wp","href":"https:\/\/api.w.org\/{rel}","templated":true}]}}