{"id":403,"date":"2020-07-26T13:32:16","date_gmt":"2020-07-26T13:32:16","guid":{"rendered":"http:\/\/www.agrolex.cz\/?post_type=product&#038;p=403"},"modified":"2022-04-18T21:17:38","modified_gmt":"2022-04-18T21:17:38","slug":"nutrihorse-hobby-pellets","status":"publish","type":"product","link":"https:\/\/www.agrolex.cz\/?product=nutrihorse-hobby-pellets","title":{"rendered":"NutriHorse Hobby (pellets)"},"content":{"rendered":"<p>NutriHorse Hobby je z\u00e1kladn\u00ed n\u00edzkoenergetick\u00e9 granulovan\u00e9 krmivo s vynikaj\u00edc\u00edm pom\u011brem mezi kvalitou a cenou. Obsahuje v\u0161echny pot\u0159ebn\u00e9 \u017eiviny, v\u010detn\u011b vitamin\u016f, miner\u00e1ln\u00edch l\u00e1tek a stopov\u00fdch prvk\u016f. Vy\u0161\u0161\u00edm obsahem vl\u00e1kniny je vhodn\u00e9 zejm\u00e9na pro pon\u00edky a kon\u011b bez v\u011bt\u0161\u00ed z\u00e1t\u011b\u017ee, tzn. kon\u011b ur\u010den\u00e9 pro rekrea\u010dn\u00ed je\u017ed\u011bn\u00ed, kon\u011b do lehk\u00e9 z\u00e1t\u011b\u017ee, na odpo\u010dinku nebo v rekonvalescenci<\/p>\n<p>Slo\u017een\u00ed: je\u010dmen, ovesn\u00e9 slupky, p\u0161eni\u010dn\u00e9 middlings, vojt\u011b\u0161ka, ln\u011bn\u00e9 semeno, p\u0161eni\u010dn\u00e1 mouka<br \/>\nkrmn\u00e1, slune\u010dnice, slune\u010dnicov\u00e9 slupky, t\u0159tinov\u00e1 melasa, ln\u011bn\u00e9 expelery, uhli\u010ditan v\u00e1penat\u00fd, chlorid<br \/>\nsodn\u00fd, dihydrogenfosfore\u010dnan v\u00e1penat\u00fd, slune\u010dnicov\u00fd olej, oxid ho\u0159e\u010dnat\u00fd.<\/p>\n<p><strong>D\u016fle\u017eit\u00e9 vlastnosti<\/strong><\/p>\n<ul>\n<li>Vynikaj\u00edc\u00ed pom\u011br kvalita &amp; cena<\/li>\n<li>Optim\u00e1ln\u00ed obsah v\u0161ech d\u016fle\u017eit\u00fdch vitamin\u016f a miner\u00e1ln\u00edch l\u00e1tek<\/li>\n<li>Velikost granul\u00ed &#8211; 10 mm<\/li>\n<\/ul>\n","protected":false},"excerpt":{"rendered":"<p>NutriHorse Hobby je z\u00e1kladn\u00ed n\u00edzkoenergetick\u00e9 granulovan\u00e9 krmivo s vynikaj\u00edc\u00edm pom\u011brem mezi kvalitou a cenou. Obsahuje v\u0161echny pot\u0159ebn\u00e9 \u017eiviny, v\u010detn\u011b vitamin\u016f, miner\u00e1ln\u00edch l\u00e1tek a stopov\u00fdch prvk\u016f. Vy\u0161\u0161\u00edm obsahem vl\u00e1kniny je vhodn\u00e9 zejm\u00e9na pro pon\u00edky a kon\u011b bez v\u011bt\u0161\u00ed z\u00e1t\u011b\u017ee, tzn. kon\u011b ur\u010den\u00e9 pro rekrea\u010dn\u00ed je\u017ed\u011bn\u00ed, kon\u011b do lehk\u00e9 z\u00e1t\u011b\u017ee, na odpo\u010dinku nebo v rekonvalescenci<\/p>\n<ul>\n<li>Vynikaj\u00edc\u00ed pom\u011br kvalita &amp; cena<\/li>\n<li>Optim\u00e1ln\u00ed obsah v\u0161ech d\u016fle\u017eit\u00fdch vitamin\u016f a miner\u00e1ln\u00edch l\u00e1tek<\/li>\n<li>Velikost granul\u00ed &#8211; 10 mm<\/li>\n<\/ul>\n","protected":false},"featured_media":404,"comment_status":"open","ping_status":"closed","template":"","meta":[],"_links":{"self":[{"href":"https:\/\/www.agrolex.cz\/index.php?rest_route=\/wp\/v2\/product\/403"}],"collection":[{"href":"https:\/\/www.agrolex.cz\/index.php?rest_route=\/wp\/v2\/product"}],"about":[{"href":"https:\/\/www.agrolex.cz\/index.php?rest_route=\/wp\/v2\/types\/product"}],"replies":[{"embeddable":true,"href":"https:\/\/www.agrolex.cz\/index.php?rest_route=%2Fwp%2Fv2%2Fcomments&post=403"}],"wp:featuredmedia":[{"embeddable":true,"href":"https:\/\/www.agrolex.cz\/index.php?rest_route=\/wp\/v2\/media\/404"}],"wp:attachment":[{"href":"https:\/\/www.agrolex.cz\/index.php?rest_route=%2Fwp%2Fv2%2Fmedia&parent=403"}],"curies":[{"name":"wp","href":"https:\/\/api.w.org\/{rel}","templated":true}]}}