{"id":405,"date":"2020-07-26T13:35:49","date_gmt":"2020-07-26T13:35:49","guid":{"rendered":"http:\/\/www.agrolex.cz\/?post_type=product&#038;p=405"},"modified":"2022-04-18T21:17:15","modified_gmt":"2022-04-18T21:17:15","slug":"nutrihorse-profi-pellets","status":"publish","type":"product","link":"https:\/\/www.agrolex.cz\/?product=nutrihorse-profi-pellets","title":{"rendered":"NutriHorse Profi (pellets)"},"content":{"rendered":"<p>NutriHorse Profi je energetick\u00e9 granulovan\u00e9 krmivo pro sportovn\u00ed a dostihov\u00e9 kon\u011b ve vy\u0161\u0161\u00edm stupni\u00a0z\u00e1t\u011b\u017ee. R\u016fzn\u00e9 zdroje energie, jako je \u0161krob z obilovin a slune\u010dnicov\u00fd olej, zaji\u0161\u0165uj\u00ed spr\u00e1vn\u00fd pom\u011br mezi rychle a pomalu se uvol\u0148uj\u00edc\u00ed energi\u00ed. Extra p\u0159idan\u00fd ho\u0159\u010d\u00edk umo\u017e\u0148uje kon\u00edm se l\u00e9pe koncentrovat na v\u00fdkon. P\u0159\u00edrodn\u00ed vitamin E a selen jsou \u00fa\u010dinn\u00e9 antioxidanty na ochranu a podporu pracuj\u00edc\u00edch sval\u016f.<\/p>\n<p>Slo\u017een\u00ed: krmn\u00e1 p\u0161enice, je\u010dmen, ovesn\u00e9 slupky, ln\u011bn\u00e9 semeno, slune\u010dnice, p\u0161eni\u010dn\u00e1 mouka krmn\u00e1, uhli\u010ditan v\u00e1penat\u00fd, dihydrogenfosfore\u010dnan v\u00e1penat\u00fd, p\u0161eni\u010dn\u00e9 middlings, chlorid sodn\u00fd, oxid ho\u0159e\u010dnat\u00fd, slune\u010dnicov\u00fd olej.<\/p>\n<p><strong>D\u016fle\u017eit\u00e9 vlastnosti<\/strong><\/p>\n<ul>\n<li>Krmivo s extra p\u0159idan\u00fdm ho\u0159\u010d\u00edkem<\/li>\n<li>Vy\u0161\u0161\u00ed obsah p\u0159\u00edrodn\u00edho vitaminu E a selenu na ochranu sval\u016f<\/li>\n<li>Velikost granul\u00ed &#8211; 10 mm<\/li>\n<\/ul>\n","protected":false},"excerpt":{"rendered":"<p>NutriHorse Profi je energetick\u00e9 granulovan\u00e9 krmivo pro sportovn\u00ed a dostihov\u00e9 kon\u011b ve vy\u0161\u0161\u00edm stupni\u00a0z\u00e1t\u011b\u017ee. R\u016fzn\u00e9 zdroje energie, jako je \u0161krob z obilovin a slune\u010dnicov\u00fd olej, zaji\u0161\u0165uj\u00ed spr\u00e1vn\u00fd pom\u011br mezi rychle a pomalu se uvol\u0148uj\u00edc\u00ed energi\u00ed. Extra p\u0159idan\u00fd ho\u0159\u010d\u00edk umo\u017e\u0148uje kon\u00edm se l\u00e9pe koncentrovat na v\u00fdkon. P\u0159\u00edrodn\u00ed vitamin E a selen jsou \u00fa\u010dinn\u00e9 antioxidanty na ochranu a podporu pracuj\u00edc\u00edch sval\u016f.<\/p>\n<ul>\n<li>Krmivo s extra p\u0159idan\u00fdm ho\u0159\u010d\u00edkem<\/li>\n<li>Vy\u0161\u0161\u00ed obsah p\u0159\u00edrodn\u00edho vitaminu E a selenu na ochranu sval\u016f<\/li>\n<li>Velikost granul\u00ed &#8211; 10 mm<\/li>\n<\/ul>\n","protected":false},"featured_media":406,"comment_status":"open","ping_status":"closed","template":"","meta":[],"_links":{"self":[{"href":"https:\/\/www.agrolex.cz\/index.php?rest_route=\/wp\/v2\/product\/405"}],"collection":[{"href":"https:\/\/www.agrolex.cz\/index.php?rest_route=\/wp\/v2\/product"}],"about":[{"href":"https:\/\/www.agrolex.cz\/index.php?rest_route=\/wp\/v2\/types\/product"}],"replies":[{"embeddable":true,"href":"https:\/\/www.agrolex.cz\/index.php?rest_route=%2Fwp%2Fv2%2Fcomments&post=405"}],"wp:featuredmedia":[{"embeddable":true,"href":"https:\/\/www.agrolex.cz\/index.php?rest_route=\/wp\/v2\/media\/406"}],"wp:attachment":[{"href":"https:\/\/www.agrolex.cz\/index.php?rest_route=%2Fwp%2Fv2%2Fmedia&parent=405"}],"curies":[{"name":"wp","href":"https:\/\/api.w.org\/{rel}","templated":true}]}}