{"id":411,"date":"2020-07-27T12:00:54","date_gmt":"2020-07-27T12:00:54","guid":{"rendered":"http:\/\/www.agrolex.cz\/?post_type=product&#038;p=411"},"modified":"2022-04-18T21:16:06","modified_gmt":"2022-04-18T21:16:06","slug":"nutrihorse-makromin","status":"publish","type":"product","link":"https:\/\/www.agrolex.cz\/?product=nutrihorse-makromin","title":{"rendered":"NutriHorse Makromin"},"content":{"rendered":"<p><strong>Miner\u00e1ln\u00ed dopl\u0148kov\u00e9 krmivo pro kon\u011b se zv\u00fd\u0161en\u00fdm obsahem v\u00e1pn\u00edku a fosforu.<\/strong><\/p>\n<p>Pom\u011br v\u00e1pn\u00edku a fosforu v krmn\u00e9 d\u00e1vce je velice d\u016fle\u017eit\u00fd v ka\u017ed\u00e9m v\u011bku kon\u011b. Nutri Horse Makromin p\u0159isp\u00edv\u00e1 k vyv\u00e1\u017een\u00ed pom\u011bru v\u00e1pn\u00edku a fosforu v krmn\u00e9 d\u00e1vce. Nevhodn\u00fd pom\u011br po del\u0161\u00ed dobu m\u00e1 za n\u00e1sledek nedostate\u010dnou osifikaci kost\u00ed u h\u0159\u00edbat a u dosp\u011bl\u00fdch kon\u00ed zase m\u011bknut\u00ed a l\u00e1mavost kost\u00ed. P\u0159\u00edzniv\u011b p\u016fsob\u00ed p\u0159i poruch\u00e1ch v\u00fdvinu kostry, zejm\u00e9na kon\u010detin nebo p\u0159i zlomenin\u00e1ch. Aplikace p\u0159\u00edpravku je vhodn\u00e1 zejm\u00e9na p\u0159i zkrmov\u00e1n\u00ed sena s ni\u017e\u0161\u00edm obsahem v\u00e1pn\u00edku (net\u00fdk\u00e1 se vojt\u011b\u0161kov\u00e9ho sena bohat\u00e9ho na v\u00e1pn\u00edk).\u00a0P\u0159\u00edpravek se pod\u00e1v\u00e1 \u0159\u00e1dn\u011b zam\u00edchan\u00fd do krmiva. 10 &#8211; 15 g \/100 kg.<\/p>\n<p><strong>D\u016fle\u017eit\u00e9 vlastnosti<\/strong><\/p>\n<ul>\n<li>P\u0159isp\u00edv\u00e1 k vyv\u00e1\u017een\u00ed pom\u011bru v\u00e1pn\u00edku a fosforu v krmn\u00e9 d\u00e1vce<\/li>\n<li>P\u0159i poruch\u00e1ch v\u00fdvinu kostry, zejm\u00e9na kon\u010detin<\/li>\n<li>P\u0159i zlomenin\u00e1ch<\/li>\n<\/ul>\n","protected":false},"excerpt":{"rendered":"<p><strong>Miner\u00e1ln\u00ed dopl\u0148kov\u00e9 krmivo pro kon\u011b se zv\u00fd\u0161en\u00fdm obsahem v\u00e1pn\u00edku a fosforu.<\/strong><\/p>\n<ul>\n<li>P\u0159isp\u00edv\u00e1 k vyv\u00e1\u017een\u00ed pom\u011bru v\u00e1pn\u00edku a fosforu v krmn\u00e9 d\u00e1vce<\/li>\n<li>P\u0159i poruch\u00e1ch v\u00fdvinu kostry, zejm\u00e9na kon\u010detin<\/li>\n<li>P\u0159i zlomenin\u00e1ch<\/li>\n<\/ul>\n","protected":false},"featured_media":412,"comment_status":"open","ping_status":"closed","template":"","meta":[],"_links":{"self":[{"href":"https:\/\/www.agrolex.cz\/index.php?rest_route=\/wp\/v2\/product\/411"}],"collection":[{"href":"https:\/\/www.agrolex.cz\/index.php?rest_route=\/wp\/v2\/product"}],"about":[{"href":"https:\/\/www.agrolex.cz\/index.php?rest_route=\/wp\/v2\/types\/product"}],"replies":[{"embeddable":true,"href":"https:\/\/www.agrolex.cz\/index.php?rest_route=%2Fwp%2Fv2%2Fcomments&post=411"}],"wp:featuredmedia":[{"embeddable":true,"href":"https:\/\/www.agrolex.cz\/index.php?rest_route=\/wp\/v2\/media\/412"}],"wp:attachment":[{"href":"https:\/\/www.agrolex.cz\/index.php?rest_route=%2Fwp%2Fv2%2Fmedia&parent=411"}],"curies":[{"name":"wp","href":"https:\/\/api.w.org\/{rel}","templated":true}]}}