{"id":413,"date":"2020-07-27T12:09:02","date_gmt":"2020-07-27T12:09:02","guid":{"rendered":"http:\/\/www.agrolex.cz\/?post_type=product&#038;p=413"},"modified":"2022-04-18T21:15:31","modified_gmt":"2022-04-18T21:15:31","slug":"nutrihorse-endurance-pasta","status":"publish","type":"product","link":"https:\/\/www.agrolex.cz\/?product=nutrihorse-endurance-pasta","title":{"rendered":"NutriHorse Endurance pasta"},"content":{"rendered":"<p><strong>Or\u00e1ln\u00ed pasta proti z\u00e1cp\u011b, kter\u00e1 je typick\u00fdm d\u016fsledkem \u00fanavy po dlouhodob\u00e9 z\u00e1t\u011b\u017ei.\u00a0<\/strong><\/p>\n<p>NutriHorse Endurance je or\u00e1ln\u00ed pasta proti z\u00e1cp\u011b, kter\u00e1 je typick\u00fdm d\u016fsledkem \u00fanavy po dlouhodob\u00e9 z\u00e1t\u011b\u017ei. Obsahuje \u0159et\u011bzce aminokyselin s vysok\u00fdm obsahem L-Glutaminu. Tato aminokyselina je nej\u010dast\u011bj\u0161\u00ed aminokyselina v t\u011ble, jej\u00ed pot\u0159eba stoup\u00e1 p\u0159i p\u0159et\u00ed\u017een\u00ed organismu. Nedostatek se projevuje jako ztr\u00e1ta chuti k\u00a0p\u0159ij\u00edm\u00e1n\u00ed potravy, bolest sval\u016f, celkov\u00e1 slabost a z\u00e1cpa. D\u00e1le dopl\u0148uje energii pro bu\u0148ky tr\u00e1vic\u00ed soustavy a zlep\u0161uje pas\u00e1\u017e tr\u00e1veniny za\u017e\u00edvac\u00edm traktem. Vhodn\u00e9 je preventivn\u00ed pou\u017eit\u00ed u vytrvalostn\u00edch kon\u00ed na del\u0161\u00ed trasy 120 \u2013 160 km.<\/p>\n<p><strong>D\u016fle\u017eit\u00e9 vlastnosti<\/strong><\/p>\n<ul>\n<li>Pro kon\u011b p\u0159i vytrvalosti<\/li>\n<li>L-Glutamin pro spr\u00e1vnou funkci tr\u00e1vic\u00ed soustavy b\u011bhem z\u00e1t\u011b\u017ee<\/li>\n<li>Dopln\u011bn\u00ed energie\u00a0 pro bu\u0148ky tr\u00e1vic\u00ed soustavy<\/li>\n<\/ul>\n<p>&nbsp;<\/p>\n<p><strong>Slo\u017een\u00ed:\u00a0<\/strong>demineralizovan\u00e1 voda, E422 Glycerol, L-Glutamine<\/p>\n<p><strong>Analytick\u00e9 slo\u017eky v\u00a01 kg:\u00a0<\/strong>vlhkost 23 %, hrub\u00fd tuk 0,1 %, sod\u00edk 0 %, hrub\u00fd popel 1,2 %, hrub\u00fd protein 48 %, celul\u00f3za 0,1 %.<\/p>\n<p><strong>Dopl\u0148kov\u00e9 l\u00e1tky v\u00a01 kg: Aminokyseliny:<\/strong>\u00a0L-Leucine 90 000 mg, 3c370 L-Valine 90 000 mg, 3c3.8.1. L-Isoleucine 60 000 mg<\/p>\n<p><strong>Chemicky definovan\u00e9 l\u00e1tky s efektem podobn\u00fdm vitamin\u016fm:\u00a0<\/strong>3a 310 L-Carnitine 30 000 mg<\/p>\n<p><strong>Vitaminy a provitaminy:<\/strong>\u00a03a831 Vitamin B6 1 400 mg<\/p>\n<p><strong>Technologick\u00e1 aditiva:<\/strong>\u00a0E415 Xanthan 1000 mg<\/p>\n<p><strong>D\u00e1vkov\u00e1n\u00ed:<\/strong>\u00a02 -3 pasty, od 90. km z\u00e1vodu, a podat 2-3 kr\u00e1t do konce z\u00e1vodu<\/p>\n","protected":false},"excerpt":{"rendered":"<p><strong>Or\u00e1ln\u00ed pasta proti z\u00e1cp\u011b, kter\u00e1 je typick\u00fdm d\u016fsledkem \u00fanavy po dlouhodob\u00e9 z\u00e1t\u011b\u017ei.\u00a0<\/strong><\/p>\n<ul>\n<li>Pro kon\u011b p\u0159i vytrvalosti<\/li>\n<li>L-Glutamin pro spr\u00e1vnou funkci tr\u00e1vic\u00ed soustavy b\u011bhem z\u00e1t\u011b\u017ee<\/li>\n<li>Dopln\u011bn\u00ed energie\u00a0 pro bu\u0148ky tr\u00e1vic\u00ed soustavy<\/li>\n<\/ul>\n","protected":false},"featured_media":414,"comment_status":"open","ping_status":"closed","template":"","meta":[],"_links":{"self":[{"href":"https:\/\/www.agrolex.cz\/index.php?rest_route=\/wp\/v2\/product\/413"}],"collection":[{"href":"https:\/\/www.agrolex.cz\/index.php?rest_route=\/wp\/v2\/product"}],"about":[{"href":"https:\/\/www.agrolex.cz\/index.php?rest_route=\/wp\/v2\/types\/product"}],"replies":[{"embeddable":true,"href":"https:\/\/www.agrolex.cz\/index.php?rest_route=%2Fwp%2Fv2%2Fcomments&post=413"}],"wp:featuredmedia":[{"embeddable":true,"href":"https:\/\/www.agrolex.cz\/index.php?rest_route=\/wp\/v2\/media\/414"}],"wp:attachment":[{"href":"https:\/\/www.agrolex.cz\/index.php?rest_route=%2Fwp%2Fv2%2Fmedia&parent=413"}],"curies":[{"name":"wp","href":"https:\/\/api.w.org\/{rel}","templated":true}]}}