{"id":415,"date":"2020-07-27T12:14:21","date_gmt":"2020-07-27T12:14:21","guid":{"rendered":"http:\/\/www.agrolex.cz\/?post_type=product&#038;p=415"},"modified":"2022-04-18T21:15:00","modified_gmt":"2022-04-18T21:15:00","slug":"nutrihorse-antistress-pasta","status":"publish","type":"product","link":"https:\/\/www.agrolex.cz\/?product=nutrihorse-antistress-pasta","title":{"rendered":"NutriHorse Antistress pasta"},"content":{"rendered":"<p><strong>Or\u00e1ln\u00ed pasta omezuj\u00edc\u00ed stres u kon\u00ed b\u011bhem z\u00e1vod\u016f, p\u0159epravy a ostatn\u00edch n\u00e1ro\u010dn\u00fdch situac\u00ed.\u00a0<\/strong><\/p>\n<p>NutriHorse Antistress je or\u00e1ln\u00ed pasta omezuj\u00edc\u00ed stres u kon\u00ed b\u011bhem z\u00e1vod\u016f, p\u0159epravy a ostatn\u00edch n\u00e1ro\u010dn\u00fdch situac\u00ed. D\u00e1le napom\u00e1h\u00e1 ke zv\u00fd\u0161en\u00ed koncentrace u kon\u00ed b\u011bhem z\u00e1vodu. Dle nejnov\u011bj\u0161\u00edch v\u011bdeck\u00fdch v\u00fdzkum\u016f je vyu\u017eit uklid\u0148uj\u00edc\u00ed efekt tryptofanu, chmelu a ho\u0159\u010d\u00edku (v organicky v\u00e1zan\u00e9 form\u011b, kter\u00e1 je t\u011blu dob\u0159e dostupn\u00e1). Tryptofan je prekurzor melatoninu, kter\u00fd navozuje klid a sp\u00e1nek, nen\u00ed n\u00e1vykov\u00fd.<br \/>\nVyu\u017eit\u00ed je obzvl\u00e1\u0161\u0165 vhodn\u00e9 u mlad\u00fdch a nezku\u0161en\u00fdch kon\u00ed. P\u0159\u00edpravek kon\u011b uklidn\u00ed bez naru\u0161en\u00ed pozornosti a rychlosti reakc\u00ed.<\/p>\n<p><strong>D\u016fle\u017eit\u00e9 vlastnosti<\/strong><\/p>\n<ul>\n<li>Ho\u0159\u010d\u00edk a chmel pro zklidn\u011bn\u00ed kon\u011b<\/li>\n<li>L-tryptofan jako prekurzor neurop\u0159ena\u0161e\u010d\u016f<\/li>\n<li>Extrakt z\u00a0ginkgo biloby<\/li>\n<\/ul>\n<p>&nbsp;<\/p>\n<p><strong>Slo\u017een\u00ed:\u00a0<\/strong>demineralizovan\u00e1 voda, E422 glycerol, extrakt z \u0159imbaby obecn\u00e9 (Tanacetum Parthenium) v kvalit\u011b pro lidskou spot\u0159ebu, citr\u00e1t ho\u0159e\u010dnat\u00fd, dextr\u00f3za.<\/p>\n<p><strong>Analytick\u00e9 slo\u017eky v\u00a01 kg:\u00a0<\/strong>hrub\u00fd tuk 0,1 %, hrub\u00fd popel 0,1 %, sod\u00edk 0,1 %, hrub\u00fd protein 38 %, vlhkost 29 %<\/p>\n<p><strong>Dopl\u0148kov\u00e9 l\u00e1tky v\u00a01 kg: Aminokyseliny:<\/strong>\u00a03.4.1. L-Tryptophan 280 000 mg<strong>\u00a0Botanicky definovan\u00e9 p\u0159\u00edrodn\u00ed l\u00e1tky:\u00a0<\/strong>extrakt ze sluncovky kalifornsk\u00e9 (Eschscholzia Californica) 80 000 mg, extrakt z ginkgo biloby 60 000 mg\u00a0\u00a0<strong>Technick\u00e1 aditiva:\u00a0<\/strong>E415 Xanthan 1 500 mg<\/p>\n<p><strong>Doporu\u010den\u00e9 d\u00e1vkov\u00e1n\u00ed:<\/strong>\u00a01 pasta, podat nejm\u00e9n\u011b 3 hodiny p\u0159ed z\u00e1t\u011b\u017e\u00ed<\/p>\n","protected":false},"excerpt":{"rendered":"<p><strong>Or\u00e1ln\u00ed pasta omezuj\u00edc\u00ed stres u kon\u00ed b\u011bhem z\u00e1vod\u016f, p\u0159epravy a ostatn\u00edch n\u00e1ro\u010dn\u00fdch situac\u00ed.\u00a0<\/strong><\/p>\n<ul>\n<li>Ho\u0159\u010d\u00edk a chmel pro zklidn\u011bn\u00ed kon\u011b<\/li>\n<li>L-tryptofan jako prekurzor neurop\u0159ena\u0161e\u010d\u016f<\/li>\n<li>Extrakt z\u00a0ginkgo biloby<\/li>\n<\/ul>\n","protected":false},"featured_media":416,"comment_status":"open","ping_status":"closed","template":"","meta":[],"_links":{"self":[{"href":"https:\/\/www.agrolex.cz\/index.php?rest_route=\/wp\/v2\/product\/415"}],"collection":[{"href":"https:\/\/www.agrolex.cz\/index.php?rest_route=\/wp\/v2\/product"}],"about":[{"href":"https:\/\/www.agrolex.cz\/index.php?rest_route=\/wp\/v2\/types\/product"}],"replies":[{"embeddable":true,"href":"https:\/\/www.agrolex.cz\/index.php?rest_route=%2Fwp%2Fv2%2Fcomments&post=415"}],"wp:featuredmedia":[{"embeddable":true,"href":"https:\/\/www.agrolex.cz\/index.php?rest_route=\/wp\/v2\/media\/416"}],"wp:attachment":[{"href":"https:\/\/www.agrolex.cz\/index.php?rest_route=%2Fwp%2Fv2%2Fmedia&parent=415"}],"curies":[{"name":"wp","href":"https:\/\/api.w.org\/{rel}","templated":true}]}}