{"id":423,"date":"2020-07-27T12:31:29","date_gmt":"2020-07-27T12:31:29","guid":{"rendered":"http:\/\/www.agrolex.cz\/?post_type=product&#038;p=423"},"modified":"2022-04-18T21:13:04","modified_gmt":"2022-04-18T21:13:04","slug":"nutrihorse-silybum-marianum","status":"publish","type":"product","link":"https:\/\/www.agrolex.cz\/?product=nutrihorse-silybum-marianum","title":{"rendered":"NutriHorse Silybum Marianum"},"content":{"rendered":"<p><strong>Pro kon\u011b p\u0159i l\u00e9\u010db\u00e1ch, otrav\u00e1ch a jako prevence.<\/strong><\/p>\n<p>NutriHorse SILYBUM MARIANUM je mlet\u00fd plod ostropest\u0159ce mari\u00e1nsk\u00e9ho prost\u00fd oleje, jeho\u017e \u00fa\u010dinnou hlavn\u00ed slo\u017ekou je Silymarin vykazuj\u00edc\u00ed ochrann\u00fd \u00fa\u010dinek ve vztahu k jatern\u00edm bu\u0148k\u00e1m (hepatoprotektivum). Pou\u017e\u00edv\u00e1 se k celkov\u00e9 detoxikaci organismu a k pos\u00edlen\u00ed imunity a podporuje tvorbu \u017elu\u010di. P\u0159\u00edpravek je vhodn\u00e9 pod\u00e1vat jak dlouhodob\u011b (preventivn\u011b), tak i kr\u00e1tkodob\u00e9 ve zv\u00fd\u0161en\u00fdch d\u00e1vk\u00e1ch p\u0159i a po dlouhodob\u00fdch l\u00e9\u010db\u00e1ch a otrav\u00e1ch. Vhodn\u00e9 pod\u00e1vat na ja\u0159e jako k\u00faru na vy\u010di\u0161t\u011bn\u00ed a pos\u00edlen\u00ed organismu. Celkov\u00fd detoxikant.<\/p>\n<p><strong>Slo\u017een\u00ed:<\/strong>\u00a0Ostropest\u0159ec Mari\u00e1nsk\u00fd plod \u2013 mlet\u00fd.<\/p>\n<p><strong>Analytick\u00e9 slo\u017eky:<\/strong>\u00a0hrub\u00e1 vl\u00e1knina 34,02 %, tuk 6,06 %, hrub\u00fd protein 17,84 %, popel 4,94 %.<\/p>\n<p><strong>Doporu\u010den\u00e9 d\u00e1vkov\u00e1n\u00ed:<\/strong>\u00a06,5 g a 100 kg \u017eiv\u00e9 hmotnosti kon\u011b denn\u011b, pod\u00e1v\u00e1 se \u0159\u00e1dn\u011b zam\u00edchan\u00fd do krmiva bud v pr\u00e1\u0161kov\u00e9 form\u011b nebo formou v\u00fdluhu.<\/p>\n","protected":false},"excerpt":{"rendered":"<p><strong>Pro kon\u011b p\u0159i l\u00e9\u010db\u00e1ch, otrav\u00e1ch a jako prevence.<\/strong><\/p>\n<p>NutriHorse SILYBUM MARIANUM je mlet\u00fd plod ostropest\u0159ce mari\u00e1nsk\u00e9ho prost\u00fd oleje, jeho\u017e \u00fa\u010dinnou hlavn\u00ed slo\u017ekou je Silymarin vykazuj\u00edc\u00ed ochrann\u00fd \u00fa\u010dinek ve vztahu k jatern\u00edm bu\u0148k\u00e1m (hepatoprotektivum). Pou\u017e\u00edv\u00e1 se k celkov\u00e9 detoxikaci organismu a k pos\u00edlen\u00ed imunity a podporuje tvorbu \u017elu\u010di. P\u0159\u00edpravek je vhodn\u00e9 pod\u00e1vat jak dlouhodob\u011b (preventivn\u011b), tak i kr\u00e1tkodob\u00e9 ve zv\u00fd\u0161en\u00fdch d\u00e1vk\u00e1ch p\u0159i a po dlouhodob\u00fdch l\u00e9\u010db\u00e1ch a otrav\u00e1ch. Vhodn\u00e9 pod\u00e1vat na ja\u0159e jako k\u00faru na vy\u010di\u0161t\u011bn\u00ed a pos\u00edlen\u00ed organismu. Celkov\u00fd detoxikant.<\/p>\n","protected":false},"featured_media":424,"comment_status":"open","ping_status":"closed","template":"","meta":[],"_links":{"self":[{"href":"https:\/\/www.agrolex.cz\/index.php?rest_route=\/wp\/v2\/product\/423"}],"collection":[{"href":"https:\/\/www.agrolex.cz\/index.php?rest_route=\/wp\/v2\/product"}],"about":[{"href":"https:\/\/www.agrolex.cz\/index.php?rest_route=\/wp\/v2\/types\/product"}],"replies":[{"embeddable":true,"href":"https:\/\/www.agrolex.cz\/index.php?rest_route=%2Fwp%2Fv2%2Fcomments&post=423"}],"wp:featuredmedia":[{"embeddable":true,"href":"https:\/\/www.agrolex.cz\/index.php?rest_route=\/wp\/v2\/media\/424"}],"wp:attachment":[{"href":"https:\/\/www.agrolex.cz\/index.php?rest_route=%2Fwp%2Fv2%2Fmedia&parent=423"}],"curies":[{"name":"wp","href":"https:\/\/api.w.org\/{rel}","templated":true}]}}