{"id":425,"date":"2020-07-27T12:34:17","date_gmt":"2020-07-27T12:34:17","guid":{"rendered":"http:\/\/www.agrolex.cz\/?post_type=product&#038;p=425"},"modified":"2022-04-18T21:12:46","modified_gmt":"2022-04-18T21:12:46","slug":"nutrihorse-collagen-rosehip","status":"publish","type":"product","link":"https:\/\/www.agrolex.cz\/?product=nutrihorse-collagen-rosehip","title":{"rendered":"NutriHorse Collagen &#038; Rosehip"},"content":{"rendered":"<p><strong>Vhodn\u00e9 p\u0159i prvotn\u00edch pot\u00ed\u017e\u00edch s klouby a jako prevence.<\/strong><\/p>\n<p>Kolagen je b\u00edlkovina, kter\u00e1 mimo jin\u00e9 tvo\u0159\u00ed \u0161lachy a vazy. Je z\u00e1kladn\u00ed jednotkou kloubn\u00edch chrupavek, ve kter\u00fdch vytv\u00e1\u0159\u00ed matrix a t\u00edm dr\u017e\u00ed hmotu chrupavky. Zat\u00edmco chondroprotektiva chrupavku vy\u017eivuj\u00ed, kolagen chrupav\u010ditou tk\u00e1\u0148 zpev\u0148uje a dod\u00e1v\u00e1 chrupavce pevnost a odolnost, co\u017e je u kon\u00ed a zejm\u00e9na t\u011bch aktivn\u00edch velmi d\u016fle\u017eit\u00e9 p\u0159i sk\u00e1k\u00e1n\u00ed. \u0160\u00edpek je p\u0159\u00edrodn\u00ed zdroj vitam\u00ednu C, kter\u00fd se pod\u00edl\u00ed na synt\u00e9ze kolagenu. U star\u0161\u00edch kon\u00ed m\u00e1 p\u0159\u00edzniv\u00fd vliv na artritick\u00e9 probl\u00e9my. Jeho u\u017e\u00edv\u00e1n\u00ed m\u00e1 pozitivn\u00ed vliv na kvalitu kopytn\u00ed rohoviny.<\/p>\n<p><strong>Slo\u017een\u00ed:<\/strong>\u00a0hydrolyzovan\u00fd kolagen 60 %, \u0161\u00edpek plod mlet\u00fd 40 %<\/p>\n<p><strong>Analytick\u00e9 slo\u017eky:<\/strong>\u00a0hrub\u00e1 vl\u00e1knina 6,54 %, tuk 0,74 %, hrub\u00fd protein 61,11 %, popel 3,77 %<\/p>\n<p><strong>Doporu\u010den\u00e9 d\u00e1vkov\u00e1n\u00ed:<\/strong>\u00a08 g na 100 kg \u017eiv\u00e9 hmotnosti kon\u011b denn\u011b. Lze pod\u00e1vat preventivn\u011b. P\u0159i pot\u00ed\u017e\u00edch lze d\u00e1vku zv\u00fd\u0161it a\u017e na dvojn\u00e1sobek.<\/p>\n<p>&nbsp;<\/p>\n<p><strong>D\u016fle\u017eit\u00e9 vlastnosti<\/strong><\/p>\n<ul>\n<li>Kolagen zpev\u0148uje chrupavku<\/li>\n<li>\u0160\u00edpek je zdrojem vitaminu C, kter\u00fd m\u00e1 protiz\u00e1n\u011btliv\u00fd efekt<\/li>\n<\/ul>\n","protected":false},"excerpt":{"rendered":"<p><strong>Vhodn\u00e9 p\u0159i prvotn\u00edch pot\u00ed\u017e\u00edch s klouby a jako prevence.<\/strong><\/p>\n<p>Kolagen je b\u00edlkovina, kter\u00e1 mimo jin\u00e9 tvo\u0159\u00ed \u0161lachy a vazy. Je z\u00e1kladn\u00ed jednotkou kloubn\u00edch chrupavek, ve kter\u00fdch vytv\u00e1\u0159\u00ed matrix a t\u00edm dr\u017e\u00ed hmotu chrupavky. Zat\u00edmco chondroprotektiva chrupavku vy\u017eivuj\u00ed, kolagen chrupav\u010ditou tk\u00e1\u0148 zpev\u0148uje a dod\u00e1v\u00e1 chrupavce pevnost a odolnost, co\u017e je u kon\u00ed a zejm\u00e9na t\u011bch aktivn\u00edch velmi d\u016fle\u017eit\u00e9 p\u0159i sk\u00e1k\u00e1n\u00ed. \u0160\u00edpek je p\u0159\u00edrodn\u00ed zdroj vitam\u00ednu C, kter\u00fd se pod\u00edl\u00ed na synt\u00e9ze kolagenu. U star\u0161\u00edch kon\u00ed m\u00e1 p\u0159\u00edzniv\u00fd vliv na artritick\u00e9 probl\u00e9my. Jeho u\u017e\u00edv\u00e1n\u00ed m\u00e1 pozitivn\u00ed vliv na kvalitu kopytn\u00ed rohoviny.<\/p>\n<ul>\n<li>Kolagen zpev\u0148uje chrupavku<\/li>\n<li>\u0160\u00edpek je zdrojem vitaminu C, kter\u00fd m\u00e1 protiz\u00e1n\u011btliv\u00fd efekt<\/li>\n<\/ul>\n","protected":false},"featured_media":426,"comment_status":"open","ping_status":"closed","template":"","meta":[],"_links":{"self":[{"href":"https:\/\/www.agrolex.cz\/index.php?rest_route=\/wp\/v2\/product\/425"}],"collection":[{"href":"https:\/\/www.agrolex.cz\/index.php?rest_route=\/wp\/v2\/product"}],"about":[{"href":"https:\/\/www.agrolex.cz\/index.php?rest_route=\/wp\/v2\/types\/product"}],"replies":[{"embeddable":true,"href":"https:\/\/www.agrolex.cz\/index.php?rest_route=%2Fwp%2Fv2%2Fcomments&post=425"}],"wp:featuredmedia":[{"embeddable":true,"href":"https:\/\/www.agrolex.cz\/index.php?rest_route=\/wp\/v2\/media\/426"}],"wp:attachment":[{"href":"https:\/\/www.agrolex.cz\/index.php?rest_route=%2Fwp%2Fv2%2Fmedia&parent=425"}],"curies":[{"name":"wp","href":"https:\/\/api.w.org\/{rel}","templated":true}]}}