{"id":427,"date":"2020-07-27T12:45:42","date_gmt":"2020-07-27T12:45:42","guid":{"rendered":"http:\/\/www.agrolex.cz\/?post_type=product&#038;p=427"},"modified":"2023-01-02T09:24:19","modified_gmt":"2023-01-02T09:24:19","slug":"nutrihorse-spirulina","status":"publish","type":"product","link":"https:\/\/www.agrolex.cz\/?product=nutrihorse-spirulina","title":{"rendered":"NutriHorse Spirulina"},"content":{"rendered":"<p><strong>Pro kon\u011b v z\u00e1t\u011b\u017ei, kon\u011b trp\u00edc\u00ed ko\u017en\u00edmi probl\u00e9my, d\u00fdchac\u00edmi probl\u00e9my, r\u016fzn\u00fdmi z\u00e1n\u011bty, laminitidou, obezitou, pro star\u0161\u00ed kon\u011b trp\u00edc\u00ed artritidou a pro celkov\u00e9 zlep\u0161en\u00ed imunitn\u00edho syst\u00e9mu.<\/strong><\/p>\n<p>NutriHorse Spirulina je\u00a0100% p\u0159\u00edrodn\u00ed produkt v pr\u00e1\u0161kov\u00e9 form\u011b obsahuj\u00edc\u00ed velk\u00e9 mno\u017estv\u00ed aminokyselin (60-70 %) a prakticky ve\u0161ker\u00e9 d\u016fle\u017eit\u00e9 vitam\u00edny a miner\u00e1ln\u00ed l\u00e1tky. D\u00edky sv\u00e9mu slo\u017een\u00ed posiluje imunitu, zlep\u0161uje kvalitu srsti a k\u016f\u017ee, p\u016fsob\u00ed jako antioxidant a detoxikant. Spirulina je vhodn\u00e1 pro kon\u011b v z\u00e1t\u011b\u017ei, kon\u011b trp\u00edc\u00ed ko\u017en\u00edmi probl\u00e9my, d\u00fdchac\u00edmi probl\u00e9my, r\u016fzn\u00fdmi z\u00e1n\u011bty, laminitidou, obezitou, pro star\u0161\u00ed kon\u011b trp\u00edc\u00ed artritidou a pro celkov\u00e9 zlep\u0161en\u00ed imunitn\u00edho syst\u00e9mu.<\/p>\n<p><strong>Slo\u017een\u00ed:<\/strong>\u00a0Spirulina Platensis.<\/p>\n<p><strong>Analytick\u00e9 slo\u017eky:\u00a0<\/strong>hrub\u00e1 vl\u00e1knina 12,25 %, tuk 5,62 %, hrub\u00fd protein 67,98 %, popel 8,39 %.<\/p>\n<p><strong>Doporu\u010den\u00e9 d\u00e1vkov\u00e1n\u00ed:<\/strong>\u00a03,5 g na 100 kg \u017eiv\u00e9 hmotnosti kon\u011b denn\u011b<\/p>\n","protected":false},"excerpt":{"rendered":"<p><strong>Pro kon\u011b v z\u00e1t\u011b\u017ei, kon\u011b trp\u00edc\u00ed ko\u017en\u00edmi probl\u00e9my, d\u00fdchac\u00edmi probl\u00e9my, r\u016fzn\u00fdmi z\u00e1n\u011bty, laminitidou, obezitou, pro star\u0161\u00ed kon\u011b trp\u00edc\u00ed artritidou a pro celkov\u00e9 zlep\u0161en\u00ed imunitn\u00edho syst\u00e9mu.<\/strong><\/p>\n<p>NutriHorse Spirulina je\u00a0100% p\u0159\u00edrodn\u00ed produkt v pr\u00e1\u0161kov\u00e9 form\u011b obsahuj\u00edc\u00ed velk\u00e9 mno\u017estv\u00ed aminokyselin (60-70 %) a prakticky ve\u0161ker\u00e9 d\u016fle\u017eit\u00e9 vitam\u00edny a miner\u00e1ln\u00ed l\u00e1tky. D\u00edky sv\u00e9mu slo\u017een\u00ed posiluje imunitu, zlep\u0161uje kvalitu srsti a k\u016f\u017ee, p\u016fsob\u00ed jako antioxidant a detoxikant. Spirulina je vhodn\u00e1 pro kon\u011b v z\u00e1t\u011b\u017ei, kon\u011b trp\u00edc\u00ed ko\u017en\u00edmi probl\u00e9my, d\u00fdchac\u00edmi probl\u00e9my, r\u016fzn\u00fdmi z\u00e1n\u011bty, laminitidou, obezitou, pro star\u0161\u00ed kon\u011b trp\u00edc\u00ed artritidou a pro celkov\u00e9 zlep\u0161en\u00ed imunitn\u00edho syst\u00e9mu.<\/p>\n","protected":false},"featured_media":428,"comment_status":"open","ping_status":"closed","template":"","meta":[],"_links":{"self":[{"href":"https:\/\/www.agrolex.cz\/index.php?rest_route=\/wp\/v2\/product\/427"}],"collection":[{"href":"https:\/\/www.agrolex.cz\/index.php?rest_route=\/wp\/v2\/product"}],"about":[{"href":"https:\/\/www.agrolex.cz\/index.php?rest_route=\/wp\/v2\/types\/product"}],"replies":[{"embeddable":true,"href":"https:\/\/www.agrolex.cz\/index.php?rest_route=%2Fwp%2Fv2%2Fcomments&post=427"}],"wp:featuredmedia":[{"embeddable":true,"href":"https:\/\/www.agrolex.cz\/index.php?rest_route=\/wp\/v2\/media\/428"}],"wp:attachment":[{"href":"https:\/\/www.agrolex.cz\/index.php?rest_route=%2Fwp%2Fv2%2Fmedia&parent=427"}],"curies":[{"name":"wp","href":"https:\/\/api.w.org\/{rel}","templated":true}]}}