{"id":444,"date":"2020-08-13T14:35:48","date_gmt":"2020-08-13T14:35:48","guid":{"rendered":"http:\/\/www.agrolex.cz\/?post_type=product&#038;p=444"},"modified":"2022-04-18T21:12:08","modified_gmt":"2022-04-18T21:12:08","slug":"nutrihorse-garlic","status":"publish","type":"product","link":"https:\/\/www.agrolex.cz\/?product=nutrihorse-garlic","title":{"rendered":"NutriHorse Garlic plv."},"content":{"rendered":"<div class=\"background system-bg\">\n<div class=\"background user-bg\">\n<div id=\"container\">\n<div id=\"content\">\n<div class=\"content\">\n<div id=\"main-column\" class=\"main-column\">\n<div class=\"content\">\n<div class=\"product-tabs ui-tabs ui-widget ui-widget-content ui-corner-all\">\n<div id=\"description-tab\" class=\"product-tab ui-tabs-panel ui-widget-content ui-corner-bottom\" role=\"tabpanel\" aria-expanded=\"true\" aria-hidden=\"false\" aria-labelledby=\"ui-id-1\">\n<div class=\"content rwd-hidden\" data-toggle-name=\"description-tab-content\">\n<div class=\"description\">\n<p><strong>\u010cesnek\u00a0m\u00e1 pozitivn\u00ed \u00fa\u010dinky p\u0159edev\u0161\u00edm na obranyschopnost organismu a tr\u00e1ven\u00ed. <\/strong><\/p>\n<p>P\u0159\u00edzniv\u011b ovliv\u0148uje st\u0159evn\u00ed mikrofl\u00f3ru a vytv\u00e1\u0159\u00ed tak\u00e9 nep\u0159\u00edzniv\u00e9 podm\u00ednky pro st\u0159evn\u00ed parazity. \u010cesnek pom\u00e1h\u00e1 zlep\u0161it krevn\u00ed ob\u011bhov\u00fd syst\u00e9m a stimuluje a podporuje p\u0159\u00edjem krmiva sv\u00fdmi dietetick\u00fdmi vlastnostmi, co\u017e se projevuje na celkov\u00e9m stavu zv\u00ed\u0159at. P\u016fsob\u00ed i jako p\u0159\u00edrodn\u00ed repelent. D\u00e1vkov\u00e1n\u00ed pony 15 g, kon\u011b 30 g denn\u011b.<\/p>\n<\/div>\n<div class=\"background system-bg\">\n<div class=\"background user-bg\">\n<div id=\"container\">\n<div id=\"content\">\n<div class=\"content\">\n<div id=\"main-column\" class=\"main-column\">\n<div class=\"content\">\n<div class=\"product-tabs ui-tabs ui-widget ui-widget-content ui-corner-all\">\n<div id=\"description-tab\" class=\"product-tab ui-tabs-panel ui-widget-content ui-corner-bottom\" role=\"tabpanel\" aria-expanded=\"true\" aria-hidden=\"false\" aria-labelledby=\"ui-id-1\">\n<div class=\"content rwd-hidden\" data-toggle-name=\"description-tab-content\">\n<div class=\"description\">\n<p><strong>D\u016fle\u017eit\u00e9 vlastnosti<\/strong><\/p>\n<ul>\n<li>Repelentn\u00ed \u00fa\u010dinek p\u0159i dlouhodob\u00e9m u\u017e\u00edv\u00e1n\u00ed<\/li>\n<li>Podporuje, lep\u0161\u00ed p\u0159\u00edjmem potravy a tr\u00e1ven\u00ed<\/li>\n<li>Napom\u00e1h\u00e1 regulovat procesy l\u00e1tkov\u00e9 v\u00fdm\u011bny<\/li>\n<li>M\u00e1 baktericidn\u00ed \u00fa\u010dinky<\/li>\n<li>P\u016fsob\u00ed na prevenci z\u00e1n\u011btliv\u00fdch stav\u016f<\/li>\n<li>P\u016fsob\u00ed antiskleroticky, proto je vhodn\u00fd pro st\u00e1rnouc\u00ed a star\u00e9 kon\u011b<\/li>\n<\/ul>\n<\/div>\n<\/div>\n<\/div>\n<\/div>\n<\/div>\n<\/div>\n<\/div>\n<\/div>\n<\/div>\n<\/div>\n<\/div>\n<\/div>\n<\/div>\n<\/div>\n<\/div>\n<\/div>\n<\/div>\n<\/div>\n<\/div>\n<\/div>\n<\/div>\n","protected":false},"excerpt":{"rendered":"<div class=\"background system-bg\">\n<div class=\"background user-bg\">\n<div id=\"container\">\n<div id=\"content\">\n<div class=\"content\">\n<div id=\"main-column\" class=\"main-column\">\n<div class=\"content\">\n<div class=\"product-tabs ui-tabs ui-widget ui-widget-content ui-corner-all\">\n<div id=\"description-tab\" class=\"product-tab ui-tabs-panel ui-widget-content ui-corner-bottom\" role=\"tabpanel\" aria-expanded=\"true\" aria-hidden=\"false\" aria-labelledby=\"ui-id-1\">\n<div class=\"content rwd-hidden\" data-toggle-name=\"description-tab-content\">\n<div class=\"description\">\n<p><strong>\u010cesnek\u00a0m\u00e1 pozitivn\u00ed \u00fa\u010dinky p\u0159edev\u0161\u00edm na obranyschopnost organismu a tr\u00e1ven\u00ed. <\/strong><\/p>\n<p>P\u0159\u00edzniv\u011b ovliv\u0148uje st\u0159evn\u00ed mikrofl\u00f3ru a vytv\u00e1\u0159\u00ed tak\u00e9 nep\u0159\u00edzniv\u00e9 podm\u00ednky pro st\u0159evn\u00ed parazity. \u010cesnek pom\u00e1h\u00e1 zlep\u0161it krevn\u00ed ob\u011bhov\u00fd syst\u00e9m a stimuluje a podporuje p\u0159\u00edjem krmiva sv\u00fdmi dietetick\u00fdmi vlastnostmi, co\u017e se projevuje na celkov\u00e9m stavu zv\u00ed\u0159at. P\u016fsob\u00ed i jako p\u0159\u00edrodn\u00ed repelent. D\u00e1vkov\u00e1n\u00ed pony 15 g, kon\u011b 30 g denn\u011b.<\/p>\n<\/div>\n<\/div>\n<\/div>\n<\/div>\n<\/div>\n<\/div>\n<\/div>\n<\/div>\n<\/div>\n<\/div>\n<\/div>\n","protected":false},"featured_media":445,"comment_status":"open","ping_status":"closed","template":"","meta":[],"_links":{"self":[{"href":"https:\/\/www.agrolex.cz\/index.php?rest_route=\/wp\/v2\/product\/444"}],"collection":[{"href":"https:\/\/www.agrolex.cz\/index.php?rest_route=\/wp\/v2\/product"}],"about":[{"href":"https:\/\/www.agrolex.cz\/index.php?rest_route=\/wp\/v2\/types\/product"}],"replies":[{"embeddable":true,"href":"https:\/\/www.agrolex.cz\/index.php?rest_route=%2Fwp%2Fv2%2Fcomments&post=444"}],"wp:featuredmedia":[{"embeddable":true,"href":"https:\/\/www.agrolex.cz\/index.php?rest_route=\/wp\/v2\/media\/445"}],"wp:attachment":[{"href":"https:\/\/www.agrolex.cz\/index.php?rest_route=%2Fwp%2Fv2%2Fmedia&parent=444"}],"curies":[{"name":"wp","href":"https:\/\/api.w.org\/{rel}","templated":true}]}}