{"id":463,"date":"2020-08-13T16:45:59","date_gmt":"2020-08-13T16:45:59","guid":{"rendered":"http:\/\/www.agrolex.cz\/?post_type=product&#038;p=463"},"modified":"2022-04-18T22:10:04","modified_gmt":"2022-04-18T22:10:04","slug":"canvit-immuno-booster-pro-kocky-a-kotata","status":"publish","type":"product","link":"https:\/\/www.agrolex.cz\/?product=canvit-immuno-booster-pro-kocky-a-kotata","title":{"rendered":"Canvit Immuno Booster pro ko\u010dky a ko\u0165ata"},"content":{"rendered":"<div class=\"background system-bg\">\n<div class=\"background user-bg\">\n<div id=\"container\">\n<div id=\"content\">\n<div class=\"content\">\n<div id=\"main-column\" class=\"main-column\">\n<div class=\"content\">\n<div class=\"product-tabs ui-tabs ui-widget ui-widget-content ui-corner-all\">\n<div id=\"description-tab\" class=\"product-tab ui-tabs-panel ui-widget-content ui-corner-bottom\" role=\"tabpanel\" aria-expanded=\"true\" aria-hidden=\"false\" aria-labelledby=\"ui-id-1\">\n<div class=\"content rwd-hidden\" data-toggle-name=\"description-tab-content\">\n<div class=\"description\">\n<div class=\"off-canvas-wrapper\">\n<div class=\"off-canvas-content\" data-off-canvas-content=\"\">\n<div id=\"content\" class=\"single-product\">\n<div id=\"inner-content\">\n<div class=\"row product-header\">\n<div class=\"medium-12 columns\">\n<div class=\"row\">\n<div class=\"medium-7 columns\">\n<p class=\"product-subtitle02\">Podpora l\u00e9\u010dby ko\u010di\u010d\u00ed r\u00fdmy u ko\u0165at a dosp\u011bl\u00fdch ko\u010dek. Dopl\u0148kov\u00e9 krmivo pro ko\u010dky.<\/p>\n<\/div>\n<\/div>\n<\/div>\n<\/div>\n<\/div>\n<\/div>\n<\/div>\n<\/div>\n<div class=\"background system-bg\">\n<div class=\"background user-bg\">\n<div id=\"container\">\n<div id=\"content\">\n<div class=\"content\">\n<div id=\"main-column\" class=\"main-column\">\n<div class=\"content\">\n<div class=\"product-tabs ui-tabs ui-widget ui-widget-content ui-corner-all\">\n<div id=\"description-tab\" class=\"product-tab ui-tabs-panel ui-widget-content ui-corner-bottom\" role=\"tabpanel\" aria-expanded=\"true\" aria-hidden=\"false\" aria-labelledby=\"ui-id-1\">\n<div class=\"content rwd-hidden\" data-toggle-name=\"description-tab-content\">\n<div class=\"description\">\n<div class=\"off-canvas-wrapper\">\n<div class=\"off-canvas-content\" data-off-canvas-content=\"\">\n<div id=\"content\" class=\"single-product\">\n<div id=\"inner-content\">\n<div class=\"row product-data\" data-equalizer=\"vvdpdq-equalizer\" data-resize=\"2i57qm-eq\" data-mutate=\"dkscqe-eq\">\n<div class=\"medium-8 columns product-txt-container\" data-equalizer-watch=\"\">\n<article id=\"post-962\" class=\"post-962 product type-product status-publish has-post-thumbnail hentry\" role=\"article\">\n<section class=\"entry-content\">\n<div class=\"short-description\">\n<p><strong>Obsahuje<\/strong><\/p>\n<p>L-Lysin pro podporu imunity p\u0159i infekci horn\u00edch cest d\u00fdchac\u00edch<br \/>\nKurkumin k pos\u00edlen\u00ed imunity<\/p>\n<p><strong>Co je ko\u010di\u010d\u00ed r\u00fdma?<\/strong><\/p>\n<p>P\u016fvodcem onemocn\u011bn\u00ed je virus infek\u010dn\u00ed rhinotracheitidy (vir), neboli herpesvirov\u00e1 infekce ko\u010dek (herpesvirus).<br \/>\nKo\u010di\u010d\u00ed r\u00fdma je nebezpe\u010dn\u00e1 hlavn\u011b pro ko\u0165ata \u010di dosp\u011bl\u00e1 zv\u00ed\u0159ata s jin\u00fdm onemocn\u011bn\u00edm oslabuj\u00edc\u00edm imunitn\u00ed syst\u00e9m \u010di zv\u00ed\u0159ata ve stresu. Spou\u0161t\u011b\u010dem b\u00fdv\u00e1 stres, podv\u00fd\u017eiva, jin\u00e9 infek\u010dn\u00ed i neinfek\u010dn\u00ed onemocn\u011bn\u00ed, velmi n\u00edzk\u00fd v\u011bk zv\u00ed\u0159ete, \u00faraz, nebo poopera\u010dn\u00ed stavy.<\/p>\n<p><strong>Jak na ni?<\/strong><\/p>\n<p>Pod\u00e1vejte imunostimula\u010dn\u00ed p\u0159\u00edpravek IMMUNO BOOSTER s L-Lysinem, kter\u00fd zm\u00edrn\u00ed klinick\u00e9 p\u0159\u00edznaky onemocn\u011bn\u00ed a podpo\u0159\u00ed imunitn\u00ed syst\u00e9m zv\u00ed\u0159ete.<\/p>\n<p>Ochucen\u00e9 tablety se p\u0159id\u00e1vaj\u00ed ko\u010dce do misky s mal\u00fdm mno\u017estv\u00edm krmiva nebo p\u0159\u00edmo z ruky.<\/p>\n<p>Pod\u00e1v\u00e1me nejen b\u011bhem onemocn\u011bn\u00ed ale i jako prevenci onemocn\u011bn\u00ed ve stresov\u00fdch situac\u00edch. Pamatujte, \u017ee stresovou situac\u00ed pro ko\u010dku m\u016f\u017ee b\u00fdt nap\u0159\u00edklad i cestov\u00e1n\u00ed nebo st\u011bhov\u00e1n\u00ed.<\/p>\n<\/div>\n<\/section>\n<\/article>\n<\/div>\n<\/div>\n<\/div>\n<\/div>\n<\/div>\n<\/div>\n<\/div>\n<\/div>\n<\/div>\n<\/div>\n<\/div>\n<\/div>\n<\/div>\n<\/div>\n<\/div>\n<\/div>\n<\/div>\n<\/div>\n<\/div>\n<\/div>\n<\/div>\n<\/div>\n<\/div>\n<\/div>\n<\/div>\n<\/div>\n<\/div>\n<\/div>\n","protected":false},"excerpt":{"rendered":"<div class=\"background system-bg\">\n<div class=\"background user-bg\">\n<div id=\"container\">\n<div id=\"content\">\n<div class=\"content\">\n<div id=\"main-column\" class=\"main-column\">\n<div class=\"content\">\n<div class=\"product-tabs ui-tabs ui-widget ui-widget-content ui-corner-all\">\n<div id=\"description-tab\" class=\"product-tab ui-tabs-panel ui-widget-content ui-corner-bottom\" role=\"tabpanel\" aria-expanded=\"true\" aria-hidden=\"false\" aria-labelledby=\"ui-id-1\">\n<div class=\"content rwd-hidden\" data-toggle-name=\"description-tab-content\">\n<div class=\"description\">\n<div class=\"off-canvas-wrapper\">\n<div class=\"off-canvas-content\" data-off-canvas-content=\"\">\n<div id=\"content\" class=\"single-product\">\n<div id=\"inner-content\">\n<div class=\"row product-header\">\n<div class=\"medium-12 columns\">\n<div class=\"row\">\n<div class=\"medium-7 columns\">\n<p class=\"product-subtitle02\">Podpora l\u00e9\u010dby ko\u010di\u010d\u00ed r\u00fdmy u ko\u0165at a dosp\u011bl\u00fdch ko\u010dek. Dopl\u0148kov\u00e9 krmivo pro ko\u010dky.<\/p>\n<\/div>\n<\/div>\n<\/div>\n<\/div>\n<\/div>\n<\/div>\n<\/div>\n<\/div>\n<div class=\"background system-bg\">\n<div class=\"background user-bg\">\n<div id=\"container\">\n<div id=\"content\">\n<div class=\"content\">\n<div id=\"main-column\" class=\"main-column\">\n<div class=\"content\">\n<div class=\"product-tabs ui-tabs ui-widget ui-widget-content ui-corner-all\">\n<div id=\"description-tab\" class=\"product-tab ui-tabs-panel ui-widget-content ui-corner-bottom\" role=\"tabpanel\" aria-expanded=\"true\" aria-hidden=\"false\" aria-labelledby=\"ui-id-1\">\n<div class=\"content rwd-hidden\" data-toggle-name=\"description-tab-content\">\n<div class=\"description\">\n<div class=\"off-canvas-wrapper\">\n<div class=\"off-canvas-content\" data-off-canvas-content=\"\">\n<div id=\"content\" class=\"single-product\">\n<div id=\"inner-content\">\n<div class=\"row product-data\" data-equalizer=\"vvdpdq-equalizer\" data-resize=\"2i57qm-eq\" data-mutate=\"dkscqe-eq\">\n<div class=\"medium-8 columns product-txt-container\" data-equalizer-watch=\"\">\n<article id=\"post-962\" class=\"post-962 product type-product status-publish has-post-thumbnail hentry\" role=\"article\">\n<section class=\"entry-content\">\n<div class=\"short-description\">\n<p><strong>Obsahuje<\/strong><\/p>\n<p>L-Lysin pro podporu imunity p\u0159i infekci horn\u00edch cest d\u00fdchac\u00edch<br \/>\nKurkumin k pos\u00edlen\u00ed imunity<\/p>\n<\/div>\n<\/section>\n<\/article>\n<\/div>\n<\/div>\n<\/div>\n<\/div>\n<\/div>\n<\/div>\n<\/div>\n<\/div>\n<\/div>\n<\/div>\n<\/div>\n<\/div>\n<\/div>\n<\/div>\n<\/div>\n<\/div>\n<\/div>\n<\/div>\n<\/div>\n<\/div>\n<\/div>\n<\/div>\n<\/div>\n<\/div>\n<\/div>\n<\/div>\n<\/div>\n<\/div>\n","protected":false},"featured_media":464,"comment_status":"open","ping_status":"closed","template":"","meta":[],"_links":{"self":[{"href":"https:\/\/www.agrolex.cz\/index.php?rest_route=\/wp\/v2\/product\/463"}],"collection":[{"href":"https:\/\/www.agrolex.cz\/index.php?rest_route=\/wp\/v2\/product"}],"about":[{"href":"https:\/\/www.agrolex.cz\/index.php?rest_route=\/wp\/v2\/types\/product"}],"replies":[{"embeddable":true,"href":"https:\/\/www.agrolex.cz\/index.php?rest_route=%2Fwp%2Fv2%2Fcomments&post=463"}],"wp:featuredmedia":[{"embeddable":true,"href":"https:\/\/www.agrolex.cz\/index.php?rest_route=\/wp\/v2\/media\/464"}],"wp:attachment":[{"href":"https:\/\/www.agrolex.cz\/index.php?rest_route=%2Fwp%2Fv2%2Fmedia&parent=463"}],"curies":[{"name":"wp","href":"https:\/\/api.w.org\/{rel}","templated":true}]}}