{"id":469,"date":"2020-08-13T17:09:24","date_gmt":"2020-08-13T17:09:24","guid":{"rendered":"http:\/\/www.agrolex.cz\/?post_type=product&#038;p=469"},"modified":"2020-08-13T17:12:15","modified_gmt":"2020-08-13T17:12:15","slug":"canvit-junior-maxi-pro-psy","status":"publish","type":"product","link":"https:\/\/www.agrolex.cz\/?product=canvit-junior-maxi-pro-psy","title":{"rendered":"Canvit Junior MAXI pro psy"},"content":{"rendered":"<div class=\"off-canvas-wrapper\">\n<div class=\"off-canvas-content\" data-off-canvas-content=\"\">\n<div id=\"content\" class=\"single-product\">\n<div id=\"inner-content\">\n<div class=\"row product-data\" data-equalizer=\"bt2lun-equalizer\" data-resize=\"qdvdqn-eq\" data-mutate=\"1nb670-eq\">\n<div class=\"medium-4 columns product-img-container\" data-equalizer-watch=\"\">\n<div class=\"off-canvas-wrapper\">\n<div class=\"off-canvas-content\" data-off-canvas-content=\"\">\n<div id=\"content\" class=\"single-product\">\n<div id=\"inner-content\">\n<div class=\"row product-header\">\n<div class=\"medium-12 columns\">\n<div class=\"row\">\n<div class=\"medium-7 columns\">\n<p class=\"product-subtitle02\">Zdrav\u00fd v\u00fdvoj a r\u016fst<\/p>\n<\/div>\n<\/div>\n<\/div>\n<\/div>\n<\/div>\n<\/div>\n<\/div>\n<\/div>\n<div class=\"off-canvas-wrapper\">\n<div class=\"off-canvas-content\" data-off-canvas-content=\"\">\n<div id=\"content\" class=\"single-product\">\n<div id=\"inner-content\">\n<div class=\"row product-data\" data-equalizer=\"hzujeq-equalizer\" data-resize=\"c98oo2-eq\" data-mutate=\"ilz17g-eq\">\n<div class=\"medium-8 columns product-txt-container\" data-equalizer-watch=\"\">\n<article id=\"post-892\" class=\"post-892 product type-product status-publish has-post-thumbnail hentry\" role=\"article\">\n<section class=\"entry-content\">\n<div class=\"short-description\">\n<p>Podpora zdrav\u00e9ho v\u00fdvoje a r\u016fstu \u0161t\u011b\u0148at a mlad\u00fdch ps\u016f<\/p>\n<p>Zdroj aminokyselin, vitam\u00edn\u016f, omega-3 a omega-6 nenasycen\u00fdch mastn\u00fdch kyselin, prebiotik a probiotik pro podporu zdrav\u00e9ho t\u011blesn\u00e9ho v\u00fdvoje, optim\u00e1ln\u00edho tr\u00e1ven\u00ed a rozvoj imunity u \u0161t\u011b\u0148at a rostouc\u00edch ps\u016f.<\/p>\n<p>\u0160t\u011b\u0148ata b\u011bhem sv\u00e9ho r\u016fstu vy\u017eaduj\u00ed zv\u00fd\u0161en\u00fd p\u0159\u00edjem vitam\u00edn\u016f, miner\u00e1l\u016f, aminokyselin a dal\u0161\u00edch esenci\u00e1ln\u00edch \u017eivin. Canvit Junior je bohat\u00fdm zdrojem esenci\u00e1ln\u00edch \u017eivin obohacen\u00fd o omega-3 a omega-6 nenasycen\u00e9 mastn\u00e9 kyseliny nezbytn\u00e9 pro rozvoj mozku a pam\u011bti u \u0161t\u011b\u0148at. Prebiotika a probiotika zabezpe\u010duj\u00ed rozvoj za\u017e\u00edvac\u00edho apar\u00e1tu a optim\u00e1ln\u00ed tr\u00e1ven\u00ed u \u0161t\u011b\u0148at a rostouc\u00edch ps\u016f.<\/p>\n<\/div>\n<\/section>\n<\/article>\n<\/div>\n<\/div>\n<\/div>\n<\/div>\n<\/div>\n<\/div>\n<\/div>\n<div class=\"medium-8 columns product-txt-container\" data-equalizer-watch=\"\">\n<article id=\"post-300\" class=\"post-300 product type-product status-publish has-post-thumbnail hentry\" role=\"article\">\n<section class=\"entry-content\">\n<div class=\"short-description\">\n<ul>\n<li>Pos\u00edlen\u00ed v\u00fdvoje a tvorby imunitn\u00edch tk\u00e1n\u00ed a obranyschopnosti<\/li>\n<li>Podpora spr\u00e1vn\u00e9ho v\u00fdvoje kost\u00ed, kloub\u016f a kostern\u00edho svalstva<\/li>\n<li>Probiotika zlep\u0161uj\u00ed tr\u00e1ven\u00ed a imunitu<\/li>\n<li>Vitaminy a organicky v\u00e1zan\u00e9 stopov\u00e9 prvky podporuj\u00ed zdrav\u00fd v\u00fdvoj<\/li>\n<\/ul>\n<div class=\"off-canvas-wrapper\">\n<div class=\"off-canvas-content\" data-off-canvas-content=\"\">\n<div id=\"content\" class=\"single-product\">\n<div id=\"inner-content\">\n<div class=\"row product-description\">\n<div class=\"medium-12 columns\">\n<div class=\"off-canvas-wrapper\">\n<div class=\"off-canvas-content\" data-off-canvas-content=\"\">\n<div id=\"content\" class=\"single-product\">\n<div id=\"inner-content\">\n<div class=\"row product-description\">\n<div class=\"medium-12 columns\">\n<h4>Indikace:<\/h4>\n<p>Podpora spr\u00e1vn\u00e9ho v\u00fdvoje kost\u00ed, kloub\u016f a kostern\u00edho svalstva u \u0161t\u011b\u0148at a rostouc\u00edch ps\u016f<br \/>\nPodpora v\u00fdvoje za\u017e\u00edvac\u00edho apar\u00e1tu a optim\u00e1ln\u00edho tr\u00e1ven\u00ed u \u0161t\u011b\u0148at a rostouc\u00edch ps\u016f<br \/>\nPos\u00edlen\u00ed v\u00fdvoje a tvorby imunitn\u00edch tk\u00e1n\u00ed a obranyschopnosti u \u0161t\u011b\u0148at a rostouc\u00edch ps\u016f<\/p>\n<h4>Zp\u016fsob pou\u017eit\u00ed:<\/h4>\n<p>Tablety se pod\u00e1vaj\u00ed p\u0159\u00edmo z ruky nebo rozdrcen\u00e9 do krmiva v\u00a0pr\u016fb\u011bhu r\u016fstu \u0161t\u011bn\u011bte.<\/p>\n<h4>Doporu\u010den\u00e1 denn\u00ed d\u00e1vka:<\/h4>\n<p>1 tbl na 15 kg v\u00e1hy zv\u00ed\u0159ete<\/p>\n<p>Jedna tableta obsahuje:<br \/>\n<strong>Vitam\u00edny:<\/strong> Vitam\u00edn A 300 IU, vitam\u00edn D3 10 IU, vitam\u00edn E 6 000 \u00b5g, vitam\u00edn K 50 \u00b5g, vitam\u00edn B1 300 \u00b5g, vitam\u00edn B2 300 \u00b5g, vitam\u00edn B6 200 \u00b5g, vitam\u00edn B12 5 \u00b5g, vitam\u00edn C 3 500 \u00b5g, Biotin 250 \u00b5g, Niacinamid 1 500 \u00b5g, Pantothenan v\u00e1penat\u00fd 1 000 \u00b5g, Kyselina listov\u00e1 25 \u00b5g.<br \/>\n<strong>Mikroprvky:<\/strong> \u017delezo 750 \u00b5g, M\u011b\u010f 150 \u00b5g, Zinek 700 \u00b5g, Mangan 250 \u00b5g, Selen 1,8 \u00b5g.<br \/>\n<strong>Probiotika:<\/strong>\u00a0Enterococcus faecium (NCIMB 10415) 8\u00d71010 CFU\/kg.<br \/>\n<strong>Prebiotika:<\/strong> betaglukany, mannan-oligosacharidy (MOS)<br \/>\n<strong>Omega-3 a omega-6 nenasycen\u00e9 mastn\u00e9 kyseliny:<\/strong> DHA, EPA, ALA, GLA, LA<\/p>\n<h4>Balen\u00ed:<\/h4>\n<p>100 g (100 tbl, pro psa o hmotnosti 10 kg vysta\u010d\u00ed na 50 dn\u016f)<br \/>\n230 g (76 tbl, pro psa o hmotnosti 10 kg vysta\u010d\u00ed na 38 dn\u016f)<\/p>\n<\/div>\n<\/div>\n<\/div>\n<\/div>\n<\/div>\n<\/div>\n<\/div>\n<\/div>\n<\/div>\n<\/div>\n<\/div>\n<\/div>\n<\/div>\n<\/section>\n<\/article>\n<\/div>\n<\/div>\n<\/div>\n<\/div>\n<\/div>\n<\/div>\n","protected":false},"excerpt":{"rendered":"<div class=\"medium-4 columns product-img-container\" data-equalizer-watch=\"\">\n<div class=\"off-canvas-wrapper\">\n<div class=\"off-canvas-content\" data-off-canvas-content=\"\">\n<div id=\"content\" class=\"single-product\">\n<div id=\"inner-content\">\n<div class=\"row product-header\">\n<div class=\"medium-12 columns\">\n<div class=\"row\">\n<div class=\"medium-7 columns\">\n<div class=\"off-canvas-wrapper\">\n<div class=\"off-canvas-content\" data-off-canvas-content=\"\">\n<div id=\"content\" class=\"single-product\">\n<div id=\"inner-content\">\n<div class=\"row product-header\">\n<div class=\"medium-12 columns\">\n<div class=\"row\">\n<div class=\"medium-7 columns\">\n<p class=\"product-subtitle02\">Zdrav\u00fd v\u00fdvoj a r\u016fst<\/p>\n<\/div>\n<\/div>\n<\/div>\n<\/div>\n<\/div>\n<\/div>\n<\/div>\n<\/div>\n<div class=\"off-canvas-wrapper\">\n<div class=\"off-canvas-content\" data-off-canvas-content=\"\">\n<div id=\"content\" class=\"single-product\">\n<div id=\"inner-content\">\n<div class=\"row product-data\" data-equalizer=\"hzujeq-equalizer\" data-resize=\"c98oo2-eq\" data-mutate=\"ilz17g-eq\">\n<div class=\"medium-8 columns product-txt-container\" data-equalizer-watch=\"\">\n<article id=\"post-892\" class=\"post-892 product type-product status-publish has-post-thumbnail hentry\" role=\"article\">\n<section class=\"entry-content\">\n<div class=\"short-description\">\n<p>Podpora zdrav\u00e9ho v\u00fdvoje a r\u016fstu \u0161t\u011b\u0148at a mlad\u00fdch ps\u016f<\/p>\n<p>Zdroj aminokyselin, vitam\u00edn\u016f, omega-3 a omega-6 nenasycen\u00fdch mastn\u00fdch kyselin, prebiotik a probiotik pro podporu zdrav\u00e9ho t\u011blesn\u00e9ho v\u00fdvoje, optim\u00e1ln\u00edho tr\u00e1ven\u00ed a rozvoj imunity u \u0161t\u011b\u0148at a rostouc\u00edch ps\u016f.<\/p>\n<\/div>\n<\/section>\n<\/article>\n<\/div>\n<\/div>\n<\/div>\n<\/div>\n<\/div>\n<\/div>\n<\/div>\n<\/div>\n<\/div>\n<\/div>\n<\/div>\n<\/div>\n<\/div>\n<\/div>\n<\/div>\n<div class=\"medium-8 columns product-txt-container\" data-equalizer-watch=\"\">\n<article id=\"post-300\" class=\"post-300 product type-product status-publish has-post-thumbnail hentry\" role=\"article\">\n<section class=\"entry-content\">\n<div class=\"short-description\">\n<ul>\n<li>Pos\u00edlen\u00ed v\u00fdvoje a tvorby imunitn\u00edch tk\u00e1n\u00ed a obranyschopnosti<\/li>\n<li>Podpora spr\u00e1vn\u00e9ho v\u00fdvoje kost\u00ed, kloub\u016f a kostern\u00edho svalstva<\/li>\n<li>Probiotika zlep\u0161uj\u00ed tr\u00e1ven\u00ed a imunitu<\/li>\n<li>Vitaminy a organicky v\u00e1zan\u00e9 stopov\u00e9 prvky podporuj\u00ed zdrav\u00fd v\u00fdvoj<\/li>\n<\/ul>\n<\/div>\n<\/section>\n<\/article>\n<\/div>\n","protected":false},"featured_media":472,"comment_status":"open","ping_status":"closed","template":"","meta":[],"_links":{"self":[{"href":"https:\/\/www.agrolex.cz\/index.php?rest_route=\/wp\/v2\/product\/469"}],"collection":[{"href":"https:\/\/www.agrolex.cz\/index.php?rest_route=\/wp\/v2\/product"}],"about":[{"href":"https:\/\/www.agrolex.cz\/index.php?rest_route=\/wp\/v2\/types\/product"}],"replies":[{"embeddable":true,"href":"https:\/\/www.agrolex.cz\/index.php?rest_route=%2Fwp%2Fv2%2Fcomments&post=469"}],"wp:featuredmedia":[{"embeddable":true,"href":"https:\/\/www.agrolex.cz\/index.php?rest_route=\/wp\/v2\/media\/472"}],"wp:attachment":[{"href":"https:\/\/www.agrolex.cz\/index.php?rest_route=%2Fwp%2Fv2%2Fmedia&parent=469"}],"curies":[{"name":"wp","href":"https:\/\/api.w.org\/{rel}","templated":true}]}}