{"id":473,"date":"2020-08-13T17:54:27","date_gmt":"2020-08-13T17:54:27","guid":{"rendered":"http:\/\/www.agrolex.cz\/?post_type=product&#038;p=473"},"modified":"2022-04-18T22:09:33","modified_gmt":"2022-04-18T22:09:33","slug":"canvit-nutrimin-pro-kocky","status":"publish","type":"product","link":"https:\/\/www.agrolex.cz\/?product=canvit-nutrimin-pro-kocky","title":{"rendered":"Canvit Nutrimin pro ko\u010dky"},"content":{"rendered":"<div class=\"off-canvas-wrapper\">\n<div class=\"off-canvas-content\" data-off-canvas-content=\"\">\n<div id=\"content\" class=\"single-product\">\n<div id=\"inner-content\">\n<div class=\"row product-header\">\n<div class=\"medium-12 columns\">\n<div class=\"row\">\n<div class=\"medium-7 columns\">\n<p class=\"product-subtitle02\">Dopln\u011bk k doma p\u0159ipravovan\u00e9 strav\u011b<\/p>\n<div class=\"off-canvas-wrapper\">\n<div class=\"off-canvas-content\" data-off-canvas-content=\"\">\n<div id=\"content\" class=\"single-product\">\n<div id=\"inner-content\">\n<div class=\"row product-data\" data-equalizer=\"xrrfjh-equalizer\" data-resize=\"yec9ph-eq\" data-mutate=\"bbby0m-eq\">\n<div class=\"medium-8 columns product-txt-container\" data-equalizer-watch=\"\">\n<article id=\"post-316\" class=\"post-316 product type-product status-publish has-post-thumbnail hentry\" role=\"article\">\n<section class=\"entry-content\">\n<div class=\"short-description\">\n<p>Komplexn\u00ed vitam\u00edno-miner\u00e1lov\u00fd p\u0159\u00edpravek s Taurinem pro ko\u010dky<\/p>\n<p>Komplex 14 vitam\u00edn\u016f, mikroprvk\u016f a Taurinu s vysokou biologickou dostupnost\u00ed pro vyv\u00e1\u017een\u00e9 krmen\u00ed a prevenci hypovitamin\u00f3z u ko\u010dek krmen\u00fdch masem a dom\u00e1c\u00ed stravou. Doma p\u0159ipravovan\u00e1 strava a maso pro ko\u010dky obsahuje dostate\u010dn\u00e9 mno\u017estv\u00ed protein\u016f, sacharid\u016f a tuk\u016f, ale z\u00a0pohledu obsahu vitam\u00edn\u016f, miner\u00e1l\u016f a Taurinu je tato strava nedostate\u010dn\u00e1. P\u0159\u00edkladem m\u016f\u017ee b\u00fdt docela b\u011b\u017en\u00e9 krmen\u00ed ko\u010dek masem, kter\u00e9 obsahuje velk\u00e9 mno\u017estv\u00ed fosforu, ale minimum biologicky dostupn\u00e9ho v\u00e1pn\u00edku. Dlouhodob\u00e9 krmen\u00ed stravou chudou na vitam\u00edny, miner\u00e1ly a Taurin m\u016f\u017ee u ko\u010dek zp\u016fsobit nen\u00e1vratn\u00e9 po\u0161kozen\u00ed zdravotn\u00edho stavu. Canvit Nutrimin obsahuje komplex 14 vitam\u00edn\u016f, organicky v\u00e1zan\u00fdch mikroprvk\u016f a Taurinu pro p\u0159\u00edpravu vyv\u00e1\u017een\u00e9 krmn\u00e9 d\u00e1vky.<\/p>\n<ul>\n<li>Pom\u00e1h\u00e1 p\u0159edej\u00edt riziku hypovitamin\u00f3zy<\/li>\n<li>Organicky v\u00e1zan\u00fd v\u00e1pn\u00edk a fosfor pro pevnou kostru<\/li>\n<li>Obsahuje L-karnitin pro podporu srd\u00ed\u010dka<\/li>\n<li>\u017divotn\u011b d\u016fle\u017eit\u00e9 vitam\u00edny a organicky v\u00e1zan\u00e9 stopov\u00e9 prvky pro dopln\u011bn\u00ed pot\u0159eb organismu<\/li>\n<\/ul>\n<div class=\"off-canvas-wrapper\">\n<div class=\"off-canvas-content\" data-off-canvas-content=\"\">\n<div id=\"content\" class=\"single-product\">\n<div id=\"inner-content\">\n<div class=\"row product-description\">\n<div class=\"medium-12 columns\">\n<h4>Indikace:<\/h4>\n<p>Vyv\u00e1\u017een\u00ed krmn\u00e9 d\u00e1vky u ko\u010dek krmen\u00fdch dom\u00e1c\u00ed stravou a masem<br \/>\nPrevence hypovitamin\u00f3z a nedostatku miner\u00e1ln\u00edch l\u00e1tek<\/p>\n<h4>Zp\u016fsob pou\u017eit\u00ed:<\/h4>\n<p>Pr\u00e1\u0161ek se zam\u00edch\u00e1 do krmiva<\/p>\n<h4>Doporu\u010den\u00e1 denn\u00ed d\u00e1vka:<\/h4>\n<p>5 g na 3 kg v\u00e1hy zv\u00ed\u0159ete<\/p>\n<p>1 g obsahuje:<br \/>\n<strong>Vitam\u00edny:<\/strong> Vitam\u00edn A 300 IU, vitam\u00edn D3 10 IU, vitam\u00edn E 2 000 \u00b5g, vitam\u00edn K 15 \u00b5g, vitam\u00edn B1 100 \u00b5g, vitam\u00edn B2 80 \u00b5g, vitam\u00edn B6 50 \u00b5g, vitam\u00edn B12 0,6 \u00b5g, vitam\u00edn C 500 \u00b5g, Biotin 2 \u00b5g, Niacinamid 600 \u00b5g, Pantothenan v\u00e1penat\u00fd 300 \u00b5g, kyselina listov\u00e1 5 \u00b5g<br \/>\n<strong>Aminokyseliny a fosfolipidy:<\/strong> Taurin 20 mg, Cholinchlorid 20 mg<br \/>\n<strong>Mikroprvky:<\/strong> \u017delezo 800 \u00b5g, Zinek 800 \u00b5g, M\u011b\u010f 160 \u00b5g, Mangan 600 \u00b5g, J\u00f3d 8 \u00b5g, Selen 1,8 \u00b5g.<\/p>\n<h4>Balen\u00ed:<\/h4>\n<p>150 g (pro ko\u010dku o hmotnosti 3 kg vysta\u010d\u00ed na 30 dn\u016f)<br \/>\nSou\u010d\u00e1st\u00ed balen\u00ed je odm\u011brka, kter\u00e1 odpov\u00edd\u00e1 p\u0159ibli\u017en\u011b 4 g produktu.<\/p>\n<\/div>\n<\/div>\n<\/div>\n<\/div>\n<\/div>\n<\/div>\n<\/div>\n<\/section>\n<\/article>\n<\/div>\n<\/div>\n<\/div>\n<\/div>\n<\/div>\n<\/div>\n<\/div>\n<\/div>\n<\/div>\n<\/div>\n<\/div>\n<\/div>\n<\/div>\n<\/div>\n","protected":false},"excerpt":{"rendered":"<p class=\"product-subtitle02\">Dopln\u011bk k doma p\u0159ipravovan\u00e9 strav\u011b<\/p>\n<div class=\"off-canvas-wrapper\">\n<div class=\"off-canvas-content\" data-off-canvas-content=\"\">\n<div id=\"content\" class=\"single-product\">\n<div id=\"inner-content\">\n<div class=\"row product-data\" data-equalizer=\"xrrfjh-equalizer\" data-resize=\"yec9ph-eq\" data-mutate=\"bbby0m-eq\">\n<div class=\"medium-8 columns product-txt-container\" data-equalizer-watch=\"\">\n<article id=\"post-316\" class=\"post-316 product type-product status-publish has-post-thumbnail hentry\" role=\"article\">\n<section class=\"entry-content\">\n<div class=\"short-description\">\n<p>Komplexn\u00ed vitam\u00edno-miner\u00e1lov\u00fd p\u0159\u00edpravek s Taurinem pro ko\u010dky<\/p>\n<ul>\n<li>Pom\u00e1h\u00e1 p\u0159edej\u00edt riziku hypovitamin\u00f3zy<\/li>\n<li>Organicky v\u00e1zan\u00fd v\u00e1pn\u00edk a fosfor pro pevnou kostru<\/li>\n<li>Obsahuje L-karnitin pro podporu srd\u00ed\u010dka<\/li>\n<li>\u017divotn\u011b d\u016fle\u017eit\u00e9 vitam\u00edny a organicky v\u00e1zan\u00e9 stopov\u00e9 prvky pro dopln\u011bn\u00ed pot\u0159eb organismu<\/li>\n<\/ul>\n<\/div>\n<\/section>\n<\/article>\n<\/div>\n<\/div>\n<\/div>\n<\/div>\n<\/div>\n<\/div>\n","protected":false},"featured_media":474,"comment_status":"open","ping_status":"closed","template":"","meta":[],"_links":{"self":[{"href":"https:\/\/www.agrolex.cz\/index.php?rest_route=\/wp\/v2\/product\/473"}],"collection":[{"href":"https:\/\/www.agrolex.cz\/index.php?rest_route=\/wp\/v2\/product"}],"about":[{"href":"https:\/\/www.agrolex.cz\/index.php?rest_route=\/wp\/v2\/types\/product"}],"replies":[{"embeddable":true,"href":"https:\/\/www.agrolex.cz\/index.php?rest_route=%2Fwp%2Fv2%2Fcomments&post=473"}],"wp:featuredmedia":[{"embeddable":true,"href":"https:\/\/www.agrolex.cz\/index.php?rest_route=\/wp\/v2\/media\/474"}],"wp:attachment":[{"href":"https:\/\/www.agrolex.cz\/index.php?rest_route=%2Fwp%2Fv2%2Fmedia&parent=473"}],"curies":[{"name":"wp","href":"https:\/\/api.w.org\/{rel}","templated":true}]}}