{"id":475,"date":"2020-08-13T17:59:51","date_gmt":"2020-08-13T17:59:51","guid":{"rendered":"http:\/\/www.agrolex.cz\/?post_type=product&#038;p=475"},"modified":"2022-04-18T21:56:08","modified_gmt":"2022-04-18T21:56:08","slug":"canvit-nutrimin-pro-psy","status":"publish","type":"product","link":"https:\/\/www.agrolex.cz\/?product=canvit-nutrimin-pro-psy","title":{"rendered":"Canvit Nutrimin pro psy"},"content":{"rendered":"<div class=\"off-canvas-wrapper\">\n<div class=\"off-canvas-content\" data-off-canvas-content=\"\">\n<div id=\"content\" class=\"single-product\">\n<div id=\"inner-content\">\n<div class=\"row product-header\">\n<div class=\"medium-12 columns\">\n<div class=\"row\">\n<div class=\"medium-7 columns\">\n<p class=\"product-subtitle02\">Dopln\u011bk k doma p\u0159ipravovan\u00e9 strav\u011b<\/p>\n<div class=\"off-canvas-wrapper\">\n<div class=\"off-canvas-content\" data-off-canvas-content=\"\">\n<div id=\"content\" class=\"single-product\">\n<div id=\"inner-content\">\n<div class=\"row product-data\" data-equalizer=\"s4p55b-equalizer\" data-resize=\"eiuhox-eq\" data-mutate=\"x7hn1w-eq\">\n<div class=\"medium-8 columns product-txt-container\" data-equalizer-watch=\"\">\n<article id=\"post-304\" class=\"post-304 product type-product status-publish has-post-thumbnail hentry\" role=\"article\">\n<section class=\"entry-content\">\n<div class=\"short-description\">\n<p>Komplexn\u00ed vitam\u00edno-miner\u00e1lov\u00fd p\u0159\u00edpravek pro psy<\/p>\n<p>Komplex 14 vitam\u00edn\u016f, mikroprvk\u016f a L-karnitinu s vysokou biologickou dostupnost\u00ed pro vyv\u00e1\u017een\u00e9 krmen\u00ed a prevenci hypovitamin\u00f3z u ps\u016f krmen\u00fdch dom\u00e1c\u00ed stravou a B.A.R.F<br \/>\nDoma p\u0159ipravovan\u00e1 strava nebo B.A.R.F. pro psy obsahuje dostate\u010dn\u00e9 mno\u017estv\u00ed protein\u016f, sacharid\u016f a tuk\u016f, ale z\u00a0pohledu obsahu vitam\u00edn\u016f a miner\u00e1l\u016f je tato strava nedostate\u010dn\u00e1. P\u0159\u00edkladem m\u016f\u017ee b\u00fdt krmn\u00e1 d\u00e1vka slo\u017een\u00e1 z\u00a0masa a kost\u00ed, kter\u00e9 obsahuje velk\u00e9 mno\u017estv\u00ed fosforu ale minimum biologicky dostupn\u00e9ho v\u00e1pn\u00edku. Dlouhodob\u00e9 krmen\u00ed stravou chudou na vitam\u00edny a miner\u00e1ly m\u016f\u017ee zp\u016fsobit nen\u00e1vratn\u00e9 po\u0161kozen\u00ed zdravotn\u00edho stavu. Canvit Nutrimin obsahuje komplex 14 vitam\u00edn\u016f a organicky v\u00e1zan\u00fdch miner\u00e1ln\u00edch l\u00e1tek pro p\u0159\u00edpravu vyv\u00e1\u017een\u00e9 krmn\u00e9 d\u00e1vky.<\/p>\n<ul>\n<li>Pom\u00e1h\u00e1 p\u0159edej\u00edt riziku hypovitamin\u00f3zy<\/li>\n<li>Obsahuje L-karnitin pro podporu srd\u00ed\u010dka<\/li>\n<li>\u017divotn\u011b d\u016fle\u017eit\u00e9 vitaminy a organicky v\u00e1zan\u00e9 stopov\u00e9 prvky pro dopln\u011bn\u00ed pot\u0159eb organismu<\/li>\n<\/ul>\n<div class=\"off-canvas-wrapper\">\n<div class=\"off-canvas-content\" data-off-canvas-content=\"\">\n<div id=\"content\" class=\"single-product\">\n<div id=\"inner-content\">\n<div class=\"row product-description\">\n<div class=\"medium-12 columns\">\n<h4>Indikace:<\/h4>\n<p>Vyv\u00e1\u017een\u00ed krmn\u00e9 d\u00e1vky u ps\u016f krmen\u00fdch dom\u00e1c\u00ed stravou a B.A.R.F.<br \/>\nPrevence hypovitamin\u00f3z a nedostatku miner\u00e1ln\u00edch l\u00e1tek<\/p>\n<h4>Zp\u016fsob pou\u017eit\u00ed:<\/h4>\n<p>Pr\u00e1\u0161ek se zam\u00edch\u00e1 do krmiva<\/p>\n<h4>Doporu\u010den\u00e1 denn\u00ed d\u00e1vka:<\/h4>\n<p>1 g na 1 kg v\u00e1hy zv\u00ed\u0159ete<\/p>\n<p>1 g obsahuje:<br \/>\n<strong>Vitam\u00edny:<\/strong> Vitamin A 150 IU, Vitamin D3 10 IU, Vitamin E 1 500 \u00b5g, Vitamin K 15 \u00b5g, Vitamin B1 50 \u00b5g, Vitamin B2 60 \u00b5g, Vitamin B6 50 \u00b5g, Vitamin B12 0,6 \u00b5g, Vitamin C 500 \u00b5g, Biotin 1,5 \u00b5g, Niacinamid 400 \u00b5g, Pantothenan v\u00e1penat\u00fd 300 \u00b5g, Kyselina listov\u00e1 5 \u00b5g, Cholin chlorid 15 mg<br \/>\n<strong>Mikroprvky:<\/strong> \u017delezo 800 \u00b5g, Zinek 800 \u00b5g, M\u011b\u010f 160 \u00b5g, Mangan 600 \u00b5g, J\u00f3d 8 \u00b5g, Selen 1,8 \u00b5g,<br \/>\n<strong>Ostatn\u00ed:<\/strong> L-karnitin 2 600 \u00b5g<\/p>\n<h4>Balen\u00ed:<\/h4>\n<p>230 g (pro psa o hmotnosti 10 kg vysta\u010d\u00ed na 23 dn\u016f)<br \/>\n1000 g (pro psa o hmotnosti 10 kg vysta\u010d\u00ed na 100 dn\u016f)<br \/>\nSou\u010d\u00e1st\u00ed balen\u00ed je odm\u011brka, kter\u00e1 odpov\u00edd\u00e1 p\u0159ibli\u017en\u011b 4 g produktu.<\/p>\n<\/div>\n<\/div>\n<\/div>\n<\/div>\n<\/div>\n<\/div>\n<\/div>\n<\/section>\n<\/article>\n<\/div>\n<\/div>\n<\/div>\n<\/div>\n<\/div>\n<\/div>\n<\/div>\n<\/div>\n<\/div>\n<\/div>\n<\/div>\n<\/div>\n<\/div>\n<\/div>\n","protected":false},"excerpt":{"rendered":"<p class=\"product-subtitle02\">Dopln\u011bk k doma p\u0159ipravovan\u00e9 strav\u011b<\/p>\n<div class=\"off-canvas-wrapper\">\n<div class=\"off-canvas-content\" data-off-canvas-content=\"\">\n<div id=\"content\" class=\"single-product\">\n<div id=\"inner-content\">\n<div class=\"row product-data\" data-equalizer=\"s4p55b-equalizer\" data-resize=\"eiuhox-eq\" data-mutate=\"x7hn1w-eq\">\n<div class=\"medium-8 columns product-txt-container\" data-equalizer-watch=\"\">\n<article id=\"post-304\" class=\"post-304 product type-product status-publish has-post-thumbnail hentry\" role=\"article\">\n<section class=\"entry-content\">\n<div class=\"short-description\">\n<p>Komplexn\u00ed vitam\u00edno-miner\u00e1lov\u00fd p\u0159\u00edpravek pro psy<\/p>\n<p>Komplex 14 vitam\u00edn\u016f, mikroprvk\u016f a L-karnitinu s vysokou biologickou dostupnost\u00ed pro vyv\u00e1\u017een\u00e9 krmen\u00ed a prevenci hypovitamin\u00f3z u ps\u016f krmen\u00fdch dom\u00e1c\u00ed stravou a B.A.R.F<\/p>\n<ul>\n<li>Pom\u00e1h\u00e1 p\u0159edej\u00edt riziku hypovitamin\u00f3zy<\/li>\n<li>Obsahuje L-karnitin pro podporu srd\u00ed\u010dka<\/li>\n<li>\u017divotn\u011b d\u016fle\u017eit\u00e9 vitaminy a organicky v\u00e1zan\u00e9 stopov\u00e9 prvky pro dopln\u011bn\u00ed pot\u0159eb organismu<\/li>\n<\/ul>\n<\/div>\n<\/section>\n<\/article>\n<\/div>\n<\/div>\n<\/div>\n<\/div>\n<\/div>\n<\/div>\n","protected":false},"featured_media":476,"comment_status":"open","ping_status":"closed","template":"","meta":[],"_links":{"self":[{"href":"https:\/\/www.agrolex.cz\/index.php?rest_route=\/wp\/v2\/product\/475"}],"collection":[{"href":"https:\/\/www.agrolex.cz\/index.php?rest_route=\/wp\/v2\/product"}],"about":[{"href":"https:\/\/www.agrolex.cz\/index.php?rest_route=\/wp\/v2\/types\/product"}],"replies":[{"embeddable":true,"href":"https:\/\/www.agrolex.cz\/index.php?rest_route=%2Fwp%2Fv2%2Fcomments&post=475"}],"wp:featuredmedia":[{"embeddable":true,"href":"https:\/\/www.agrolex.cz\/index.php?rest_route=\/wp\/v2\/media\/476"}],"wp:attachment":[{"href":"https:\/\/www.agrolex.cz\/index.php?rest_route=%2Fwp%2Fv2%2Fmedia&parent=475"}],"curies":[{"name":"wp","href":"https:\/\/api.w.org\/{rel}","templated":true}]}}