{"id":479,"date":"2020-08-13T18:35:22","date_gmt":"2020-08-13T18:35:22","guid":{"rendered":"http:\/\/www.agrolex.cz\/?post_type=product&#038;p=479"},"modified":"2022-04-18T22:09:19","modified_gmt":"2022-04-18T22:09:19","slug":"canvit-probio-pro-kocky","status":"publish","type":"product","link":"https:\/\/www.agrolex.cz\/?product=canvit-probio-pro-kocky","title":{"rendered":"Canvit Probio pro ko\u010dky"},"content":{"rendered":"<div class=\"off-canvas-wrapper\">\n<div class=\"off-canvas-content\" data-off-canvas-content=\"\">\n<div id=\"content\" class=\"single-product\">\n<div id=\"inner-content\">\n<div class=\"row product-header\">\n<div class=\"medium-12 columns\">\n<div class=\"row\">\n<div class=\"medium-7 columns\">\n<p class=\"product-subtitle02\">Obnova st\u0159evn\u00ed mikrofl\u00f3ry<\/p>\n<div class=\"off-canvas-wrapper\">\n<div class=\"off-canvas-content\" data-off-canvas-content=\"\">\n<div id=\"content\" class=\"single-product\">\n<div id=\"inner-content\">\n<div class=\"row product-data\" data-equalizer=\"k08syg-equalizer\" data-resize=\"063izs-eq\" data-mutate=\"6ktf3f-eq\">\n<div class=\"medium-8 columns product-txt-container\" data-equalizer-watch=\"\">\n<article id=\"post-318\" class=\"post-318 product type-product status-publish has-post-thumbnail hentry\" role=\"article\">\n<section class=\"entry-content\">\n<div class=\"short-description\">\n<p>Probiotikum pro zdrav\u00e9 za\u017e\u00edv\u00e1n\u00ed<\/p>\n<p>Komplex probiotik Enterococcus faecium, probiotik (MOS), betaglukan\u016f, vitam\u00edn\u016f a stopov\u00fdch prvk\u016f pro zdrav\u00e9 za\u017e\u00edv\u00e1n\u00ed a tvorbu pevn\u00e9ho a vo\u0148av\u00e9ho trusu.<\/p>\n<p>Za\u017e\u00edvac\u00ed apar\u00e1t obsahuje obrovsk\u00e9 mno\u017estv\u00ed p\u0159\u00e1telsk\u00fdch (nepatogenn\u00edch) bakteri\u00ed, kter\u00e9 jsou d\u016fle\u017eit\u00e9 pro tr\u00e1ven\u00ed, za\u017e\u00edv\u00e1n\u00ed a obranyschopnost organismu. V\u00a0p\u0159\u00edpad\u011b jak\u00e9hokoliv onemocn\u011bn\u00ed za\u017e\u00edvac\u00edho apar\u00e1tu nebo p\u0159i l\u00e9\u010db\u011b antibiotiky se naru\u0161\u00ed rovnov\u00e1ha mezi bakteriemi st\u0159eva a doch\u00e1z\u00ed k\u00a0p\u0159er\u016fst\u00e1n\u00ed patogenn\u00edch bakteri\u00ed. Tato zm\u011bna se projev\u00ed pr\u016fjmem, m\u011bkk\u00fdm trusem nebo zv\u00fd\u0161enou flatulenc\u00ed. Canvit Probio je komplexem probiotik, probiotik a vitam\u00edn\u016f, kter\u00e9 br\u00e1n\u00ed p\u0159er\u016fst\u00e1n\u00ed patogenn\u00edch bakteri\u00ed a podporuje imunitu st\u0159eva p\u0159i pr\u016fjmov\u00fdch onemocn\u011bn\u00edch nebo l\u00e9\u010db\u011b antibiotiky.<\/p>\n<ul>\n<li>Biologicky dostupn\u00e9 beta-glukany pro stimulaci makrof\u00e1g\u016f (prvn\u00ed bu\u0148ky imunitn\u00edho syst\u00e9mu)<\/li>\n<li>Probiotick\u00fd kmen Enterococcus faecium pro podporu zdrav\u00ed tr\u00e1vic\u00edho traktu, zabra\u0148uj\u00edc\u00ed mno\u017een\u00ed ne\u017e\u00e1douc\u00edch patogenn\u00edch mikroorganism\u016f<\/li>\n<\/ul>\n<div class=\"off-canvas-wrapper\">\n<div class=\"off-canvas-content\" data-off-canvas-content=\"\">\n<div id=\"content\" class=\"single-product\">\n<div id=\"inner-content\">\n<div class=\"row product-description\">\n<div class=\"medium-12 columns\">\n<h4>Indikace:<\/h4>\n<p>Podpora l\u00e9\u010dby onemocn\u011bn\u00ed za\u017e\u00edvac\u00edho apar\u00e1tu a pr\u016fjm\u016f<br \/>\nSn\u00ed\u017een\u00ed negativn\u00edch dopad\u016f na za\u017e\u00edv\u00e1n\u00ed a tr\u00e1ven\u00ed p\u0159i l\u00e9\u010db\u011b antibiotiky<br \/>\nZlep\u0161en\u00ed pevnosti trusu a sn\u00ed\u017een\u00ed flatulence u ko\u010dek s citliv\u00fdm za\u017e\u00edv\u00e1n\u00edm<\/p>\n<h4>Zp\u016fsob pou\u017eit\u00ed:<\/h4>\n<p>Pr\u00e1\u0161ek se zam\u00edch\u00e1 do krmiva<\/p>\n<h4>Doporu\u010den\u00e1 denn\u00ed d\u00e1vka:<\/h4>\n<p>1 g pro ko\u010dku do 5 kg v\u00e1hy<\/p>\n<p>1 g obsahuje:<br \/>\nProbiotikum Enterococcus faecium 7,5\u00d710\u2079 CFU, prebiotikum Inulin 250 mg,<br \/>\nBeta glukany (Fibosel) 35 mg, Vitam\u00edn C 400 \u00b5g<\/p>\n<h4>Balen\u00ed:<\/h4>\n<p>100 g (pro ko\u010dku do5 kg vysta\u010d\u00ed na 100 dn\u016f)<br \/>\nSou\u010d\u00e1st\u00ed balen\u00ed je odm\u011brka, kter\u00e1 odpov\u00edd\u00e1 p\u0159ibli\u017en\u011b 4 g produktu<\/p>\n<\/div>\n<\/div>\n<\/div>\n<\/div>\n<\/div>\n<\/div>\n<\/div>\n<\/section>\n<\/article>\n<\/div>\n<\/div>\n<\/div>\n<\/div>\n<\/div>\n<\/div>\n<\/div>\n<\/div>\n<\/div>\n<\/div>\n<\/div>\n<\/div>\n<\/div>\n<\/div>\n","protected":false},"excerpt":{"rendered":"<p class=\"product-subtitle02\">Obnova st\u0159evn\u00ed mikrofl\u00f3ry<\/p>\n<div class=\"off-canvas-wrapper\">\n<div class=\"off-canvas-content\" data-off-canvas-content=\"\">\n<div id=\"content\" class=\"single-product\">\n<div id=\"inner-content\">\n<div class=\"row product-data\" data-equalizer=\"k08syg-equalizer\" data-resize=\"063izs-eq\" data-mutate=\"6ktf3f-eq\">\n<div class=\"medium-8 columns product-txt-container\" data-equalizer-watch=\"\">\n<article id=\"post-318\" class=\"post-318 product type-product status-publish has-post-thumbnail hentry\" role=\"article\">\n<section class=\"entry-content\">\n<div class=\"short-description\">\n<p>Probiotikum pro zdrav\u00e9 za\u017e\u00edv\u00e1n\u00ed<\/p>\n<p>Komplex probiotik Enterococcus faecium, probiotik (MOS), betaglukan\u016f, vitam\u00edn\u016f a stopov\u00fdch prvk\u016f pro zdrav\u00e9 za\u017e\u00edv\u00e1n\u00ed a tvorbu pevn\u00e9ho a vo\u0148av\u00e9ho trusu.<\/p>\n<ul>\n<li>Biologicky dostupn\u00e9 beta-glukany pro stimulaci makrof\u00e1g\u016f (prvn\u00ed bu\u0148ky imunitn\u00edho syst\u00e9mu)<\/li>\n<li>Probiotick\u00fd kmen Enterococcus faecium pro podporu zdrav\u00ed tr\u00e1vic\u00edho traktu, zabra\u0148uj\u00edc\u00ed mno\u017een\u00ed ne\u017e\u00e1douc\u00edch patogenn\u00edch mikroorganism\u016f<\/li>\n<\/ul>\n<\/div>\n<\/section>\n<\/article>\n<\/div>\n<\/div>\n<\/div>\n<\/div>\n<\/div>\n<\/div>\n","protected":false},"featured_media":480,"comment_status":"open","ping_status":"closed","template":"","meta":[],"_links":{"self":[{"href":"https:\/\/www.agrolex.cz\/index.php?rest_route=\/wp\/v2\/product\/479"}],"collection":[{"href":"https:\/\/www.agrolex.cz\/index.php?rest_route=\/wp\/v2\/product"}],"about":[{"href":"https:\/\/www.agrolex.cz\/index.php?rest_route=\/wp\/v2\/types\/product"}],"replies":[{"embeddable":true,"href":"https:\/\/www.agrolex.cz\/index.php?rest_route=%2Fwp%2Fv2%2Fcomments&post=479"}],"wp:featuredmedia":[{"embeddable":true,"href":"https:\/\/www.agrolex.cz\/index.php?rest_route=\/wp\/v2\/media\/480"}],"wp:attachment":[{"href":"https:\/\/www.agrolex.cz\/index.php?rest_route=%2Fwp%2Fv2%2Fmedia&parent=479"}],"curies":[{"name":"wp","href":"https:\/\/api.w.org\/{rel}","templated":true}]}}