{"id":494,"date":"2020-08-13T21:15:02","date_gmt":"2020-08-13T21:15:02","guid":{"rendered":"http:\/\/www.agrolex.cz\/?post_type=product&#038;p=494"},"modified":"2020-08-13T22:15:44","modified_gmt":"2020-08-13T22:15:44","slug":"canvit-snacks-skin-coat-pro-kocky","status":"publish","type":"product","link":"https:\/\/www.agrolex.cz\/?product=canvit-snacks-skin-coat-pro-kocky","title":{"rendered":"Canvit Snacks Skin &#038; Coat pro ko\u010dky"},"content":{"rendered":"<div class=\"off-canvas-wrapper\">\n<div class=\"off-canvas-content\" data-off-canvas-content=\"\">\n<div id=\"content\" class=\"single-product\">\n<div id=\"inner-content\">\n<div class=\"row product-header\">\n<div class=\"medium-12 columns\">\n<div class=\"row\">\n<div class=\"medium-7 columns\">\n<p class=\"product-subtitle02\">Regenerace k\u016f\u017ee a kvality srsti<\/p>\n<div class=\"off-canvas-wrapper\">\n<div class=\"off-canvas-content\" data-off-canvas-content=\"\">\n<div id=\"content\" class=\"single-product\">\n<div id=\"inner-content\">\n<div class=\"row product-data\" data-equalizer=\"xdjto4-equalizer\" data-resize=\"djaujs-eq\" data-mutate=\"rn5bt5-eq\">\n<div class=\"medium-8 columns product-txt-container\" data-equalizer-watch=\"\">\n<article id=\"post-325\" class=\"post-325 product type-product status-publish has-post-thumbnail hentry\" role=\"article\">\n<section class=\"entry-content\">\n<div class=\"short-description\">\n<p>Podpora zdrav\u00e9 k\u016f\u017ee a bohat\u00e9 srsti ve form\u011b chutn\u00e9ho pamlsku. Zdrav\u00e9 mls\u00e1n\u00ed pro zdravou k\u016f\u017ei a srst.<\/p>\n<p>Funk\u010dn\u00ed pamlsek s\u00a0lososem je plnohodnotn\u00fdm zdrojem vitam\u00edn\u016f, miner\u00e1l\u016f, nenasycen\u00fdch mastn\u00fdch kyselin pro zdravou k\u016f\u017ei, lesklou a bohatou srst s\u00a0neodolatelnou chut\u00ed.<\/p>\n<p>K\u016f\u017ee a srst je prvn\u00ed ochrannou vrstvou pro t\u011blo a ostatn\u00ed tk\u00e1n\u011b p\u0159ed vn\u011bj\u0161\u00edm prost\u0159ed\u00edm. Aby k\u016f\u017ee mohla plnit svou ochrannou funkci mus\u00ed m\u00edt pro sv\u016fj metabolismus dostate\u010dn\u00fd zdroj vitam\u00edn\u016f, mikroprvk\u016f a aminokyselin jako je Biotin, vitam\u00edn B2, B3, B5, Zinek a Methionin. Mezi dal\u0161\u00ed \u017eivinu d\u016fle\u017eitou pro zdravou a funguj\u00edc\u00ed k\u016f\u017ei pat\u0159\u00ed omega-3 nenasycen\u00e9 mastn\u00e9 kyseliny, kter\u00e9 p\u016fsob\u00ed protiz\u00e1n\u011btliv\u011b. Pamlsek Canvit Skin &amp; Coat Health Care Snack zabezpe\u010duje p\u0159\u00edsun vitam\u00edn\u016f, miner\u00e1l\u016f, omega 3 nenasycen\u00fdch mastn\u00fdch kyselin pro zdravou k\u016f\u017ei a lesklou srst, a nav\u00edc va\u0161\u00ed ko\u010dce skv\u011ble chutn\u00e1.<\/p>\n<p>Dopl\u0148kov\u00e9 krmivo pro ko\u010dky<\/p>\n<ul>\n<li>D\u016fle\u017eit\u00e9 z\u00e1kladn\u00ed l\u00e1tky a vitaminy pro podporu regenerace k\u016f\u017ee a kvality srsti<\/li>\n<li>Obsahuje sle\u010fov\u00fd olej jako zdroj extra omega-3, m\u011bs\u00ed\u010dek l\u00e9ka\u0159sk\u00fd, zinek, niacin a biotin<\/li>\n<\/ul>\n<div class=\"off-canvas-wrapper\">\n<div class=\"off-canvas-content\" data-off-canvas-content=\"\">\n<div id=\"content\" class=\"single-product\">\n<div id=\"inner-content\">\n<div class=\"row product-description\">\n<div class=\"medium-12 columns\">\n<h4>Slo\u017een\u00ed:<\/h4>\n<p>brambory, losos(15 %), tekut\u00fd \u0161krob, sle\u010fov\u00fd olej (6 %), hydrolyzovan\u00e1 ku\u0159ec\u00ed j\u00e1tra, kolagen, su\u0161en\u00fd m\u011bs\u00ed\u010dek zahradn\u00ed (5 g\/kg).<\/p>\n<h4>Analytick\u00e9 slo\u017eky:<\/h4>\n<p>hrub\u00fd protein 17,0 %, obsah tuku 7,0 %, vlhkost 17,0 %, hrub\u00fd popel 5,0 %, hrub\u00e1 vl\u00e1knina 2,2 %.<\/p>\n<h4>Nutri\u010dn\u00ed aditiva v 1 kg:<\/h4>\n<p>zinek (E6) 120 mg, taurin 1500 mg, nikotinamid (3a315) 30 mg, pantothen\u00e1t v\u00e1penat\u00fd 4 mg, biotin 1,2 mg.<\/p>\n<h4>Indikace:<\/h4>\n<p>Podpora tvorby bohat\u00e9 a leskl\u00e9 srsti zejm\u00e9na u v\u00fdstavn\u00edch ko\u010dek<br \/>\nPodpora obnovy srsti b\u011bhem l\u00edn\u00e1n\u00ed a tvorby pevn\u00e9 rohoviny dr\u00e1pk\u016f<br \/>\nDopln\u011bk p\u0159i terapii onemocn\u011bn\u00ed k\u016f\u017ee, srsti nebo rohoviny dr\u00e1pk\u016f<\/p>\n<h4>Zp\u016fsob pou\u017eit\u00ed:<\/h4>\n<p>Pamlsek Canvit Skin &amp; Coat Health Care Snack se pod\u00e1v\u00e1 p\u0159\u00edmo z ruky.<\/p>\n<h4>Doporu\u010den\u00e1 denn\u00ed d\u00e1vka:<\/h4>\n<p>3-4 kosti\u010dky na 1 kg v\u00e1hy zv\u00ed\u0159ete<\/p>\n<p>10 kosti\u010dek pro 3 kg ko\u010dky obsahuje<br \/>\n<strong>Vitam\u00edny:<\/strong> Biotin 5 \u00b5g, Vitam\u00edn B3 (niacinamide) 120 \u00b5g, Vitam\u00edn B5 (calcium pantothenate) 16 \u00b5g<br \/>\n<strong>Mikroprvky a aminokyseliny:<\/strong> zinek 700 \u00b5g, Taurin 6000 \u00b5g<br \/>\n<strong>Omega 3 nenasycen\u00e9 mastn\u00e9 kyseliny:<\/strong> (EPA, DHA) 150 mg<br \/>\n<strong>M\u011bs\u00ed\u010dek l\u00e9ka\u0159sk\u00fd:<\/strong> 18 mg<\/p>\n<h4>Balen\u00ed:<\/h4>\n<p>100 g (280 kosti\u010dek, pro ko\u010dku o hmotnosti 3 kg vysta\u010d\u00ed na 30 dn\u016f)<\/p>\n<\/div>\n<\/div>\n<\/div>\n<\/div>\n<\/div>\n<\/div>\n<\/div>\n<\/section>\n<\/article>\n<\/div>\n<\/div>\n<\/div>\n<\/div>\n<\/div>\n<\/div>\n<\/div>\n<\/div>\n<\/div>\n<\/div>\n<\/div>\n<\/div>\n<\/div>\n<\/div>\n","protected":false},"excerpt":{"rendered":"<p class=\"product-subtitle02\">Regenerace k\u016f\u017ee a kvality srsti<\/p>\n<div class=\"off-canvas-wrapper\">\n<div class=\"off-canvas-content\" data-off-canvas-content=\"\">\n<div id=\"content\" class=\"single-product\">\n<div id=\"inner-content\">\n<div class=\"row product-data\" data-equalizer=\"xdjto4-equalizer\" data-resize=\"djaujs-eq\" data-mutate=\"rn5bt5-eq\">\n<div class=\"medium-8 columns product-txt-container\" data-equalizer-watch=\"\">\n<article id=\"post-325\" class=\"post-325 product type-product status-publish has-post-thumbnail hentry\" role=\"article\">\n<section class=\"entry-content\">\n<div class=\"short-description\">\n<p>Podpora zdrav\u00e9 k\u016f\u017ee a bohat\u00e9 srsti ve form\u011b chutn\u00e9ho pamlsku. Zdrav\u00e9 mls\u00e1n\u00ed pro zdravou k\u016f\u017ei a srst.<\/p>\n<p>Funk\u010dn\u00ed pamlsek s\u00a0lososem je plnohodnotn\u00fdm zdrojem vitam\u00edn\u016f, miner\u00e1l\u016f, nenasycen\u00fdch mastn\u00fdch kyselin pro zdravou k\u016f\u017ei, lesklou a bohatou srst s\u00a0neodolatelnou chut\u00ed.<\/p>\n<p>Dopl\u0148kov\u00e9 krmivo pro ko\u010dky<\/p>\n<ul>\n<li>D\u016fle\u017eit\u00e9 z\u00e1kladn\u00ed l\u00e1tky a vitaminy pro podporu regenerace k\u016f\u017ee a kvality srsti<\/li>\n<li>Obsahuje sle\u010fov\u00fd olej jako zdroj extra omega-3, m\u011bs\u00ed\u010dek l\u00e9ka\u0159sk\u00fd, zinek, niacin a biotin<\/li>\n<\/ul>\n<\/div>\n<\/section>\n<\/article>\n<\/div>\n<\/div>\n<\/div>\n<\/div>\n<\/div>\n<\/div>\n","protected":false},"featured_media":495,"comment_status":"open","ping_status":"closed","template":"","meta":[],"_links":{"self":[{"href":"https:\/\/www.agrolex.cz\/index.php?rest_route=\/wp\/v2\/product\/494"}],"collection":[{"href":"https:\/\/www.agrolex.cz\/index.php?rest_route=\/wp\/v2\/product"}],"about":[{"href":"https:\/\/www.agrolex.cz\/index.php?rest_route=\/wp\/v2\/types\/product"}],"replies":[{"embeddable":true,"href":"https:\/\/www.agrolex.cz\/index.php?rest_route=%2Fwp%2Fv2%2Fcomments&post=494"}],"wp:featuredmedia":[{"embeddable":true,"href":"https:\/\/www.agrolex.cz\/index.php?rest_route=\/wp\/v2\/media\/495"}],"wp:attachment":[{"href":"https:\/\/www.agrolex.cz\/index.php?rest_route=%2Fwp%2Fv2%2Fmedia&parent=494"}],"curies":[{"name":"wp","href":"https:\/\/api.w.org\/{rel}","templated":true}]}}