{"id":496,"date":"2020-08-13T21:19:42","date_gmt":"2020-08-13T21:19:42","guid":{"rendered":"http:\/\/www.agrolex.cz\/?post_type=product&#038;p=496"},"modified":"2022-02-27T21:02:20","modified_gmt":"2022-02-27T21:02:20","slug":"canvit-snack-urinary-pro-kocky","status":"publish","type":"product","link":"https:\/\/www.agrolex.cz\/?product=canvit-snack-urinary-pro-kocky","title":{"rendered":"Canvit Snacks Urinary pro ko\u010dky"},"content":{"rendered":"<div class=\"off-canvas-wrapper\">\n<div class=\"off-canvas-content\" data-off-canvas-content=\"\">\n<div id=\"content\" class=\"single-product\">\n<div id=\"inner-content\">\n<div class=\"row product-header\">\n<div class=\"medium-12 columns\">\n<div class=\"row\">\n<div class=\"medium-7 columns\">\n<p class=\"product-subtitle02\">Podpora zdrav\u00ed mo\u010dov\u00fdch cest<\/p>\n<div class=\"off-canvas-wrapper\">\n<div class=\"off-canvas-content\" data-off-canvas-content=\"\">\n<div id=\"content\" class=\"single-product\">\n<div id=\"inner-content\">\n<div class=\"row product-data\" data-equalizer=\"rpvoi0-equalizer\" data-resize=\"f496wm-eq\" data-mutate=\"2jt3y4-eq\">\n<div class=\"medium-4 columns product-img-container\" data-equalizer-watch=\"\">Prevence z\u00e1n\u011btu mo\u010dov\u00e9ho m\u011bch\u00fd\u0159e ve form\u011b chutn\u00e9ho pamlsku.<\/div>\n<div class=\"medium-8 columns product-txt-container\" data-equalizer-watch=\"\">\n<article id=\"post-327\" class=\"post-327 product type-product status-publish has-post-thumbnail hentry\" role=\"article\">\n<section class=\"entry-content\">\n<div class=\"short-description\">\n<p>Funk\u010dn\u00ed pamlsek s\u00a0ku\u0159ec\u00edm, su\u0161en\u00fdmi brusinkami, kop\u0159ivou, b\u0159\u00edzou p\u0159evislou a omega 3 nenasycen\u00fdmi mastn\u00fdmi kyselinami pro prevenci z\u00e1n\u011btu mo\u010dov\u00e9ho m\u011bch\u00fd\u0159e ko\u010dek s\u00a0neodolatelnou chut\u00ed.<\/p>\n<p>Z\u00e1n\u011bty mo\u010dov\u00e9ho m\u011bch\u00fd\u0159e u ko\u010dek pat\u0159\u00ed mezi velmi \u010dast\u00e9 probl\u00e9my. Z\u00e1n\u011bt mo\u010dov\u00e9ho m\u011bch\u00fd\u0159e je velmi bolestiv\u00e9 onemocn\u011bn\u00ed, kter\u00e9 se projevuje \u010dast\u00fdm \u010d\u016fr\u00e1n\u00edm a mo\u010den\u00edm mimo z\u00e1chod. Brusinky, kop\u0159iva a b\u0159\u00edza p\u0159evisl\u00e1 jsou p\u0159\u00edrodn\u00edm zdrojem vitam\u00edn\u016f, antioxidant\u016f a l\u00e1tek, kter\u00e9 preventivn\u011b p\u016fsob\u00ed proti z\u00e1n\u011btu mo\u010dov\u00e9ho m\u011bch\u00fd\u0159e. Maj\u00ed siln\u00e9 antibakteri\u00e1ln\u00ed \u00fa\u010dinky, blokuj\u00ed uchycen\u00ed bakteri\u00ed, vytv\u00e1\u0159ej\u00ed ochrannou vrstvu sliznice mo\u010dov\u00e9ho m\u011bch\u00fd\u0159e, zvy\u0161uj\u00ed produkci mo\u010di a potla\u010duj\u00ed nep\u0159\u00edjemnou bolest. Pamlsek Canvit Urinary Health Care Snack je prevenc\u00ed p\u0159ed z\u00e1n\u011bty doln\u00edch cest mo\u010dov\u00fdch u ko\u010dek, a nav\u00edc va\u0161\u00ed ko\u010dce skv\u011ble chutn\u00e1.<\/p>\n<p>Dopl\u0148kov\u00e9 krmivo pro ko\u010dky<\/p>\n<ul>\n<li>Komplex bylin k podpo\u0159e zdrav\u00ed mo\u010dov\u00fdch cest<\/li>\n<li>Obohaceno kop\u0159ivou p\u016fsob\u00edc\u00ed jako antioxidant, brusinkou s antimikrobi\u00e1ln\u00edmi vlastnostmi a b\u0159\u00edzou p\u0159evislou, kter\u00e1 p\u016fsob\u00ed mo\u010dopudn\u011b<\/li>\n<\/ul>\n<div class=\"off-canvas-wrapper\">\n<div class=\"off-canvas-content\" data-off-canvas-content=\"\">\n<div id=\"content\" class=\"single-product\">\n<div id=\"inner-content\">\n<div class=\"row product-description\">\n<div class=\"medium-12 columns\">\n<h4>Slo\u017een\u00ed:<\/h4>\n<p>brambory, ku\u0159e (15 %), tekut\u00fd \u0161krob, sle\u010fov\u00fd olej (5 %), hydrolyzovan\u00e1 ku\u0159ec\u00ed j\u00e1tra, kolagen, list kop\u0159ivy (10 g\/kg), list brusinky (8 g\/kg), list b\u0159\u00edzy p\u0159evisl\u00e9 (5 g\/kg).<\/p>\n<h4>Analytick\u00e9 slo\u017eky:<\/h4>\n<p>hrub\u00fd protein 16,0 %, obsah tuku 7,0 %, vlhkost 17,0 %, hrub\u00fd popel 4,0 %, hrub\u00e1 vl\u00e1knina 2,8 %.<\/p>\n<h4>Indikace:<\/h4>\n<p>Prevence p\u0159i opakovan\u00fdch z\u00e1n\u011btech mo\u010dov\u00e9ho m\u011bch\u00fd\u0159e<br \/>\nDopln\u011bk terapie z\u00e1n\u011btu doln\u00edch cest mo\u010dov\u00fdch u ko\u010dek<\/p>\n<h4>Zp\u016fsob pou\u017eit\u00ed:<\/h4>\n<p>Pamlsek Canvit Urinary Health Care Snack se pod\u00e1v\u00e1 p\u0159\u00edmo z ruky.<\/p>\n<h4>Doporu\u010den\u00e1 denn\u00ed d\u00e1vka:<\/h4>\n<p>3-4 kosti\u010dky na 1 kg v\u00e1hy zv\u00ed\u0159ete<\/p>\n<p>10 kosti\u010dek pro 3 kg ko\u010dku obsahuje<br \/>\n<strong>Su\u0161en\u00e9 rostliny:<\/strong> Brusinka 35 mg, Kop\u0159iva 40 mg, B\u0159\u00edza p\u0159evisl\u00e1 20 mg<br \/>\n<strong>Omega 3 nenasycen\u00e9 mastn\u00e9 kyseliny:<\/strong> (EPA, DHA) 150 mg<\/p>\n<h4>Balen\u00ed:<\/h4>\n<p>100 g (280 kosti\u010dek, pro ko\u010dku o hmotnosti 3 kg vysta\u010d\u00ed na 30 dn\u016f)<\/p>\n<\/div>\n<\/div>\n<\/div>\n<\/div>\n<\/div>\n<\/div>\n<\/div>\n<\/section>\n<\/article>\n<\/div>\n<\/div>\n<\/div>\n<\/div>\n<\/div>\n<\/div>\n<\/div>\n<\/div>\n<\/div>\n<\/div>\n<\/div>\n<\/div>\n<\/div>\n<\/div>\n","protected":false},"excerpt":{"rendered":"<p class=\"product-subtitle02\">Podpora zdrav\u00ed mo\u010dov\u00fdch cest<\/p>\n<div class=\"off-canvas-wrapper\">\n<div class=\"off-canvas-content\" data-off-canvas-content=\"\">\n<div id=\"content\" class=\"single-product\">\n<div id=\"inner-content\">\n<div class=\"row product-data\" data-equalizer=\"rpvoi0-equalizer\" data-resize=\"f496wm-eq\" data-mutate=\"2jt3y4-eq\">\n<div class=\"medium-8 columns product-txt-container\" data-equalizer-watch=\"\">\n<article id=\"post-327\" class=\"post-327 product type-product status-publish has-post-thumbnail hentry\" role=\"article\">\n<header class=\"article-header\"><\/header>\n<p><!-- end article header --><\/p>\n<section class=\"entry-content\">\n<div class=\"short-description\">\n<p>Prevence z\u00e1n\u011btu mo\u010dov\u00e9ho m\u011bch\u00fd\u0159e ve form\u011b chutn\u00e9ho pamlsku.<\/p>\n<p>Funk\u010dn\u00ed pamlsek s\u00a0ku\u0159ec\u00edm, su\u0161en\u00fdmi brusinkami, kop\u0159ivou, b\u0159\u00edzou p\u0159evislou a omega 3 nenasycen\u00fdmi mastn\u00fdmi kyselinami pro prevenci z\u00e1n\u011btu mo\u010dov\u00e9ho m\u011bch\u00fd\u0159e ko\u010dek s\u00a0neodolatelnou chut\u00ed.<\/p>\n<p>Dopl\u0148kov\u00e9 krmivo pro ko\u010dky<\/p>\n<ul>\n<li>Komplex bylin k podpo\u0159e zdrav\u00ed mo\u010dov\u00fdch cest<\/li>\n<li>Obohaceno kop\u0159ivou p\u016fsob\u00edc\u00ed jako antioxidant, brusinkou s antimikrobi\u00e1ln\u00edmi vlastnostmi a b\u0159\u00edzou p\u0159evislou, kter\u00e1 p\u016fsob\u00ed mo\u010dopudn\u011b<\/li>\n<\/ul>\n<\/div>\n<\/section>\n<\/article>\n<\/div>\n<\/div>\n<\/div>\n<\/div>\n<\/div>\n<\/div>\n","protected":false},"featured_media":497,"comment_status":"open","ping_status":"closed","template":"","meta":[],"_links":{"self":[{"href":"https:\/\/www.agrolex.cz\/index.php?rest_route=\/wp\/v2\/product\/496"}],"collection":[{"href":"https:\/\/www.agrolex.cz\/index.php?rest_route=\/wp\/v2\/product"}],"about":[{"href":"https:\/\/www.agrolex.cz\/index.php?rest_route=\/wp\/v2\/types\/product"}],"replies":[{"embeddable":true,"href":"https:\/\/www.agrolex.cz\/index.php?rest_route=%2Fwp%2Fv2%2Fcomments&post=496"}],"wp:featuredmedia":[{"embeddable":true,"href":"https:\/\/www.agrolex.cz\/index.php?rest_route=\/wp\/v2\/media\/497"}],"wp:attachment":[{"href":"https:\/\/www.agrolex.cz\/index.php?rest_route=%2Fwp%2Fv2%2Fmedia&parent=496"}],"curies":[{"name":"wp","href":"https:\/\/api.w.org\/{rel}","templated":true}]}}