{"id":500,"date":"2020-08-13T21:27:34","date_gmt":"2020-08-13T21:27:34","guid":{"rendered":"http:\/\/www.agrolex.cz\/?post_type=product&#038;p=500"},"modified":"2020-08-13T22:15:25","modified_gmt":"2020-08-13T22:15:25","slug":"canvit-snack-dental-large-breed-pro-psy","status":"publish","type":"product","link":"https:\/\/www.agrolex.cz\/?product=canvit-snack-dental-large-breed-pro-psy","title":{"rendered":"Canvit Snacks Dental Large Breed pro psy"},"content":{"rendered":"<div class=\"off-canvas-wrapper\">\n<div class=\"off-canvas-content\" data-off-canvas-content=\"\">\n<div id=\"content\" class=\"single-product\">\n<div id=\"inner-content\">\n<div class=\"row product-header\">\n<div class=\"medium-12 columns\">\n<div class=\"row\">\n<div class=\"medium-7 columns\">\n<div class=\"off-canvas-wrapper\">\n<div class=\"off-canvas-content\" data-off-canvas-content=\"\">\n<div id=\"content\" class=\"single-product\">\n<div id=\"inner-content\">\n<div class=\"row product-header\">\n<div class=\"medium-12 columns\">\n<div class=\"row\">\n<div class=\"medium-7 columns\">\n<p class=\"product-subtitle02\">Ka\u017edodenn\u00ed zubn\u00ed p\u00e9\u010de s protiz\u00e1n\u011btliv\u00fdm \u00fa\u010dinkem pro velk\u00e1 a ob\u0159\u00ed plemena ps\u016f nad 25kg<\/p>\n<\/div>\n<\/div>\n<\/div>\n<\/div>\n<\/div>\n<\/div>\n<\/div>\n<\/div>\n<div class=\"off-canvas-wrapper\">\n<div class=\"off-canvas-content\" data-off-canvas-content=\"\">\n<div id=\"content\" class=\"single-product\">\n<div id=\"inner-content\">\n<div class=\"row product-data\" data-equalizer=\"vrwqti-equalizer\" data-resize=\"84zj5k-eq\" data-mutate=\"ap1n76-eq\">\n<div class=\"medium-8 columns product-txt-container\" data-equalizer-watch=\"\">\n<article id=\"post-321\" class=\"post-321 product type-product status-publish has-post-thumbnail hentry\" role=\"article\">\n<section class=\"entry-content\">\n<div class=\"short-description\">\n<p>Podpora zdrav\u00fdch zub\u016f a d\u00e1sn\u00ed ve form\u011b chutn\u00e9ho pamlsku. Zdrav\u00e9 mls\u00e1n\u00ed pro zdrav\u00e9 zuby a d\u00e1sn\u011b.<\/p>\n<p>Funk\u010dn\u00ed pamlsek s\u00a0ku\u0159ec\u00edm, chlorellou, h\u0159eb\u00ed\u010dkem, omega 3 nenasycen\u00fdmi mastn\u00fdm kyselinami, kolagenem a hexametafosf\u00e1tem pro zdrav\u00e9 zuby a d\u00e1sn\u011b s\u00a0neodolatelnou chut\u00ed.<\/p>\n<p>Zubn\u00ed k\u00e1men, plak a z\u00e1n\u011bt d\u00e1sn\u00ed je u ps\u016f velmi \u010dast\u00fd probl\u00e9m, kter\u00fd se u ps\u016f projevuje nep\u0159\u00edjemn\u00fdm z\u00e1pachem z\u00a0\u00fast, krv\u00e1cen\u00edm z\u00a0d\u00e1sn\u00ed, bolestivost\u00ed, neochotou kousat a \u010dasto kon\u010d\u00ed vytr\u017een\u00edm zubu. Jedinou \u00fa\u010dinnou p\u00e9\u010d\u00ed o zuby je prevence zam\u011b\u0159en\u00e1 na sn\u00ed\u017een\u00ed tvorby zubn\u00edho plaku. Chlorella, H\u0159eb\u00ed\u010dek, omega 3 nenasycen\u00e9 mastn\u00e9 kyseliny, kolagen a hexametafosf\u00e1t \u00fa\u010dinn\u011b potla\u010duj\u00ed vznik zubn\u00edho plaku a d\u00e1le maj\u00ed protiz\u00e1n\u011btliv\u00fd, antiseptick\u00fd a hojiv\u00fd \u00fa\u010dinek na sliznici d\u00e1sn\u00ed. Pamlsek Canvit Dental Health Care Snack se \u00fa\u010dinn\u011b star\u00e1 o zdrav\u00e9 zuby a d\u00e1sn\u011b, a nav\u00edc va\u0161emu psovi skv\u011ble chutn\u00e1.<\/p>\n<p>Dopl\u0148kov\u00e9 krmivo pro psy.<\/p>\n<ul>\n<li>\u00da\u010dinn\u00e9 l\u00e1tky a bylinky s protiz\u00e1n\u011btliv\u00fdm \u00fa\u010dinkem pro optim\u00e1ln\u00ed stav \u00fastn\u00ed dutiny<\/li>\n<li>Obsahuje chlorelu, h\u0159eb\u00ed\u010dek a vitamin C<\/li>\n<li>Unik\u00e1tn\u00ed tvar pro efektivn\u00ed obrus zub\u016f<\/li>\n<\/ul>\n<div class=\"off-canvas-wrapper\">\n<div class=\"off-canvas-content\" data-off-canvas-content=\"\">\n<div id=\"content\" class=\"single-product\">\n<div id=\"inner-content\">\n<div class=\"row product-description\">\n<div class=\"medium-12 columns\">\n<div class=\"off-canvas-wrapper\">\n<div class=\"off-canvas-content\" data-off-canvas-content=\"\">\n<div id=\"content\" class=\"single-product\">\n<div id=\"inner-content\">\n<div class=\"row product-description\">\n<div class=\"medium-12 columns\">\n<h4>Slo\u017een\u00ed:<\/h4>\n<p>brambory, kachna (15 %), tekut\u00fd \u0161krob, sle\u010fov\u00fd olej (5 %), hydrolyzovan\u00e1 ku\u0159ec\u00ed j\u00e1tra, kolagen, chlorella (5 g\/kg), hexametafosf\u00e1t sodn\u00fd (2 g\/kg), h\u0159eb\u00ed\u010dek (1 g\/kg).<\/p>\n<h4>Analytick\u00e9 slo\u017een\u00ed:<\/h4>\n<p>hrub\u00fd protein 16,0 %, obsah tuku 7,5 %, vlhkost 17,0 %, hrub\u00fd popel 3,5 %, hrub\u00e1 vl\u00e1knina 1,5 %.<\/p>\n<h4>Nutri\u010dn\u00ed aditiva v 1 kg:<\/h4>\n<p>vitamin C (E301) 600 mg.<\/p>\n<h4>Indikace:<\/h4>\n<p>Prevence vzniku zubn\u00edho plaku a z\u00e1n\u011btu d\u00e1sn\u00ed<br \/>\nOmezen\u00ed nep\u0159\u00edjemn\u00e9ho z\u00e1pachu z\u00a0dutiny \u00fastn\u00ed<br \/>\nOdstran\u011bn\u00ed existuj\u00edc\u00edho zubn\u00edho plaku<\/p>\n<h4>Zp\u016fsob pou\u017eit\u00ed:<\/h4>\n<p>Pamlsek Canvit Dental Health Care Snack se pod\u00e1v\u00e1 p\u0159\u00edmo z ruky.<\/p>\n<h4>Doporu\u010den\u00e1 denn\u00ed d\u00e1vka:<\/h4>\n<p>5 kosti\u010dek na 25 kg v\u00e1hy zv\u00ed\u0159ete<\/p>\n<p>5 kosti\u010dek na 25 kg v\u00e1hy zv\u00ed\u0159ete obsahuje<br \/>\nChlorella 78 mg, Hexametaphosphate 31 mg, H\u0159eb\u00ed\u010dek 15 mg, Omega 3 nenasycen\u00e9 mastn\u00e9 kyseliny: (EPA, DHA) 200 mg<\/p>\n<h4>Balen\u00ed:<\/h4>\n<p>250 g (80 kosti\u010dek, pro psa o hmotnosti 25 kg vysta\u010d\u00ed na 16 dn\u016f)<\/p>\n<\/div>\n<\/div>\n<\/div>\n<\/div>\n<\/div>\n<\/div>\n<\/div>\n<\/div>\n<\/div>\n<\/div>\n<\/div>\n<\/div>\n<\/div>\n<\/section>\n<\/article>\n<\/div>\n<\/div>\n<\/div>\n<\/div>\n<\/div>\n<\/div>\n<\/div>\n<\/div>\n<\/div>\n<\/div>\n<\/div>\n<\/div>\n<\/div>\n<\/div>\n","protected":false},"excerpt":{"rendered":"<p class=\"product-subtitle02\">Ka\u017edodenn\u00ed \u00fastn\u00ed p\u00e9\u010de s protiz\u00e1n\u011btliv\u00fdm \u00fa\u010dinkem<\/p>\n<div class=\"off-canvas-wrapper\">\n<div class=\"off-canvas-content\" data-off-canvas-content=\"\">\n<div id=\"content\" class=\"single-product\">\n<div id=\"inner-content\">\n<div class=\"row product-data\" data-equalizer=\"vrwqti-equalizer\" data-resize=\"84zj5k-eq\" data-mutate=\"ap1n76-eq\">\n<div class=\"medium-8 columns product-txt-container\" data-equalizer-watch=\"\">\n<article id=\"post-321\" class=\"post-321 product type-product status-publish has-post-thumbnail hentry\" role=\"article\">\n<section class=\"entry-content\">\n<div class=\"short-description\">\n<p>Podpora zdrav\u00fdch zub\u016f a d\u00e1sn\u00ed ve form\u011b chutn\u00e9ho pamlsku. Zdrav\u00e9 mls\u00e1n\u00ed pro zdrav\u00e9 zuby a d\u00e1sn\u011b.<\/p>\n<p>Funk\u010dn\u00ed pamlsek s\u00a0ku\u0159ec\u00edm, chlorellou, h\u0159eb\u00ed\u010dkem, omega 3 nenasycen\u00fdmi mastn\u00fdm kyselinami, kolagenem a hexametafosf\u00e1tem pro zdrav\u00e9 zuby a d\u00e1sn\u011b s\u00a0neodolatelnou chut\u00ed.<\/p>\n<p>Dopl\u0148kov\u00e9 krmivo pro psy.<\/p>\n<ul>\n<li>\u00da\u010dinn\u00e9 l\u00e1tky a bylinky s protiz\u00e1n\u011btliv\u00fdm \u00fa\u010dinkem pro optim\u00e1ln\u00ed stav \u00fastn\u00ed dutiny<\/li>\n<li>Obsahuje chlorelu, h\u0159eb\u00ed\u010dek a vitamin C<\/li>\n<li>Unik\u00e1tn\u00ed tvar pro efektivn\u00ed obrus zub\u016f<\/li>\n<\/ul>\n<\/div>\n<\/section>\n<\/article>\n<\/div>\n<\/div>\n<\/div>\n<\/div>\n<\/div>\n<\/div>\n","protected":false},"featured_media":501,"comment_status":"open","ping_status":"closed","template":"","meta":[],"_links":{"self":[{"href":"https:\/\/www.agrolex.cz\/index.php?rest_route=\/wp\/v2\/product\/500"}],"collection":[{"href":"https:\/\/www.agrolex.cz\/index.php?rest_route=\/wp\/v2\/product"}],"about":[{"href":"https:\/\/www.agrolex.cz\/index.php?rest_route=\/wp\/v2\/types\/product"}],"replies":[{"embeddable":true,"href":"https:\/\/www.agrolex.cz\/index.php?rest_route=%2Fwp%2Fv2%2Fcomments&post=500"}],"wp:featuredmedia":[{"embeddable":true,"href":"https:\/\/www.agrolex.cz\/index.php?rest_route=\/wp\/v2\/media\/501"}],"wp:attachment":[{"href":"https:\/\/www.agrolex.cz\/index.php?rest_route=%2Fwp%2Fv2%2Fmedia&parent=500"}],"curies":[{"name":"wp","href":"https:\/\/api.w.org\/{rel}","templated":true}]}}