{"id":556,"date":"2020-08-14T13:45:27","date_gmt":"2020-08-14T13:45:27","guid":{"rendered":"http:\/\/www.agrolex.cz\/?post_type=product&#038;p=556"},"modified":"2021-09-08T12:19:06","modified_gmt":"2021-09-08T12:19:06","slug":"canvit-barf-green-lipped-mussels","status":"publish","type":"product","link":"https:\/\/www.agrolex.cz\/?product=canvit-barf-green-lipped-mussels","title":{"rendered":"Canvit BARF Green Lipped Mussels"},"content":{"rendered":"<div class=\"off-canvas-wrapper\">\n<div class=\"off-canvas-content\" data-off-canvas-content=\"\">\n<div id=\"content\" class=\"single-product\">\n<div id=\"inner-content\">\n<div class=\"row product-header\">\n<div class=\"medium-12 columns\">\n<div class=\"row\">\n<div class=\"medium-7 columns\">\n<p class=\"product-subtitle02\">Mlet\u00e1 Novoz\u00e9landsk\u00e1 sl\u00e1vka zeleno\u00fast\u00e1 (Perna canaliculus) pro zdrav\u00e9 klouby<\/p>\n<div class=\"off-canvas-wrapper\">\n<div class=\"off-canvas-content\" data-off-canvas-content=\"\">\n<div id=\"content\" class=\"single-product\">\n<div id=\"inner-content\">\n<div class=\"row product-data\" data-equalizer=\"6di0nf-equalizer\" data-resize=\"z9dddy-eq\" data-mutate=\"3ekwnz-eq\">\n<div class=\"medium-8 columns product-txt-container\" data-equalizer-watch=\"\">\n<article id=\"post-827\" class=\"post-827 product type-product status-publish has-post-thumbnail hentry\" role=\"article\">\n<section class=\"entry-content\">\n<div class=\"short-description\">\n<p>Extrakt Sl\u00e1vky zeleno\u00fast\u00e9 (Perna canaliculus), je p\u0159\u00edrodn\u00edm zdrojem chondroprotektiv.<\/p>\n<p>Sl\u00e1vka zeleno\u00fast\u00e1 poch\u00e1z\u00ed z\u00a0Nov\u00e9ho Z\u00e9landu a obsahuje glykosaminoglykany \u2013 l\u00e1tky p\u0159irozen\u011b se vyskytuj\u00edc\u00ed v kloubn\u00ed chrupavce a v synovi\u00e1ln\u00ed tekutin\u011b, kter\u00e9 v pohybov\u00e9m apar\u00e1tu zv\u00ed\u0159ete p\u016fsob\u00ed protiz\u00e1n\u011btliv\u011b. Novoz\u00e9landsk\u00e1 zelen\u00e1 mu\u0161le podporuje tvorbu a regeneraci chrupavky a kloubn\u00edho mazu, udr\u017euje klouby pohybliv\u00e9 a voln\u00e9 a pom\u00e1h\u00e1 sni\u017eovat bolestivost p\u0159i kloubn\u00edch onemocn\u011bn\u00edch.<\/p>\n<p>Dopl\u0148kov\u00e9 krmivo pro psy.<\/p>\n<div class=\"off-canvas-wrapper\">\n<div class=\"off-canvas-content\" data-off-canvas-content=\"\">\n<div id=\"content\" class=\"single-product\">\n<div id=\"inner-content\">\n<div class=\"row product-description\">\n<div class=\"medium-12 columns\">\n<h4>Slo\u017een\u00ed:<\/h4>\n<p>sl\u00e1vka zeleno\u00fast\u00e1 (Perna canaliculus) extrakt 100%.<\/p>\n<h4>Analytick\u00e9 slo\u017eky:<\/h4>\n<p>hrub\u00e1 vl\u00e1knina 1,15 %, obsah tuku 1,89 %, hrub\u00fd protein 51,72 %, hrub\u00fd popel 13,60 %.<\/p>\n<h4>Krmn\u00fd n\u00e1vod:<\/h4>\n<p>p\u0159\u00edpravek se pod\u00e1v\u00e1 zam\u00edchan\u00fd do krmiva dle d\u00e1vkov\u00e1n\u00ed v krmn\u00e9 tabulce. Pro optim\u00e1ln\u00ed\u00a0efekt doporu\u010dujeme pod\u00e1vat dlouhodob\u011b.<\/p>\n<h4>D\u00e1vka:<\/h4>\n<p>na 10 kg psa: \u00bc l\u017ei\u010dky denn\u011b<\/p>\n<h4>Balen\u00ed:<\/h4>\n<p>180 g pro psa do 10 kg vydr\u017e\u00ed po dobu 4 m\u011bs\u00edc\u016f<\/p>\n<h4>Skladov\u00e1n\u00ed:<\/h4>\n<p>v suchu, temnu, v p\u016fvodn\u00edm uzav\u0159en\u00e9m obalu.<\/p>\n<h4>Krmn\u00e1 tabulka:<\/h4>\n<table class=\"table-feed\">\n<tbody>\n<tr>\n<th><\/th>\n<th>Denn\u00ed d\u00e1vka:<\/th>\n<\/tr>\n<tr>\n<td>Mal\u00e1 plemena a ko\u010dky (1-10kg)<\/td>\n<td>1\/4 l\u017ei\u010dky<\/td>\n<\/tr>\n<tr>\n<td>St\u0159edn\u00ed plemena (10-25 kg)<\/td>\n<td>1\/2 l\u017ei\u010dky<\/td>\n<\/tr>\n<tr>\n<td>Velk\u00e1 plemena (25-45kg)<\/td>\n<td>3\/4 l\u017ei\u010dky<\/td>\n<\/tr>\n<tr>\n<td>Ob\u0159\u00ed plemena (nad 45 kg)<\/td>\n<td>1 l\u017ei\u010dka<\/td>\n<\/tr>\n<\/tbody>\n<\/table>\n<\/div>\n<\/div>\n<\/div>\n<\/div>\n<\/div>\n<\/div>\n<\/div>\n<\/section>\n<\/article>\n<\/div>\n<\/div>\n<\/div>\n<\/div>\n<\/div>\n<\/div>\n<\/div>\n<\/div>\n<\/div>\n<\/div>\n<\/div>\n<\/div>\n<\/div>\n<\/div>\n","protected":false},"excerpt":{"rendered":"<p class=\"product-subtitle02\">Mlet\u00e1 Novoz\u00e9landsk\u00e1 sl\u00e1vka zeleno\u00fast\u00e1 (Perna canaliculus) pro zdrav\u00e9 klouby<\/p>\n<div class=\"off-canvas-wrapper\">\n<div class=\"off-canvas-content\" data-off-canvas-content=\"\">\n<div id=\"content\" class=\"single-product\">\n<div id=\"inner-content\">\n<div class=\"row product-data\" data-equalizer=\"6di0nf-equalizer\" data-resize=\"z9dddy-eq\" data-mutate=\"3ekwnz-eq\">\n<div class=\"medium-8 columns product-txt-container\" data-equalizer-watch=\"\">\n<article id=\"post-827\" class=\"post-827 product type-product status-publish has-post-thumbnail hentry\" role=\"article\">\n<section class=\"entry-content\">\n<div class=\"short-description\">\n<p>Extrakt Sl\u00e1vky zeleno\u00fast\u00e9 (Perna canaliculus), je p\u0159\u00edrodn\u00edm zdrojem chondroprotektiv.<\/p>\n<p>Sl\u00e1vka zeleno\u00fast\u00e1 poch\u00e1z\u00ed z\u00a0Nov\u00e9ho Z\u00e9landu a obsahuje glykosaminoglykany \u2013 l\u00e1tky p\u0159irozen\u011b se vyskytuj\u00edc\u00ed v kloubn\u00ed chrupavce a v synovi\u00e1ln\u00ed tekutin\u011b, kter\u00e9 v pohybov\u00e9m apar\u00e1tu zv\u00ed\u0159ete p\u016fsob\u00ed protiz\u00e1n\u011btliv\u011b. Novoz\u00e9landsk\u00e1 zelen\u00e1 mu\u0161le podporuje tvorbu a regeneraci chrupavky a kloubn\u00edho mazu, udr\u017euje klouby pohybliv\u00e9 a voln\u00e9 a pom\u00e1h\u00e1 sni\u017eovat bolestivost p\u0159i kloubn\u00edch onemocn\u011bn\u00edch.<\/p>\n<p>Dopl\u0148kov\u00e9 krmivo pro psy.<\/p>\n<\/div>\n<\/section>\n<\/article>\n<\/div>\n<\/div>\n<\/div>\n<\/div>\n<\/div>\n<\/div>\n","protected":false},"featured_media":557,"comment_status":"open","ping_status":"closed","template":"","meta":[],"_links":{"self":[{"href":"https:\/\/www.agrolex.cz\/index.php?rest_route=\/wp\/v2\/product\/556"}],"collection":[{"href":"https:\/\/www.agrolex.cz\/index.php?rest_route=\/wp\/v2\/product"}],"about":[{"href":"https:\/\/www.agrolex.cz\/index.php?rest_route=\/wp\/v2\/types\/product"}],"replies":[{"embeddable":true,"href":"https:\/\/www.agrolex.cz\/index.php?rest_route=%2Fwp%2Fv2%2Fcomments&post=556"}],"wp:featuredmedia":[{"embeddable":true,"href":"https:\/\/www.agrolex.cz\/index.php?rest_route=\/wp\/v2\/media\/557"}],"wp:attachment":[{"href":"https:\/\/www.agrolex.cz\/index.php?rest_route=%2Fwp%2Fv2%2Fmedia&parent=556"}],"curies":[{"name":"wp","href":"https:\/\/api.w.org\/{rel}","templated":true}]}}