{"id":558,"date":"2020-08-14T13:56:10","date_gmt":"2020-08-14T13:56:10","guid":{"rendered":"http:\/\/www.agrolex.cz\/?post_type=product&#038;p=558"},"modified":"2021-09-08T12:16:19","modified_gmt":"2021-09-08T12:16:19","slug":"canvit-barf-spirulina","status":"publish","type":"product","link":"https:\/\/www.agrolex.cz\/?product=canvit-barf-spirulina","title":{"rendered":"Canvit BARF Spirulina"},"content":{"rendered":"<div class=\"off-canvas-wrapper\">\n<div class=\"off-canvas-content\" data-off-canvas-content=\"\">\n<div id=\"content\" class=\"single-product\">\n<div id=\"inner-content\">\n<div class=\"row product-header\">\n<div class=\"medium-12 columns\">\n<div class=\"row\">\n<div class=\"medium-7 columns\">\n<p class=\"product-subtitle02\">Su\u0161en\u00e1 Spirulina platensis pro podporu vitality a imunitn\u00edch funkc\u00ed<\/p>\n<div class=\"off-canvas-wrapper\">\n<div class=\"off-canvas-content\" data-off-canvas-content=\"\">\n<div id=\"content\" class=\"single-product\">\n<div id=\"inner-content\">\n<div class=\"row product-data\" data-equalizer=\"tr5viw-equalizer\" data-resize=\"xnu7xq-eq\" data-mutate=\"9s1rkc-eq\">\n<div class=\"medium-8 columns product-txt-container\" data-equalizer-watch=\"\">\n<article id=\"post-833\" class=\"post-833 product type-product status-publish has-post-thumbnail hentry\" role=\"article\">\n<section class=\"entry-content\">\n<div class=\"short-description\">\n<p>P\u0159\u00edrodn\u00ed zdroj aminokyselin, beta-karotenu, vitam\u00edn\u016f skupiny B, D, E a K, miner\u00e1ln\u00edch l\u00e1tek.<\/p>\n<p>Spirulina je p\u0159irozen\u00fdm p\u0159\u00edrodn\u00edm zdrojem b\u00edlkovin (60-70%). Jedn\u00e1 se o komplexn\u00ed protein obsahuj\u00edc\u00ed ve\u0161ker\u00e9 nepostradateln\u00e9 aminokyseliny. D\u00e1le obsahuje vitam\u00edny skupiny B, D, E a K, miner\u00e1ln\u00ed l\u00e1tky a \u017eelezo. Je skv\u011bl\u00fdm zdrojem koncentrovan\u00fdch a lehce vst\u0159ebateln\u00fdch \u017eivin, proto se \u0159ad\u00ed mezi tzv. superfoods. M\u00e1 pozitivn\u00ed vliv na vitalitu, celkov\u00e9 fungov\u00e1n\u00ed organismu a jeho obranyschopnost. Je vhodn\u00fdm dopl\u0148kem pro BARF zejm\u00e9na pro psy v z\u00e1t\u011b\u017ei \u010di v obdob\u00ed stresu.<\/p>\n<p>Dopl\u0148kov\u00e9 krmivo pro psy.<\/p>\n<div class=\"off-canvas-wrapper\">\n<div class=\"off-canvas-content\" data-off-canvas-content=\"\">\n<div id=\"content\" class=\"single-product\">\n<div id=\"inner-content\">\n<div class=\"row product-description\">\n<div class=\"medium-12 columns\">\n<h4>Slo\u017een\u00ed:<\/h4>\n<p>100 % Spirulina Platensis.<\/p>\n<h4>Analytick\u00e9 slo\u017eky:<\/h4>\n<p>hrub\u00fd protein 67,98 %, hrub\u00e1 vl\u00e1knina 12,25 %, obsah tuku 5,62 %, hrub\u00fd popel 8,39 %.<\/p>\n<h4>Krmn\u00fd n\u00e1vod:<\/h4>\n<p>Pod\u00e1v\u00e1 se zam\u00edchan\u00e1 do krmiva dle doporu\u010den\u00e9ho d\u00e1vkov\u00e1n\u00ed jako vhodn\u00fd dopln\u011bk k\u00a0BARF strav\u011b. P\u0159i pou\u017eit\u00ed u v\u00fdstavn\u00edch jedinc\u016f s b\u00edle zbarvenou srst\u00ed m\u016f\u017ee doj\u00edt k ne\u017e\u00e1douc\u00edmu zabarven\u00ed.<\/p>\n<h4>D\u00e1vka:<\/h4>\n<p>na 10 kg psa: \u00bc l\u017ei\u010dky denn\u011b<\/p>\n<h4>Skladov\u00e1n\u00ed:<\/h4>\n<p>v suchu, temnu, v p\u016fvodn\u00edm uzav\u0159en\u00e9m obalu.<\/p>\n<h4>Krmn\u00e1 tabulka:<\/h4>\n<table class=\"table-feed\">\n<tbody>\n<tr>\n<th><\/th>\n<th>Denn\u00ed d\u00e1vka:<\/th>\n<\/tr>\n<tr>\n<td>Mal\u00e1 plemena a ko\u010dky (1-10kg)<\/td>\n<td>1\/4 l\u017ei\u010dky<\/td>\n<\/tr>\n<tr>\n<td>St\u0159edn\u00ed plemena (10-25 kg)<\/td>\n<td>1\/2 l\u017ei\u010dky<\/td>\n<\/tr>\n<tr>\n<td>Velk\u00e1 plemena (25-45kg)<\/td>\n<td>3\/4 l\u017ei\u010dky<\/td>\n<\/tr>\n<tr>\n<td>Ob\u0159\u00ed plemena (nad 45 kg)<\/td>\n<td>1 l\u017ei\u010dka<\/td>\n<\/tr>\n<\/tbody>\n<\/table>\n<\/div>\n<\/div>\n<\/div>\n<\/div>\n<\/div>\n<\/div>\n<\/div>\n<\/section>\n<\/article>\n<\/div>\n<\/div>\n<\/div>\n<\/div>\n<\/div>\n<\/div>\n<\/div>\n<\/div>\n<\/div>\n<\/div>\n<\/div>\n<\/div>\n<\/div>\n<\/div>\n","protected":false},"excerpt":{"rendered":"<p class=\"product-subtitle02\">Su\u0161en\u00e1 Spirulina platensis pro podporu vitality a imunitn\u00edch funkc\u00ed<\/p>\n<div class=\"off-canvas-wrapper\">\n<div class=\"off-canvas-content\" data-off-canvas-content=\"\">\n<div id=\"content\" class=\"single-product\">\n<div id=\"inner-content\">\n<div class=\"row product-data\" data-equalizer=\"tr5viw-equalizer\" data-resize=\"xnu7xq-eq\" data-mutate=\"9s1rkc-eq\">\n<div class=\"medium-8 columns product-txt-container\" data-equalizer-watch=\"\">\n<article id=\"post-833\" class=\"post-833 product type-product status-publish has-post-thumbnail hentry\" role=\"article\">\n<section class=\"entry-content\">\n<div class=\"short-description\">\n<p>P\u0159\u00edrodn\u00ed zdroj aminokyselin, beta-karotenu, vitam\u00edn\u016f skupiny B, D, E a K, miner\u00e1ln\u00edch l\u00e1tek.<\/p>\n<p>Spirulina je p\u0159irozen\u00fdm p\u0159\u00edrodn\u00edm zdrojem b\u00edlkovin (60-70%). Jedn\u00e1 se o komplexn\u00ed protein obsahuj\u00edc\u00ed ve\u0161ker\u00e9 nepostradateln\u00e9 aminokyseliny. D\u00e1le obsahuje vitam\u00edny skupiny B, D, E a K, miner\u00e1ln\u00ed l\u00e1tky a \u017eelezo. Je skv\u011bl\u00fdm zdrojem koncentrovan\u00fdch a lehce vst\u0159ebateln\u00fdch \u017eivin, proto se \u0159ad\u00ed mezi tzv. superfoods. M\u00e1 pozitivn\u00ed vliv na vitalitu, celkov\u00e9 fungov\u00e1n\u00ed organismu a jeho obranyschopnost. Je vhodn\u00fdm dopl\u0148kem pro BARF zejm\u00e9na pro psy v z\u00e1t\u011b\u017ei \u010di v obdob\u00ed stresu.<\/p>\n<p>Dopl\u0148kov\u00e9 krmivo pro psy.<\/p>\n<\/div>\n<\/section>\n<\/article>\n<\/div>\n<\/div>\n<\/div>\n<\/div>\n<\/div>\n<\/div>\n","protected":false},"featured_media":559,"comment_status":"open","ping_status":"closed","template":"","meta":[],"_links":{"self":[{"href":"https:\/\/www.agrolex.cz\/index.php?rest_route=\/wp\/v2\/product\/558"}],"collection":[{"href":"https:\/\/www.agrolex.cz\/index.php?rest_route=\/wp\/v2\/product"}],"about":[{"href":"https:\/\/www.agrolex.cz\/index.php?rest_route=\/wp\/v2\/types\/product"}],"replies":[{"embeddable":true,"href":"https:\/\/www.agrolex.cz\/index.php?rest_route=%2Fwp%2Fv2%2Fcomments&post=558"}],"wp:featuredmedia":[{"embeddable":true,"href":"https:\/\/www.agrolex.cz\/index.php?rest_route=\/wp\/v2\/media\/559"}],"wp:attachment":[{"href":"https:\/\/www.agrolex.cz\/index.php?rest_route=%2Fwp%2Fv2%2Fmedia&parent=558"}],"curies":[{"name":"wp","href":"https:\/\/api.w.org\/{rel}","templated":true}]}}