{"id":565,"date":"2020-08-14T15:01:10","date_gmt":"2020-08-14T15:01:10","guid":{"rendered":"http:\/\/www.agrolex.cz\/?post_type=product&#038;p=565"},"modified":"2021-09-08T12:20:08","modified_gmt":"2021-09-08T12:20:08","slug":"canvit-barf-yucca-schidigera","status":"publish","type":"product","link":"https:\/\/www.agrolex.cz\/?product=canvit-barf-yucca-schidigera","title":{"rendered":"Canvit BARF Yucca Schidigera"},"content":{"rendered":"<div class=\"off-canvas-wrapper\">\n<div class=\"off-canvas-content\" data-off-canvas-content=\"\">\n<div id=\"content\" class=\"single-product\">\n<div id=\"inner-content\">\n<div class=\"row product-header\">\n<div class=\"medium-12 columns\">\n<div class=\"row\">\n<div class=\"medium-7 columns\">\n<p class=\"product-subtitle02\">Su\u0161en\u00fd ko\u0159en Yucca Schidigera pro podporu tr\u00e1ven\u00ed a detoxifikaci organismu<\/p>\n<div class=\"off-canvas-wrapper\">\n<div class=\"off-canvas-content\" data-off-canvas-content=\"\">\n<div id=\"content\" class=\"single-product\">\n<div id=\"inner-content\">\n<div class=\"row product-data\" data-equalizer=\"3l2pmr-equalizer\" data-resize=\"xdm5z0-eq\" data-mutate=\"z1fnin-eq\">\n<div class=\"medium-8 columns product-txt-container\" data-equalizer-watch=\"\">\n<article id=\"post-839\" class=\"post-839 product type-product status-publish has-post-thumbnail hentry\" role=\"article\">\n<section class=\"entry-content\">\n<div class=\"short-description\">\n<p>P\u0159\u00edrodn\u00ed zdroj enzym\u016f, antioxidant\u016f, podporuje metabolismus.<\/p>\n<p>Yucca Schidigera je pou\u0161tn\u00ed bylina s vysok\u00fdm obsahem saponin\u016f, kter\u00e9 v organismu p\u016fsob\u00ed jako \u00fa\u010dinn\u00fd detoxika\u010dn\u00ed prost\u0159edek. Extrakt z Yuccy lze pou\u017e\u00edt p\u0159i pot\u00ed\u017e\u00edch tr\u00e1vic\u00edho traktu, zlep\u0161uje p\u0159\u00edjem krmiva, funkci jater a ledvin a celkov\u011b detoxikuje organismus.<\/p>\n<p>U\u017e\u00edv\u00e1n\u00ed Yuccy m\u00e1 vliv na funkci \u017elu\u010dn\u00edku a slinivky b\u0159i\u0161n\u00ed, br\u00e1n\u00ed rozvoji infekc\u00ed a urychluje hojen\u00ed ran. Yucca m\u00e1 pozitivn\u00ed vliv na tr\u00e1ven\u00ed a p\u0159i pravideln\u00e9m u\u017e\u00edv\u00e1n\u00ed sni\u017euje z\u00e1pach v\u00fdkal\u016f.<\/p>\n<p>Dopl\u0148kov\u00e9 krmivo pro psy.<\/p>\n<div class=\"off-canvas-wrapper\">\n<div class=\"off-canvas-content\" data-off-canvas-content=\"\">\n<div id=\"content\" class=\"single-product\">\n<div id=\"inner-content\">\n<div class=\"row product-description\">\n<div class=\"medium-12 columns\">\n<h4>Slo\u017een\u00ed:<\/h4>\n<p>Yucca Shidigera 100 % extrakt.<\/p>\n<h4>Analytick\u00e9 slo\u017eky:<\/h4>\n<p>hrub\u00e1 vl\u00e1knina 33,18 %, obsah tuku 1,49 %, hrub\u00fd protein 1,89 %, hrub\u00fd popel 8,60 %.<\/p>\n<h4>Krmn\u00fd n\u00e1vod:<\/h4>\n<p>Pod\u00e1v\u00e1 se zam\u00edchan\u00e1 do krmiva dle doporu\u010den\u00e9ho d\u00e1vkov\u00e1n\u00ed jako vhodn\u00fd dopln\u011bk k\u00a0BARF strav\u011b. Pro lep\u0161\u00ed \u00fa\u010dinek je vhodn\u00e9 d\u00e1vku rozd\u011blit do 2-3 men\u0161\u00edch d\u00e1vek a pod\u00e1vat v pr\u016fb\u011bhu dne.<\/p>\n<h4>D\u00e1vkov\u00e1n\u00ed:<\/h4>\n<p>na 10 kg psa: \u00bc l\u017ei\u010dky denn\u011b<\/p>\n<h4>Balen\u00ed:<\/h4>\n<p>160 g pro psa do 10 kg vydr\u017e\u00ed po dobu 5 m\u011bs\u00edc\u016f<\/p>\n<h4>Skladov\u00e1n\u00ed:<\/h4>\n<p>v suchu, temnu, v p\u016fvodn\u00edm uzav\u0159en\u00e9m obalu.<\/p>\n<h4>Krmn\u00e1 tabulka:<\/h4>\n<table class=\"table-feed\">\n<tbody>\n<tr>\n<th><\/th>\n<th>Denn\u00ed d\u00e1vka:<\/th>\n<\/tr>\n<tr>\n<td>Mal\u00e1 plemena a ko\u010dky (1-10kg)<\/td>\n<td>1\/4 l\u017ei\u010dky<\/td>\n<\/tr>\n<tr>\n<td>St\u0159edn\u00ed plemena (10-25 kg)<\/td>\n<td>1\/2 l\u017ei\u010dky<\/td>\n<\/tr>\n<tr>\n<td>Velk\u00e1 plemena (25-45kg)<\/td>\n<td>3\/4 l\u017ei\u010dky<\/td>\n<\/tr>\n<tr>\n<td>Ob\u0159\u00ed plemena (nad 45 kg)<\/td>\n<td>1 l\u017ei\u010dka<\/td>\n<\/tr>\n<\/tbody>\n<\/table>\n<\/div>\n<\/div>\n<\/div>\n<\/div>\n<\/div>\n<\/div>\n<\/div>\n<\/section>\n<\/article>\n<\/div>\n<\/div>\n<\/div>\n<\/div>\n<\/div>\n<\/div>\n<\/div>\n<\/div>\n<\/div>\n<\/div>\n<\/div>\n<\/div>\n<\/div>\n<\/div>\n","protected":false},"excerpt":{"rendered":"<p class=\"product-subtitle02\">Su\u0161en\u00fd ko\u0159en Yucca Schidigera pro podporu tr\u00e1ven\u00ed a detoxifikaci organismu<\/p>\n<div class=\"off-canvas-wrapper\">\n<div class=\"off-canvas-content\" data-off-canvas-content=\"\">\n<div id=\"content\" class=\"single-product\">\n<div id=\"inner-content\">\n<div class=\"row product-data\" data-equalizer=\"3l2pmr-equalizer\" data-resize=\"xdm5z0-eq\" data-mutate=\"z1fnin-eq\">\n<div class=\"medium-8 columns product-txt-container\" data-equalizer-watch=\"\">\n<article id=\"post-839\" class=\"post-839 product type-product status-publish has-post-thumbnail hentry\" role=\"article\">\n<section class=\"entry-content\">\n<div class=\"short-description\">\n<p>P\u0159\u00edrodn\u00ed zdroj enzym\u016f, antioxidant\u016f, podporuje metabolismus.<\/p>\n<p>Yucca Schidigera je pou\u0161tn\u00ed bylina s vysok\u00fdm obsahem saponin\u016f, kter\u00e9 v organismu p\u016fsob\u00ed jako \u00fa\u010dinn\u00fd detoxika\u010dn\u00ed prost\u0159edek. Extrakt z Yuccy lze pou\u017e\u00edt p\u0159i pot\u00ed\u017e\u00edch tr\u00e1vic\u00edho traktu, zlep\u0161uje p\u0159\u00edjem krmiva, funkci jater a ledvin a celkov\u011b detoxikuje organismus.<\/p>\n<p>U\u017e\u00edv\u00e1n\u00ed Yuccy m\u00e1 vliv na funkci \u017elu\u010dn\u00edku a slinivky b\u0159i\u0161n\u00ed, br\u00e1n\u00ed rozvoji infekc\u00ed a urychluje hojen\u00ed ran. Yucca m\u00e1 pozitivn\u00ed vliv na tr\u00e1ven\u00ed a p\u0159i pravideln\u00e9m u\u017e\u00edv\u00e1n\u00ed sni\u017euje z\u00e1pach v\u00fdkal\u016f.<\/p>\n<p>Dopl\u0148kov\u00e9 krmivo pro psy.<\/p>\n<\/div>\n<\/section>\n<\/article>\n<\/div>\n<\/div>\n<\/div>\n<\/div>\n<\/div>\n<\/div>\n","protected":false},"featured_media":566,"comment_status":"open","ping_status":"closed","template":"","meta":[],"_links":{"self":[{"href":"https:\/\/www.agrolex.cz\/index.php?rest_route=\/wp\/v2\/product\/565"}],"collection":[{"href":"https:\/\/www.agrolex.cz\/index.php?rest_route=\/wp\/v2\/product"}],"about":[{"href":"https:\/\/www.agrolex.cz\/index.php?rest_route=\/wp\/v2\/types\/product"}],"replies":[{"embeddable":true,"href":"https:\/\/www.agrolex.cz\/index.php?rest_route=%2Fwp%2Fv2%2Fcomments&post=565"}],"wp:featuredmedia":[{"embeddable":true,"href":"https:\/\/www.agrolex.cz\/index.php?rest_route=\/wp\/v2\/media\/566"}],"wp:attachment":[{"href":"https:\/\/www.agrolex.cz\/index.php?rest_route=%2Fwp%2Fv2%2Fmedia&parent=565"}],"curies":[{"name":"wp","href":"https:\/\/api.w.org\/{rel}","templated":true}]}}