{"id":579,"date":"2020-08-16T21:44:47","date_gmt":"2020-08-16T21:44:47","guid":{"rendered":"http:\/\/www.agrolex.cz\/?post_type=product&#038;p=579"},"modified":"2021-09-08T12:17:04","modified_gmt":"2021-09-08T12:17:04","slug":"canvit-barf-evening-primrose-oil","status":"publish","type":"product","link":"https:\/\/www.agrolex.cz\/?product=canvit-barf-evening-primrose-oil","title":{"rendered":"Canvit BARF Evening Primrose Oil"},"content":{"rendered":"<div class=\"off-canvas-wrapper\">\n<div class=\"off-canvas-content\" data-off-canvas-content=\"\">\n<div id=\"content\" class=\"single-product\">\n<div id=\"inner-content\">\n<div class=\"row product-header\">\n<div class=\"medium-12 columns\">\n<div class=\"row\">\n<div class=\"medium-7 columns\">\n<p class=\"product-subtitle02\">Pupalkov\u00fd olej pro potla\u010den\u00ed sv\u011bdivosti a alergie k\u016f\u017ee<\/p>\n<div class=\"off-canvas-wrapper\">\n<div class=\"off-canvas-content\" data-off-canvas-content=\"\">\n<div id=\"content\" class=\"single-product\">\n<div id=\"inner-content\">\n<div class=\"row product-data\" data-equalizer=\"y1p86m-equalizer\" data-resize=\"igqp78-eq\" data-mutate=\"y1d9bq-eq\">\n<div class=\"medium-8 columns product-txt-container\" data-equalizer-watch=\"\">\n<article id=\"post-802\" class=\"post-802 product type-product status-publish has-post-thumbnail hentry\" role=\"article\">\n<section class=\"entry-content\">\n<div class=\"short-description\">\n<p>P\u0159\u00edrodn\u00ed zdroj esenci\u00e1ln\u00edch mastn\u00fdch kyselin, zejm\u00e9na kyseliny linolov\u00e9 a gamma linolenov\u00e9. Pupalkov\u00fd olej je vhodn\u00fd a bohat\u00fd zdroj esenci\u00e1ln\u00edch mastn\u00fdch kyselin zejm\u00e9na kyselina gamma linolenov\u00e9 (GLA).<\/p>\n<p>Regeneruje poko\u017eku, m\u00e1 protiz\u00e1n\u011btliv\u00e9 vlastnosti. Prosp\u00edv\u00e1 p\u0159i \u0159e\u0161en\u00ed ko\u017en\u00edch probl\u00e9m\u016f a probl\u00e9m\u016f se srst\u00ed jako sv\u011bd\u011bn\u00ed, z\u00e1n\u011bty, ekz\u00e9m, l\u00e1mavost, nadm\u011brn\u00e9 vypad\u00e1v\u00e1n\u00ed, mastn\u00e1 srst apod.<\/p>\n<p>Dopl\u0148kov\u00e9 krmivo pro psy.<\/p>\n<div class=\"off-canvas-wrapper\">\n<div class=\"off-canvas-content\" data-off-canvas-content=\"\">\n<div id=\"content\" class=\"single-product\">\n<div id=\"inner-content\">\n<div class=\"row product-description\">\n<div class=\"medium-12 columns\">\n<h4>Slo\u017een\u00ed:<\/h4>\n<p>Pupalkov\u00fd olej 100%. (\u01b3 \u2013 linolenov\u00e1 kyselina 9 %, linolov\u00e1 kyselina 71 %, olejov\u00e1 kyselina 9 %, palmitov\u00e1 kyselina 7 %, stearov\u00e1 kyselina 3 %, ostatn\u00ed kyseliny do 1 %).<\/p>\n<h4>Krmn\u00fd n\u00e1vod:<\/h4>\n<p>olej se pod\u00e1v\u00e1 zam\u00edchan\u00fd do krmiva v\u00a0doporu\u010den\u00e9 denn\u00ed d\u00e1vce uveden\u00e9 v tabulce.<\/p>\n<h4>D\u00e1vkov\u00e1n\u00ed:<\/h4>\n<p>na 10 kg psa: 5 ml denn\u011b<\/p>\n<h4>Balen\u00ed:<\/h4>\n<p>100 ml pro psa do 10 kg vydr\u017e\u00ed po dobu 20 dn\u016f<\/p>\n<h4>Skladov\u00e1n\u00ed:<\/h4>\n<p>v suchu, temnu, v p\u016fvodn\u00edm uzav\u0159en\u00e9m obalu.<\/p>\n<h4>Krmn\u00e1 tabulka:<\/h4>\n<table class=\"table-feed\">\n<tbody>\n<tr>\n<th><\/th>\n<th>Denn\u00ed d\u00e1vka:<\/th>\n<\/tr>\n<tr>\n<td>Mal\u00e1 plemena a ko\u010dky (1-10kg)<\/td>\n<td>5 ml<\/td>\n<\/tr>\n<tr>\n<td>St\u0159edn\u00ed plemena (10-25 kg)<\/td>\n<td>10 ml<\/td>\n<\/tr>\n<tr>\n<td>Velk\u00e1 plemena (25-45kg)<\/td>\n<td>15 ml<\/td>\n<\/tr>\n<tr>\n<td>Ob\u0159\u00ed plemena (nad 45 kg)<\/td>\n<td>20 ml<\/td>\n<\/tr>\n<\/tbody>\n<\/table>\n<\/div>\n<\/div>\n<\/div>\n<\/div>\n<\/div>\n<\/div>\n<\/div>\n<\/section>\n<\/article>\n<\/div>\n<\/div>\n<\/div>\n<\/div>\n<\/div>\n<\/div>\n<\/div>\n<\/div>\n<\/div>\n<\/div>\n<\/div>\n<\/div>\n<\/div>\n<\/div>\n","protected":false},"excerpt":{"rendered":"<p class=\"product-subtitle02\">Pupalkov\u00fd olej pro potla\u010den\u00ed sv\u011bdivosti a alergie k\u016f\u017ee<\/p>\n<div class=\"off-canvas-wrapper\">\n<div class=\"off-canvas-content\" data-off-canvas-content=\"\">\n<div id=\"content\" class=\"single-product\">\n<div id=\"inner-content\">\n<div class=\"row product-data\" data-equalizer=\"y1p86m-equalizer\" data-resize=\"igqp78-eq\" data-mutate=\"y1d9bq-eq\">\n<div class=\"medium-8 columns product-txt-container\" data-equalizer-watch=\"\">\n<article id=\"post-802\" class=\"post-802 product type-product status-publish has-post-thumbnail hentry\" role=\"article\">\n<section class=\"entry-content\">\n<div class=\"short-description\">\n<p>P\u0159\u00edrodn\u00ed zdroj esenci\u00e1ln\u00edch mastn\u00fdch kyselin, zejm\u00e9na kyseliny linolov\u00e9 a gamma linolenov\u00e9. Pupalkov\u00fd olej je vhodn\u00fd a bohat\u00fd zdroj esenci\u00e1ln\u00edch mastn\u00fdch kyselin zejm\u00e9na kyselina gamma linolenov\u00e9 (GLA).<\/p>\n<p>Regeneruje poko\u017eku, m\u00e1 protiz\u00e1n\u011btliv\u00e9 vlastnosti. Prosp\u00edv\u00e1 p\u0159i \u0159e\u0161en\u00ed ko\u017en\u00edch probl\u00e9m\u016f a probl\u00e9m\u016f se srst\u00ed jako sv\u011bd\u011bn\u00ed, z\u00e1n\u011bty, ekz\u00e9m, l\u00e1mavost, nadm\u011brn\u00e9 vypad\u00e1v\u00e1n\u00ed, mastn\u00e1 srst apod.<\/p>\n<p>Dopl\u0148kov\u00e9 krmivo pro psy.<\/p>\n<\/div>\n<\/section>\n<\/article>\n<\/div>\n<\/div>\n<\/div>\n<\/div>\n<\/div>\n<\/div>\n","protected":false},"featured_media":580,"comment_status":"open","ping_status":"closed","template":"","meta":[],"_links":{"self":[{"href":"https:\/\/www.agrolex.cz\/index.php?rest_route=\/wp\/v2\/product\/579"}],"collection":[{"href":"https:\/\/www.agrolex.cz\/index.php?rest_route=\/wp\/v2\/product"}],"about":[{"href":"https:\/\/www.agrolex.cz\/index.php?rest_route=\/wp\/v2\/types\/product"}],"replies":[{"embeddable":true,"href":"https:\/\/www.agrolex.cz\/index.php?rest_route=%2Fwp%2Fv2%2Fcomments&post=579"}],"wp:featuredmedia":[{"embeddable":true,"href":"https:\/\/www.agrolex.cz\/index.php?rest_route=\/wp\/v2\/media\/580"}],"wp:attachment":[{"href":"https:\/\/www.agrolex.cz\/index.php?rest_route=%2Fwp%2Fv2%2Fmedia&parent=579"}],"curies":[{"name":"wp","href":"https:\/\/api.w.org\/{rel}","templated":true}]}}