{"id":639,"date":"2020-09-12T17:12:05","date_gmt":"2020-09-12T17:12:05","guid":{"rendered":"http:\/\/www.agrolex.cz\/?post_type=product&#038;p=639"},"modified":"2022-10-19T11:07:57","modified_gmt":"2022-10-19T11:07:57","slug":"doplnkova-granulovana-krmna-smes-pro-sparkatou-zver-zimni-top","status":"publish","type":"product","link":"https:\/\/www.agrolex.cz\/?product=doplnkova-granulovana-krmna-smes-pro-sparkatou-zver-zimni-top","title":{"rendered":"Dopl\u0148kov\u00e1 granulovan\u00e1 krmn\u00e1 sm\u011bs pro sp\u00e1rkatou zv\u011b\u0159 \u2013 zimn\u00ed TOP"},"content":{"rendered":"<p>Pro zv\u011b\u0159 srn\u010d\u00ed, jelen\u00ed, da\u0148\u010d\u00ed, p\u0159\u00edp. muflon\u00ed<\/p>\n<p>Sm\u011bsi jsou d\u016fle\u017eit\u00fdm dopl\u0148kem v\u00fd\u017eivy pro sp\u00e1rkatou zv\u011b\u0159, hlavn\u011b v obdob\u00ed v\u011bt\u0161\u00edho p\u0159\u00edjmu \u0159epky.<\/p>\n<p>Sv\u00fdm slo\u017een\u00edm napom\u00e1haj\u00ed toto obdob\u00ed p\u0159eklenout. Slou\u017e\u00ed k dopln\u011bn\u00ed objemn\u00fdch a energetick\u00fdch l\u00e1tek.\u00a0Dopl\u0148kov\u00e1 granulovan\u00e1 krmn\u00e1 sm\u011bs pro sp\u00e1rkatou zv\u011b\u0159 \u2013 zimn\u00ed TOP obsahuje p\u0159\u00eddavek miner\u00e1ln\u00edch l\u00e1tek a vitam\u00edn\u016f.<\/p>\n<p><strong>Zp\u016fsob pod\u00e1n\u00ed a d\u00e1vkov\u00e1n\u00ed:<\/strong><\/p>\n<p>Sm\u011bsi se p\u0159edkl\u00e1daj\u00ed do n\u00e1dob tam, kde zv\u011b\u0159 v tomto obdob\u00ed p\u0159ij\u00edm\u00e1 \u0159epku ve v\u011bt\u0161\u00edm mno\u017estv\u00ed.<\/p>\n<p><strong>Denn\u00ed d\u00e1vky:<\/strong> jelen\u00ed zv\u011b\u0159 600-900 g, da\u0148\u010d\u00ed zv\u011b\u0159 450-650 g, srn\u010d\u00ed zv\u011b\u0159 150-200 g.<\/p>\n<p>Krmiva jsou zv\u011b\u0159\u00ed ochotn\u011b p\u0159ij\u00edm\u00e1na, nejsou stanoveny ochrann\u00e9 lh\u016fty pro maso konzumaci zv\u011b\u0159iny.<\/p>\n","protected":false},"excerpt":{"rendered":"<p>Pro zv\u011b\u0159 srn\u010d\u00ed, jelen\u00ed, da\u0148\u010d\u00ed, p\u0159\u00edp. muflon\u00ed<\/p>\n<p>Sm\u011bsi jsou d\u016fle\u017eit\u00fdm dopl\u0148kem v\u00fd\u017eivy pro sp\u00e1rkatou zv\u011b\u0159, hlavn\u011b v obdob\u00ed v\u011bt\u0161\u00edho p\u0159\u00edjmu \u0159epky.<\/p>\n<p>Sv\u00fdm slo\u017een\u00edm napom\u00e1haj\u00ed toto obdob\u00ed p\u0159eklenout. Slou\u017e\u00ed k dopln\u011bn\u00ed objemn\u00fdch a energetick\u00fdch l\u00e1tek.\u00a0Dopl\u0148kov\u00e1 granulovan\u00e1 krmn\u00e1 sm\u011bs pro sp\u00e1rkatou zv\u011b\u0159 \u2013 zimn\u00ed TOP obsahuje p\u0159\u00eddavek miner\u00e1ln\u00edch l\u00e1tek a vitam\u00edn\u016f.<\/p>\n","protected":false},"featured_media":640,"comment_status":"open","ping_status":"closed","template":"","meta":[],"_links":{"self":[{"href":"https:\/\/www.agrolex.cz\/index.php?rest_route=\/wp\/v2\/product\/639"}],"collection":[{"href":"https:\/\/www.agrolex.cz\/index.php?rest_route=\/wp\/v2\/product"}],"about":[{"href":"https:\/\/www.agrolex.cz\/index.php?rest_route=\/wp\/v2\/types\/product"}],"replies":[{"embeddable":true,"href":"https:\/\/www.agrolex.cz\/index.php?rest_route=%2Fwp%2Fv2%2Fcomments&post=639"}],"wp:featuredmedia":[{"embeddable":true,"href":"https:\/\/www.agrolex.cz\/index.php?rest_route=\/wp\/v2\/media\/640"}],"wp:attachment":[{"href":"https:\/\/www.agrolex.cz\/index.php?rest_route=%2Fwp%2Fv2%2Fmedia&parent=639"}],"curies":[{"name":"wp","href":"https:\/\/api.w.org\/{rel}","templated":true}]}}