{"id":645,"date":"2020-09-12T17:39:28","date_gmt":"2020-09-12T17:39:28","guid":{"rendered":"http:\/\/www.agrolex.cz\/?post_type=product&#038;p=645"},"modified":"2026-03-26T13:53:31","modified_gmt":"2026-03-26T13:53:31","slug":"doplnkova-granulovana-krmna-smes-pro-mufloni-zver-v-obdobi-parozeni","status":"publish","type":"product","link":"https:\/\/www.agrolex.cz\/?product=doplnkova-granulovana-krmna-smes-pro-mufloni-zver-v-obdobi-parozeni","title":{"rendered":"Dopl\u0148kov\u00e1 granulovan\u00e1 krmn\u00e1 sm\u011bs pro muflony"},"content":{"rendered":"<p>D\u016fle\u017eit\u00fd dopln\u011bk v\u00fd\u017eivy pro muflony. Podporuje jejich zdravotn\u00ed stav a r\u016fst svaloviny a p\u0159isp\u00edv\u00e1 v\u00fdznamn\u011b ke zlep\u0161en\u00ed kvality ko\u017en\u00edch deriv\u00e1t\u016f. Je mo\u017en\u00e9 pod\u00e1vat celoro\u010dn\u011b.<\/p>\n<p><strong>Zp\u016fsob pod\u00e1n\u00ed:<\/strong><\/p>\n<p>Pod\u00e1v\u00e1 se spolu s objemn\u00fdm krmivem, nejl\u00e9pe senem.<\/p>\n<p><strong>Denn\u00ed d\u00e1vka:<\/strong><\/p>\n<p>Muflon\u00ed zv\u011b\u0159 300 &#8211; 400 g<\/p>\n<p><strong>Nepod\u00e1vat v jadrn\u00e9m ani melasov\u00e9m krmivu.<\/strong><br \/>\nKrmiva jsou zv\u011b\u0159\u00ed ochotn\u011b p\u0159ij\u00edm\u00e1na, nejsou stanoveny ochrann\u00e9 lh\u016fty pro konzumaci zv\u011b\u0159iny.<\/p>\n<p><strong>Balen\u00ed: 25 kg<\/strong><\/p>\n<p><strong>\u00da\u010dinky p\u016fsoben\u00ed:<\/strong><\/p>\n<ul>\n<li>podporuje zdravotn\u00ed stav a r\u016fst svaloviny<\/li>\n<li>optimalizace pom\u011bru v\u00e1pn\u00edku a fosforu, d\u00e1le obsahu sod\u00edku a ho\u0159\u010d\u00edku v ko\u017en\u00edch deriv\u00e1tech a kostech<\/li>\n<li>pozitivn\u00ed vliv na r\u016fst muflon\u00edch toulc\u016f (d\u00e9lky) p\u016fsoben\u00edm na jejich kostn\u00ed z\u00e1klad<\/li>\n<li>kladn\u00e9 p\u016fsoben\u00ed na miner\u00e1ln\u00ed metabolismus i u sami\u010d\u00ed zv\u011b\u0159e a ml\u00e1\u010fat, v\u010detn\u011b vitaminizace v jarn\u00edm obdob\u00ed<\/li>\n<\/ul>\n","protected":false},"excerpt":{"rendered":"<p>D\u016fle\u017eit\u00fd dopln\u011bk v\u00fd\u017eivy pro muflony. Podporuje jejich zdravotn\u00ed stav a r\u016fst svaloviny a p\u0159isp\u00edv\u00e1 v\u00fdznamn\u011b ke zlep\u0161en\u00ed kvality ko\u017en\u00edch deriv\u00e1t\u016f. Je mo\u017en\u00e9 pod\u00e1vat celoro\u010dn\u011b.<\/p>\n<p><strong>\u00da\u010dinky p\u016fsoben\u00ed:<\/strong><\/p>\n<ul>\n<li>podporuje zdravotn\u00ed stav a r\u016fst svaloviny<\/li>\n<li>optimalizace pom\u011bru v\u00e1pn\u00edku a fosforu, d\u00e1le obsahu sod\u00edku a ho\u0159\u010d\u00edku v ko\u017en\u00edch deriv\u00e1tech a kostech<\/li>\n<li>pozitivn\u00ed vliv na r\u016fst muflon\u00edch toulc\u016f (d\u00e9lky) p\u016fsoben\u00edm na jejich kostn\u00ed z\u00e1klad<\/li>\n<li>kladn\u00e9 p\u016fsoben\u00ed na miner\u00e1ln\u00ed metabolismus i u sami\u010d\u00ed zv\u011b\u0159e a ml\u00e1\u010fat, v\u010detn\u011b vitaminizace v jarn\u00edm obdob\u00ed<\/li>\n<li><\/li>\n<\/ul>\n","protected":false},"featured_media":640,"comment_status":"open","ping_status":"closed","template":"","meta":[],"_links":{"self":[{"href":"https:\/\/www.agrolex.cz\/index.php?rest_route=\/wp\/v2\/product\/645"}],"collection":[{"href":"https:\/\/www.agrolex.cz\/index.php?rest_route=\/wp\/v2\/product"}],"about":[{"href":"https:\/\/www.agrolex.cz\/index.php?rest_route=\/wp\/v2\/types\/product"}],"replies":[{"embeddable":true,"href":"https:\/\/www.agrolex.cz\/index.php?rest_route=%2Fwp%2Fv2%2Fcomments&post=645"}],"wp:featuredmedia":[{"embeddable":true,"href":"https:\/\/www.agrolex.cz\/index.php?rest_route=\/wp\/v2\/media\/640"}],"wp:attachment":[{"href":"https:\/\/www.agrolex.cz\/index.php?rest_route=%2Fwp%2Fv2%2Fmedia&parent=645"}],"curies":[{"name":"wp","href":"https:\/\/api.w.org\/{rel}","templated":true}]}}