{"id":646,"date":"2020-09-12T17:43:04","date_gmt":"2020-09-12T17:43:04","guid":{"rendered":"http:\/\/www.agrolex.cz\/?post_type=product&#038;p=646"},"modified":"2022-10-19T11:25:14","modified_gmt":"2022-10-19T11:25:14","slug":"doplnkova-krmna-smes-vmks-danci-mufloni-prip-srnci-zver","status":"publish","type":"product","link":"https:\/\/www.agrolex.cz\/?product=doplnkova-krmna-smes-vmks-danci-mufloni-prip-srnci-zver","title":{"rendered":"Dopl\u0148kov\u00e1 krmn\u00e1 sm\u011bs &#8211; VMKS &#8211; dan\u010d\u00ed, muflon\u00ed, p\u0159\u00edp. srn\u010d\u00ed zv\u011b\u0159"},"content":{"rendered":"<p>Pro zv\u011b\u0159 dan\u010d\u00ed, muflon\u00ed, p\u0159\u00edp. srn\u010d\u00ed<\/p>\n<p>Sm\u011bs obsahuje v optim\u00e1ln\u00edm pom\u011bru vitam\u00edny A, D, E, makro- a mikrominer\u00e1lie.<br \/>\nPod\u00e1v\u00e1 se v dob\u011b paro\u017een\u00ed po dobu 3 &#8211; 4 m\u011bs\u00edc\u016f, v m\u00e1lo \u00fa\u017eivn\u00fdch lokalit\u00e1ch i celoro\u010dn\u011b.<br \/>\nObohacuje krmnou d\u00e1vku o biologicky aktivn\u00ed l\u00e1tky.<\/p>\n<p><strong>Zp\u016fsob pod\u00e1n\u00ed a d\u00e1vkov\u00e1n\u00ed:<\/strong><br \/>\nPod\u00e1v\u00e1 se v jadrn\u00e9m nebo melasov\u00e9m krmivu.<\/p>\n<p><strong>Denn\u00ed d\u00e1vka:<\/strong> da\u0148\u010d\u00ed zv\u011b\u0159 100 g, srn\u010d\u00ed zv\u011b\u0159 30 g (2-4 t\u00fddny p\u0159ed p\u0159edpokl\u00e1dan\u00fdm shozem paroh\u016f a po celou dobu paro\u017een\u00ed, p\u0159\u00edp. celoro\u010dn\u011b), muflon\u00ed zv\u011b\u0159 50 g.<br \/>\nKrmiva jsou zv\u011b\u0159\u00ed ochotn\u011b p\u0159ij\u00edm\u00e1na, nejsou stanoveny ochrann\u00e9 lh\u016fty pro konzumaci zv\u011b\u0159iny.<\/p>\n<p><strong>Balen\u00ed:<\/strong> 20 kg<\/p>\n","protected":false},"excerpt":{"rendered":"<p>Pro zv\u011b\u0159 dan\u010d\u00ed, muflon\u00ed, p\u0159\u00edp. srn\u010d\u00ed<\/p>\n<p>Sm\u011bs obsahuje v optim\u00e1ln\u00edm pom\u011bru vitam\u00edny A, D, E, makro- a mikrominer\u00e1lie.<br \/>\nPod\u00e1v\u00e1 se v dob\u011b paro\u017een\u00ed po dobu 3 &#8211; 4 m\u011bs\u00edc\u016f, v m\u00e1lo \u00fa\u017eivn\u00fdch lokalit\u00e1ch i celoro\u010dn\u011b.<br \/>\nObohacuje krmnou d\u00e1vku o biologicky aktivn\u00ed l\u00e1tky.<\/p>\n","protected":false},"featured_media":640,"comment_status":"open","ping_status":"closed","template":"","meta":[],"_links":{"self":[{"href":"https:\/\/www.agrolex.cz\/index.php?rest_route=\/wp\/v2\/product\/646"}],"collection":[{"href":"https:\/\/www.agrolex.cz\/index.php?rest_route=\/wp\/v2\/product"}],"about":[{"href":"https:\/\/www.agrolex.cz\/index.php?rest_route=\/wp\/v2\/types\/product"}],"replies":[{"embeddable":true,"href":"https:\/\/www.agrolex.cz\/index.php?rest_route=%2Fwp%2Fv2%2Fcomments&post=646"}],"wp:featuredmedia":[{"embeddable":true,"href":"https:\/\/www.agrolex.cz\/index.php?rest_route=\/wp\/v2\/media\/640"}],"wp:attachment":[{"href":"https:\/\/www.agrolex.cz\/index.php?rest_route=%2Fwp%2Fv2%2Fmedia&parent=646"}],"curies":[{"name":"wp","href":"https:\/\/api.w.org\/{rel}","templated":true}]}}