{"id":705,"date":"2021-01-11T20:33:56","date_gmt":"2021-01-11T20:33:56","guid":{"rendered":"http:\/\/www.agrolex.cz\/?post_type=product&#038;p=705"},"modified":"2022-07-28T22:30:55","modified_gmt":"2022-07-28T22:30:55","slug":"vitamix-pk","status":"publish","type":"product","link":"https:\/\/www.agrolex.cz\/?product=vitamix-pk","title":{"rendered":"Vitamix PK"},"content":{"rendered":"<div class=\"all\">\n<div class=\"wrapper\">\n<div class=\"page clearfix\">\n<div class=\"container productDetail\">\n<div class=\"grid-line clearfix\">\n<div class=\"grid grid-70\">\n<div class=\"container\">\n<h3>Na podporu reprodukce<\/h3>\n<div class=\"all\">\n<div class=\"wrapper\">\n<div class=\"page clearfix\">\n<div class=\"container productDetail\">\n<div class=\"grid-line clearfix\">\n<div class=\"grid grid-70\">\n<div class=\"container productDetailSpecs\">\n<div class=\"grid-line no-margin clearfix\">\n<div class=\"grid toggleComp\">\n<div class=\"productDetailSpecsContent toggleBlock\">\n<ul>\n<li>Je vhodn\u00fd p\u0159i \u0161patn\u00e9m zab\u0159ez\u00e1v\u00e1n\u00ed a slab\u00fdch p\u0159\u00edznac\u00edch \u0159\u00edje<\/li>\n<li>Pozitivn\u011b p\u016fsob\u00ed na spermiogenezi a kvalitu spermatu<\/li>\n<li>K usnadn\u011bn\u00ed a urychlen\u00ed pr\u016fb\u011bhu porodu a bezprobl\u00e9mov\u00e9mu spu\u0161t\u011bn\u00ed ml\u00e9ka<\/li>\n<\/ul>\n<\/div>\n<\/div>\n<\/div>\n<\/div>\n<\/div>\n<\/div>\n<\/div>\n<\/div>\n<\/div>\n<\/div>\n<h4><\/h4>\n<h4>Probl\u00e9m<\/h4>\n<div>Nedostate\u010dn\u011b manifestuj\u00edc\u00ed \u0159\u00edje, zhor\u0161en\u00e9 zab\u0159ez\u00e1v\u00e1n\u00ed, t\u011b\u017e\u0161\u00ed pr\u016fb\u011bh porodu, poruchy spermiogeneze a \u0161patn\u00e1 kvalita\u00a0semene ovliv\u0148uj\u00ed reproduk\u010dn\u00ed ukazatele,\u00a0a t\u00edm celou ekonomiku chovu.<\/div>\n<h4><\/h4>\n<h4>Zp\u016fsob aplikace<\/h4>\n<div>P\u0159\u00edpravek se pod\u00e1v\u00e1 \u0159\u00e1dn\u011b zam\u00edchan\u00fd\u00a0do krmiva nebo se pod\u00e1v\u00e1 c\u00edlen\u011b\u00a0jednotliv\u00fdm zv\u00ed\u0159at\u016fm p\u0159\u00edmo do koryta.<\/div>\n<h4><\/h4>\n<h4>D\u00e1vkov\u00e1n\u00ed<\/h4>\n<p>Klisna pokud nezab\u0159ezne\u00a0 \u00a0 \u00a0 \u00a0 \u00a0 \u00a0 \u00a0 \u00a075g\/kus\/den\u00a0 (p\u0159i v\u00e1ze do 500 kg \u017e.hm.)<\/p>\n<p>Klisna pokud nezab\u0159ezne\u00a0 \u00a0 \u00a0 \u00a0 \u00a0 \u00a0 \u00a0 \u00a090 g\/kus\/den (p\u0159i v\u00e1ze nad 500 kg \u017e.hm.)<\/p>\n<p>H\u0159ebci p\u0159i zv\u00fd\u0161en\u00e9m vyu\u017eit\u00ed\u00a0 \u00a0 \u00a0 \u00a0 \u00a0 90 g\/kus\/den<\/p>\n<p>H\u0159ebci p\u0159i pr\u016fm\u011brn\u00e9m vyu\u017eit\u00ed\u00a0 \u00a0 \u00a0 \u00a070 g\/kus\/den<\/p>\n<p>Prasnice\u00a0 \u00a0 \u00a0 \u00a0 \u00a0 \u00a0 \u00a0 \u00a0 \u00a0 \u00a0 \u00a0 \u00a0 \u00a0 \u00a0 \u00a0 \u00a0 \u00a0 \u00a0 \u00a0 \u00a0 \u00a0 24 g\/ks\/den (po dobu 3-4 t\u00fddn\u016f)<\/p>\n<p>Prasnice pokud nezab\u0159ezne\u00a0 \u00a0 \u00a0 \u00a0 \u00a0 \u00a0 50 g\/kus\/den (dal\u0161\u00ed 3 t\u00fddny)<\/p>\n<p>Kanci p\u0159i pr\u016fm\u011brn\u00e9m vyu\u017eit\u00ed\u00a0 \u00a0 \u00a0 \u00a0 \u00a025-38 g\/kus\/den<\/p>\n<p>Kanci p\u0159i zv\u00fd\u0161en\u00e9m vyu\u017eit\u00ed\u00a0 \u00a0 \u00a0 \u00a0 \u00a0 \u00a060 g\/kus\/den<\/p>\n<p><em>Zarovnan\u00e1 pol\u00e9vkov\u00e1 l\u017e\u00edce \u2013 cca 15 g<\/em><\/p>\n<p>&nbsp;<\/p>\n<div class=\"all\">\n<div class=\"wrapper\">\n<div class=\"page clearfix\">\n<div class=\"container productDetail\">\n<div class=\"grid-line clearfix\">\n<div class=\"grid grid-70\">\n<div class=\"container\">\n<div class=\"all\">\n<div class=\"wrapper\">\n<div class=\"page clearfix\">\n<div class=\"container productDetail\">\n<div class=\"grid-line clearfix\">\n<div class=\"grid grid-70\">\n<div class=\"container\">\n<h4>Slo\u017een\u00ed v 1 kg:<\/h4>\n<div>vitamin A 1000000 m.j.,\u00a0vitamin D<sub>3<\/sub> 80000 m.j.,\u00a0vitamin E 4000 mg, biotin 60 mg, beta\u00a0&#8211; karoten 8000 mg, zinek 4000 mg\u00a0(z toho organick\u00e1 vazba 2000 mg),\u00a0kobalt 400 mg, mangan 2600 mg,\u00a0j\u00f3d 1200 mg.<\/div>\n<h4><\/h4>\n<p><strong>Balen\u00ed: <\/strong>pap\u00edrov\u00fd pytel 20 kg.<\/p>\n<p><strong>Doba pou\u017eitelnosti:<\/strong> 12 m\u011bs\u00edc\u016f od data v\u00fdroby.<\/p>\n<\/div>\n<\/div>\n<\/div>\n<\/div>\n<\/div>\n<\/div>\n<\/div>\n<\/div>\n<\/div>\n<\/div>\n<\/div>\n<\/div>\n<\/div>\n<\/div>\n<\/div>\n<\/div>\n<\/div>\n<\/div>\n<\/div>\n<\/div>\n<\/div>\n","protected":false},"excerpt":{"rendered":"<h3>Na podporu reprodukce<\/h3>\n<div class=\"all\">\n<div class=\"wrapper\">\n<div class=\"page clearfix\">\n<div class=\"container productDetail\">\n<div class=\"grid-line clearfix\">\n<div class=\"grid grid-70\">\n<div class=\"container productDetailSpecs\">\n<div class=\"grid-line no-margin clearfix\">\n<div class=\"grid toggleComp\">\n<div class=\"productDetailSpecsContent toggleBlock\">\n<ul>\n<li>Zlep\u0161uje zab\u0159ez\u00e1v\u00e1n\u00ed a p\u0159\u00edznaky \u0159\u00edje<\/li>\n<li>Zlep\u0161uje spermiogenezi a kvalitu spermatu<\/li>\n<li>Urychluj\u00ed pr\u016fb\u011bh porodu<\/li>\n<li>Napom\u00e1h\u00e1 bezprobl\u00e9mov\u00e9mu spu\u0161t\u011bn\u00ed ml\u00e9ka<\/li>\n<\/ul>\n<p>&nbsp;<\/p>\n<\/div>\n<\/div>\n<\/div>\n<\/div>\n<\/div>\n<\/div>\n<\/div>\n<\/div>\n<\/div>\n<\/div>\n","protected":false},"featured_media":785,"comment_status":"open","ping_status":"closed","template":"","meta":[],"_links":{"self":[{"href":"https:\/\/www.agrolex.cz\/index.php?rest_route=\/wp\/v2\/product\/705"}],"collection":[{"href":"https:\/\/www.agrolex.cz\/index.php?rest_route=\/wp\/v2\/product"}],"about":[{"href":"https:\/\/www.agrolex.cz\/index.php?rest_route=\/wp\/v2\/types\/product"}],"replies":[{"embeddable":true,"href":"https:\/\/www.agrolex.cz\/index.php?rest_route=%2Fwp%2Fv2%2Fcomments&post=705"}],"wp:featuredmedia":[{"embeddable":true,"href":"https:\/\/www.agrolex.cz\/index.php?rest_route=\/wp\/v2\/media\/785"}],"wp:attachment":[{"href":"https:\/\/www.agrolex.cz\/index.php?rest_route=%2Fwp%2Fv2%2Fmedia&parent=705"}],"curies":[{"name":"wp","href":"https:\/\/api.w.org\/{rel}","templated":true}]}}